{"id":9,"date":"2012-06-28T15:37:27","date_gmt":"2012-06-28T15:37:27","guid":{"rendered":"https:\/\/www.ptmyk.pl\/?page_id=9"},"modified":"2026-03-18T16:20:56","modified_gmt":"2026-03-18T15:20:56","slug":"dokumenty","status":"publish","type":"page","link":"https:\/\/www.ptmyk.pl\/?page_id=9","title":{"rendered":"Dokumenty"},"content":{"rendered":"<p>1) <a href=\"https:\/\/www.ptmyk.pl\/?page_id=44 \">Deklaracja cz\u0142onkowska<\/a><\/p>\n<p>2) <a href=\"https:\/\/www.ptmyk.pl\/?page_id=401\">Protoko\u0142y<\/a><\/p>\n<p>3) <a href=\"https:\/\/www.ptmyk.pl\/?page_id=446\">Sprawozdania<\/a><\/p>\n<p>4) <a href=\"https:\/\/www.ptmyk.pl\/?page_id=39\">Statut<\/a><\/p>\n<p>5) <a href=\"https:\/\/www.ptmyk.pl\/?page_id=42\">Uchwa\u0142y<\/a><\/p>\n<p>6)\u00a0Wniosek o patronat Polskiego Towarzystwa Mykologicznego [<a href=\"https:\/\/www.ptmyk.pl\/wp-content\/uploads\/2013\/03\/wniosek-o-patronat-PTMyk.docx\" target=\"_blank\">pobierz plik docx<\/a>]<\/p>\n<p>7) Formularz do utworzenia podstrony [<a href=\"https:\/\/www.ptmyk.pl\/wp-content\/uploads\/2012\/06\/formularz_na_strone.docx\" target=\"_blank\">pobierz formularz<\/a>]<\/p>\n\n\n<p><strong>Informacja o sk\u0142adkach Cz\u0142onkowskich:<\/strong><\/p>\n\n\n\n<p>Szanowni Pa\u0144stwo,<br>Informujemy, \u017ce uda\u0142o si\u0119 za\u0142o\u017cy\u0107 konto bankowe PTMyk, co umo\u017cliwia nam rozpocz\u0119cie zbierania sk\u0142adek cz\u0142onkowskich oraz wpisowego. Przypominamy, \u017ce zgodnie z uchwa\u0142\u0105 3_17\/11\/2012 uczestnicy Walnego Zgromadzenia PTMyk na spotkaniu w dn. 17 listopada 2012 roku w Warszawie uchwalili wysoko\u015b\u0107 sk\u0142adki cz\u0142onkowskiej na kwot\u0119\u00a0<strong>50 z\u0142<\/strong><br>rocznie oraz jednorazowe wpisowe w wysoko\u015bci\u00a0<strong>30 z\u0142<\/strong>, a dla student\u00f3w w wysoko\u015bci <strong>15 z\u0142<\/strong>. Sk\u0142adki oraz wpisowe nale\u017cy wp\u0142aca\u0107 na konto Towarzystwa:<\/p>\n\n\n\n<p><br>Polskie Towarzystwo Mykologiczne<br>Al. Jerozolimskie 89\/43<br>02-001 Warszawa<br>Nr konta: <strong>39 1020 3352 0000 1902 0192 8951<\/strong><br>Bank PKO BP SA 1 oddzia\u0142 \u0141\u00f3d\u017a<\/p>\n\n\n\n<p><br>Z g\u00f3ry dzi\u0119kujemy za wszystkie wp\u0142aty!<\/p>\n","protected":false},"excerpt":{"rendered":"<p>1) Deklaracja cz\u0142onkowska 2) Protoko\u0142y 3) Sprawozdania 4) Statut 5) Uchwa\u0142y 6)\u00a0Wniosek o patronat Polskiego Towarzystwa Mykologicznego [pobierz plik docx] 7) Formularz do utworzenia podstrony [pobierz formularz] Informacja o sk\u0142adkach Cz\u0142onkowskich: Szanowni Pa\u0144stwo,Informujemy, \u017ce uda\u0142o si\u0119 za\u0142o\u017cy\u0107 konto bankowe PTMyk, &hellip; <a href=\"https:\/\/www.ptmyk.pl\/?page_id=9\">Czytaj dalej <span class=\"meta-nav\">&rarr;<\/span><\/a><\/p>\n","protected":false},"author":1,"featured_media":0,"parent":0,"menu_order":0,"comment_status":"open","ping_status":"open","template":"","meta":{"footnotes":""},"class_list":["post-9","page","type-page","status-publish","hentry"],"_links":{"self":[{"href":"https:\/\/www.ptmyk.pl\/index.php?rest_route=\/wp\/v2\/pages\/9","targetHints":{"allow":["GET"]}}],"collection":[{"href":"https:\/\/www.ptmyk.pl\/index.php?rest_route=\/wp\/v2\/pages"}],"about":[{"href":"https:\/\/www.ptmyk.pl\/index.php?rest_route=\/wp\/v2\/types\/page"}],"author":[{"embeddable":true,"href":"https:\/\/www.ptmyk.pl\/index.php?rest_route=\/wp\/v2\/users\/1"}],"replies":[{"embeddable":true,"href":"https:\/\/www.ptmyk.pl\/index.php?rest_route=%2Fwp%2Fv2%2Fcomments&post=9"}],"version-history":[{"count":13,"href":"https:\/\/www.ptmyk.pl\/index.php?rest_route=\/wp\/v2\/pages\/9\/revisions"}],"predecessor-version":[{"id":6201,"href":"https:\/\/www.ptmyk.pl\/index.php?rest_route=\/wp\/v2\/pages\/9\/revisions\/6201"}],"wp:attachment":[{"href":"https:\/\/www.ptmyk.pl\/index.php?rest_route=%2Fwp%2Fv2%2Fmedia&parent=9"}],"curies":[{"name":"wp","href":"https:\/\/api.w.org\/{rel}","templated":true}]}}