{"id":7,"date":"2012-06-28T15:36:53","date_gmt":"2012-06-28T15:36:53","guid":{"rendered":"https:\/\/www.ptmyk.pl\/?page_id=7"},"modified":"2024-11-07T15:41:28","modified_gmt":"2024-11-07T14:41:28","slug":"o-grzybach","status":"publish","type":"page","link":"https:\/\/www.ptmyk.pl\/?page_id=7","title":{"rendered":"O grzybach"},"content":{"rendered":"\n<p><\/p>\n\n\n\n<p><strong>Zapytania dotycz\u0105ce identyfikacji gatunk\u00f3w grzyb\u00f3w<\/strong><\/p>\n\n\n\n<p><strong>W celu prawid\u0142owej identyfikacji gatunku grzyba prosimy o przesy\u0142anie zapyta\u0144 zawieraj\u0105cych odpowiednio wykonane zdj\u0119cia oraz szczeg\u00f3\u0142owy opis, zgodnie z poni\u017cszymi wytycznymi:<\/strong><\/p>\n\n\n\n<ol class=\"wp-block-list\" type=\"1\"><li><strong>Zdj\u0119cia:<\/strong> Prosimy o przes\u0142anie zdj\u0119\u0107 ukazuj\u0105cych ca\u0142y owocnik. W przypadku grzyb\u00f3w kapeluszowych, zdj\u0119cia powinny przedstawia\u0107:<ul><li>trzon,<\/li><li>g\u00f3rn\u0105 stron\u0119 kapelusza,<\/li><li>doln\u0105 stron\u0119 kapelusza (hymenofor \u2013 blaszki, pory, kolce).<\/li><\/ul><\/li><li><strong>Opis:<\/strong> Prosimy o uwzgl\u0119dnienie nast\u0119puj\u0105cych informacji:<ul><li>kolory owocnika (w tym barwa trzonu, kapelusza i mi\u0105\u017cszu),<\/li><li>zapach owocnika,<\/li><li>siedlisko, na kt\u00f3rym wyrasta\u0142 owocnik (np. drewno, gleba).<\/li><\/ul><\/li><\/ol>\n\n\n\n<p>Zdj\u0119cia i opis prosimy przesy\u0142a\u0107 na adres e-mail:<\/p>\n\n\n\n<p><a href=\"mailto:rzecznik.ptmyk@gmail.com\" target=\"_blank\" rel=\"noreferrer noopener\">rzecznik.ptmyk@gmail.com<\/a><\/p>\n\n\n\n<p>Dzi\u0119ki takiemu zestawowi informacji b\u0119dziemy mogli precyzyjnie okre\u015bli\u0107 gatunek grzyba.<\/p>\n","protected":false},"excerpt":{"rendered":"<p>Zapytania dotycz\u0105ce identyfikacji gatunk\u00f3w grzyb\u00f3w W celu prawid\u0142owej identyfikacji gatunku grzyba prosimy o przesy\u0142anie zapyta\u0144 zawieraj\u0105cych odpowiednio wykonane zdj\u0119cia oraz szczeg\u00f3\u0142owy opis, zgodnie z poni\u017cszymi wytycznymi: Zdj\u0119cia: Prosimy o przes\u0142anie zdj\u0119\u0107 ukazuj\u0105cych ca\u0142y owocnik. W przypadku grzyb\u00f3w kapeluszowych, zdj\u0119cia powinny &hellip; <a href=\"https:\/\/www.ptmyk.pl\/?page_id=7\">Czytaj dalej <span class=\"meta-nav\">&rarr;<\/span><\/a><\/p>\n","protected":false},"author":1,"featured_media":0,"parent":0,"menu_order":0,"comment_status":"open","ping_status":"open","template":"","meta":{"footnotes":""},"class_list":["post-7","page","type-page","status-publish","hentry"],"_links":{"self":[{"href":"https:\/\/www.ptmyk.pl\/index.php?rest_route=\/wp\/v2\/pages\/7","targetHints":{"allow":["GET"]}}],"collection":[{"href":"https:\/\/www.ptmyk.pl\/index.php?rest_route=\/wp\/v2\/pages"}],"about":[{"href":"https:\/\/www.ptmyk.pl\/index.php?rest_route=\/wp\/v2\/types\/page"}],"author":[{"embeddable":true,"href":"https:\/\/www.ptmyk.pl\/index.php?rest_route=\/wp\/v2\/users\/1"}],"replies":[{"embeddable":true,"href":"https:\/\/www.ptmyk.pl\/index.php?rest_route=%2Fwp%2Fv2%2Fcomments&post=7"}],"version-history":[{"count":11,"href":"https:\/\/www.ptmyk.pl\/index.php?rest_route=\/wp\/v2\/pages\/7\/revisions"}],"predecessor-version":[{"id":5709,"href":"https:\/\/www.ptmyk.pl\/index.php?rest_route=\/wp\/v2\/pages\/7\/revisions\/5709"}],"wp:attachment":[{"href":"https:\/\/www.ptmyk.pl\/index.php?rest_route=%2Fwp%2Fv2%2Fmedia&parent=7"}],"curies":[{"name":"wp","href":"https:\/\/api.w.org\/{rel}","templated":true}]}}