{"id":6221,"date":"2026-03-26T16:10:29","date_gmt":"2026-03-26T15:10:29","guid":{"rendered":"https:\/\/www.ptmyk.pl\/?page_id=6221"},"modified":"2026-03-26T16:10:29","modified_gmt":"2026-03-26T15:10:29","slug":"v-konferencja-ptmyk","status":"publish","type":"page","link":"https:\/\/www.ptmyk.pl\/?page_id=6221","title":{"rendered":"V konferencja PTMyk"},"content":{"rendered":"\n<p>Szanowni Pa\u0144stwo,<\/p>\n\n\n\n<p>serdecznie zapraszamy do wzi\u0119cia udzia\u0142u w&nbsp;<strong>V Og\u00f3lnopolskiej Konferencji Polskiego Towarzystwa Mykologicznego pod nazw\u0105 \u201eMycoWroc\u201d, po\u0142\u0105czonej z Walnym Zgromadzeniem&nbsp;PTMyk<\/strong>.<\/p>\n\n\n\n<p><br>W tym roku konferencja&nbsp;<strong>MycoWroc&nbsp;<\/strong>odb\u0119dzie si\u0119 w dniach&nbsp;<strong>06-08 listopada 2026 roku we Wroc\u0142awiu&nbsp;<\/strong>na dw\u00f3ch Uniwersytetach: Uniwersytecie Medycznym i Uniwersytecie Przyrodniczym.<\/p>\n\n\n\n<p><br>Organizatorami tegorocznej Konferencji s\u0105 Katedra i Zak\u0142ad Mikrobiologii Uniwersytetu Medycznego we Wroc\u0142awiu, Katedra Ochrony Ro\u015blin Uniwersytetu Przyrodniczego we Wroc\u0142awiu oraz Polskie Towarzystwo Mykologiczne.&nbsp;Zach\u0119camy do udzia\u0142u i przedstawienia bada\u0144 osoby zajmuj\u0105ce si\u0119 mykologi\u0105 medyczn\u0105, biotechnologi\u0105 grzyb\u00f3w jak i bior\u00f3\u017cnorodno\u015bci\u0105. B\u0119dzie to wydarzenie dla ka\u017cdego sympatyka mykologii. R\u00f3\u017cnorodne panele tematyczne umo\u017cliwi\u0105 wymian\u0119 cennej naukowej wiedzy i spostrze\u017ce\u0144. Przewidziana jest r\u00f3wnie\u017c wycieczka terenowa ostatniego dnia konferencji.<\/p>\n\n\n\n<p><strong>MycoWroc stanie si\u0119 na te kilka dni sercem polskiej mykologii.<\/strong><\/p>\n\n\n\n<p>W przypadku pyta\u0144 bardzo prosimy o kontakt bezpo\u015brednio z organizatorami konferencji:&nbsp;&nbsp;<a href=\"mailto:katarzyna.patejuk@upwr.edu.pl\" target=\"_blank\" rel=\"noreferrer noopener\">katarzyna.patejuk@upwr.edu.pl<\/a>&nbsp;oraz&nbsp;<a href=\"mailto:emil.paluch@umw.edu.pl\" target=\"_blank\" rel=\"noreferrer noopener\">emil.paluch@umw.edu.pl<\/a>&nbsp;.<\/p>\n\n\n\n<p>\u2026szczeg\u00f3\u0142owe informacje oraz formularz zg\u0142oszeniowy b\u0119d\u0105 dost\u0119pne ju\u017c wkr\u00f3tce, po maj\u00f3wce\u2026<\/p>\n\n\n\n<p>Z wyrazami szacunku,<\/p>\n\n\n\n<p><em>dr Katarzyna Patejuk oraz&nbsp;dr hab. Emil Paluch<\/em><\/p>\n\n\n\n<p>Sekretariat Konferencji<\/p>\n","protected":false},"excerpt":{"rendered":"<p>Szanowni Pa\u0144stwo, serdecznie zapraszamy do wzi\u0119cia udzia\u0142u w&nbsp;V Og\u00f3lnopolskiej Konferencji Polskiego Towarzystwa Mykologicznego pod nazw\u0105 \u201eMycoWroc\u201d, po\u0142\u0105czonej z Walnym Zgromadzeniem&nbsp;PTMyk. W tym roku konferencja&nbsp;MycoWroc&nbsp;odb\u0119dzie si\u0119 w dniach&nbsp;06-08 listopada 2026 roku we Wroc\u0142awiu&nbsp;na dw\u00f3ch Uniwersytetach: Uniwersytecie Medycznym i Uniwersytecie Przyrodniczym. Organizatorami &hellip; <a href=\"https:\/\/www.ptmyk.pl\/?page_id=6221\">Czytaj dalej <span class=\"meta-nav\">&rarr;<\/span><\/a><\/p>\n","protected":false},"author":1,"featured_media":0,"parent":0,"menu_order":0,"comment_status":"closed","ping_status":"closed","template":"","meta":{"footnotes":""},"class_list":["post-6221","page","type-page","status-publish","hentry"],"_links":{"self":[{"href":"https:\/\/www.ptmyk.pl\/index.php?rest_route=\/wp\/v2\/pages\/6221","targetHints":{"allow":["GET"]}}],"collection":[{"href":"https:\/\/www.ptmyk.pl\/index.php?rest_route=\/wp\/v2\/pages"}],"about":[{"href":"https:\/\/www.ptmyk.pl\/index.php?rest_route=\/wp\/v2\/types\/page"}],"author":[{"embeddable":true,"href":"https:\/\/www.ptmyk.pl\/index.php?rest_route=\/wp\/v2\/users\/1"}],"replies":[{"embeddable":true,"href":"https:\/\/www.ptmyk.pl\/index.php?rest_route=%2Fwp%2Fv2%2Fcomments&post=6221"}],"version-history":[{"count":1,"href":"https:\/\/www.ptmyk.pl\/index.php?rest_route=\/wp\/v2\/pages\/6221\/revisions"}],"predecessor-version":[{"id":6222,"href":"https:\/\/www.ptmyk.pl\/index.php?rest_route=\/wp\/v2\/pages\/6221\/revisions\/6222"}],"wp:attachment":[{"href":"https:\/\/www.ptmyk.pl\/index.php?rest_route=%2Fwp%2Fv2%2Fmedia&parent=6221"}],"curies":[{"name":"wp","href":"https:\/\/api.w.org\/{rel}","templated":true}]}}