{"id":6214,"date":"2026-03-24T12:43:16","date_gmt":"2026-03-24T11:43:16","guid":{"rendered":"https:\/\/www.ptmyk.pl\/?page_id=6214"},"modified":"2026-03-24T12:43:16","modified_gmt":"2026-03-24T11:43:16","slug":"mycorise-up","status":"publish","type":"page","link":"https:\/\/www.ptmyk.pl\/?page_id=6214","title":{"rendered":"MycoRise Up!"},"content":{"rendered":"\n<p>Serdecznie zapraszamy do udzia\u0142u w 7 edycji studenckiej konferencji MycoRiseUp!<\/p>\n\n\n\n<p>Tegoroczna edycja odb\u0119dzie si\u0119 w Ch\u0119cinach w dniach <strong>05-07.06.2026<\/strong><\/p>\n\n\n\n<p>Wi\u0119cej informacji <a href=\"https:\/\/mycoriseup2026.wixsite.com\/konferencja\">tutaj<\/a><\/p>\n\n\n\n<p>Rejestracja <a href=\"https:\/\/docs.google.com\/forms\/d\/e\/1FAIpQLSdLAqzNOailnLuYiIv2UbyUHR7_IDrSpfGQB3vuloERT9zvrQ\/viewform\">tutaj<\/a><\/p>\n\n\n\n<p>Wys\u0142anie abstraktu <a href=\"https:\/\/docs.google.com\/forms\/d\/e\/1FAIpQLScIXDapDm9HyWcgRKnXYzw9efO_meQiBbVJGpMoJ0-b55lmtw\/viewform\">tutaj<\/a><\/p>\n\n\n\n<figure class=\"wp-block-image size-full\"><img loading=\"lazy\" decoding=\"async\" width=\"340\" height=\"326\" src=\"https:\/\/www.ptmyk.pl\/wp-content\/uploads\/2026\/03\/Layer1004.avif\" alt=\"\" class=\"wp-image-6215\"\/><\/figure>\n","protected":false},"excerpt":{"rendered":"<p>Serdecznie zapraszamy do udzia\u0142u w 7 edycji studenckiej konferencji MycoRiseUp! Tegoroczna edycja odb\u0119dzie si\u0119 w Ch\u0119cinach w dniach 05-07.06.2026 Wi\u0119cej informacji tutaj Rejestracja tutaj Wys\u0142anie abstraktu tutaj<\/p>\n","protected":false},"author":1,"featured_media":0,"parent":0,"menu_order":0,"comment_status":"closed","ping_status":"closed","template":"","meta":{"footnotes":""},"class_list":["post-6214","page","type-page","status-publish","hentry"],"_links":{"self":[{"href":"https:\/\/www.ptmyk.pl\/index.php?rest_route=\/wp\/v2\/pages\/6214","targetHints":{"allow":["GET"]}}],"collection":[{"href":"https:\/\/www.ptmyk.pl\/index.php?rest_route=\/wp\/v2\/pages"}],"about":[{"href":"https:\/\/www.ptmyk.pl\/index.php?rest_route=\/wp\/v2\/types\/page"}],"author":[{"embeddable":true,"href":"https:\/\/www.ptmyk.pl\/index.php?rest_route=\/wp\/v2\/users\/1"}],"replies":[{"embeddable":true,"href":"https:\/\/www.ptmyk.pl\/index.php?rest_route=%2Fwp%2Fv2%2Fcomments&post=6214"}],"version-history":[{"count":1,"href":"https:\/\/www.ptmyk.pl\/index.php?rest_route=\/wp\/v2\/pages\/6214\/revisions"}],"predecessor-version":[{"id":6217,"href":"https:\/\/www.ptmyk.pl\/index.php?rest_route=\/wp\/v2\/pages\/6214\/revisions\/6217"}],"wp:attachment":[{"href":"https:\/\/www.ptmyk.pl\/index.php?rest_route=%2Fwp%2Fv2%2Fmedia&parent=6214"}],"curies":[{"name":"wp","href":"https:\/\/api.w.org\/{rel}","templated":true}]}}