{"id":6195,"date":"2026-03-18T16:15:21","date_gmt":"2026-03-18T15:15:21","guid":{"rendered":"https:\/\/www.ptmyk.pl\/?page_id=6195"},"modified":"2026-03-18T16:17:40","modified_gmt":"2026-03-18T15:17:40","slug":"grzyboteka","status":"publish","type":"page","link":"https:\/\/www.ptmyk.pl\/?page_id=6195","title":{"rendered":"Grzyboteka"},"content":{"rendered":"\n<p>Serdecznie zapraszamy do literatury i prenumeraty czasopisma Grzyboteka<\/p>\n\n\n\n<p>Wi\u0119cej informacji na stronie <a href=\"https:\/\/www.grzyboteka.org\/\">GRZYBOTEKA<\/a><\/p>\n\n\n\n<h3 class=\"wp-block-heading\">Od Tw\u00f3rcy Mateusza S\u0142yka a Wydawnictwa Mykoryza:<\/h3>\n\n\n\n<blockquote class=\"wp-block-quote is-layout-flow wp-block-quote-is-layout-flow\">\n<p class=\"has-text-align-center\">\u201eGrzyboteka\u201d to pierwsze polskie czasopismo popularnonaukowe w ca\u0142o\u015bci po\u015bwi\u0119cone grzybom. Tworzymy je jako zesp\u00f3\u0142 mykopasjonat\u00f3w we wsp\u00f3\u0142pracy z mykologami, dlatego \u2013 zachowuj\u0105c popularnonaukowy charakter magazynu \u2013 dbamy o naukowe podstawy. Ka\u017cdy znajdzie co\u015b dla siebie, zar\u00f3wno pocz\u0105tkuj\u0105cy grzybiarz (tak\u017ce ten zbieraj\u0105cy od wielu lat kilka podstawowych gatunk\u00f3w), jak i zapalony mykopasjonata. Jednym s\u0142owem \u2013 magazyn jest skierowany do wszystkich, kt\u00f3rym temat grzyb\u00f3w nie jest obcy. \u201eGrzyboteka\u201d aspiruje do ca\u0142o\u015bciowego przedstawienia zagadnie\u0144 dotycz\u0105cych kr\u00f3lestwa grzyb\u00f3w. A jest to kr\u00f3lestwo r\u00f3wnie fascynuj\u0105ce, co tajemnicze.&#8221;<\/p>\n<\/blockquote>\n\n\n\n<figure class=\"wp-block-gallery has-nested-images columns-default is-cropped wp-block-gallery-1 is-layout-flex wp-block-gallery-is-layout-flex\">\n<figure class=\"wp-block-image size-large\"><img loading=\"lazy\" decoding=\"async\" width=\"1024\" height=\"256\" data-id=\"6196\" src=\"https:\/\/www.ptmyk.pl\/wp-content\/uploads\/2026\/03\/Grzyboteka-logo-dwukolorowe-1024x256-1.png\" alt=\"\" class=\"wp-image-6196\" srcset=\"https:\/\/www.ptmyk.pl\/wp-content\/uploads\/2026\/03\/Grzyboteka-logo-dwukolorowe-1024x256-1.png 1024w, https:\/\/www.ptmyk.pl\/wp-content\/uploads\/2026\/03\/Grzyboteka-logo-dwukolorowe-1024x256-1-300x75.png 300w, https:\/\/www.ptmyk.pl\/wp-content\/uploads\/2026\/03\/Grzyboteka-logo-dwukolorowe-1024x256-1-768x192.png 768w\" sizes=\"auto, (max-width: 1024px) 100vw, 1024px\" \/><\/figure>\n<\/figure>\n\n\n\n<p><br><br><\/p>\n","protected":false},"excerpt":{"rendered":"<p>Serdecznie zapraszamy do literatury i prenumeraty czasopisma Grzyboteka Wi\u0119cej informacji na stronie GRZYBOTEKA Od Tw\u00f3rcy Mateusza S\u0142yka a Wydawnictwa Mykoryza: \u201eGrzyboteka\u201d to pierwsze polskie czasopismo popularnonaukowe w ca\u0142o\u015bci po\u015bwi\u0119cone grzybom. Tworzymy je jako zesp\u00f3\u0142 mykopasjonat\u00f3w we wsp\u00f3\u0142pracy z mykologami, dlatego &hellip; <a href=\"https:\/\/www.ptmyk.pl\/?page_id=6195\">Czytaj dalej <span class=\"meta-nav\">&rarr;<\/span><\/a><\/p>\n","protected":false},"author":1,"featured_media":0,"parent":0,"menu_order":0,"comment_status":"closed","ping_status":"closed","template":"","meta":{"footnotes":""},"class_list":["post-6195","page","type-page","status-publish","hentry"],"_links":{"self":[{"href":"https:\/\/www.ptmyk.pl\/index.php?rest_route=\/wp\/v2\/pages\/6195","targetHints":{"allow":["GET"]}}],"collection":[{"href":"https:\/\/www.ptmyk.pl\/index.php?rest_route=\/wp\/v2\/pages"}],"about":[{"href":"https:\/\/www.ptmyk.pl\/index.php?rest_route=\/wp\/v2\/types\/page"}],"author":[{"embeddable":true,"href":"https:\/\/www.ptmyk.pl\/index.php?rest_route=\/wp\/v2\/users\/1"}],"replies":[{"embeddable":true,"href":"https:\/\/www.ptmyk.pl\/index.php?rest_route=%2Fwp%2Fv2%2Fcomments&post=6195"}],"version-history":[{"count":2,"href":"https:\/\/www.ptmyk.pl\/index.php?rest_route=\/wp\/v2\/pages\/6195\/revisions"}],"predecessor-version":[{"id":6200,"href":"https:\/\/www.ptmyk.pl\/index.php?rest_route=\/wp\/v2\/pages\/6195\/revisions\/6200"}],"wp:attachment":[{"href":"https:\/\/www.ptmyk.pl\/index.php?rest_route=%2Fwp%2Fv2%2Fmedia&parent=6195"}],"curies":[{"name":"wp","href":"https:\/\/api.w.org\/{rel}","templated":true}]}}