{"id":6167,"date":"2026-03-18T15:07:46","date_gmt":"2026-03-18T14:07:46","guid":{"rendered":"https:\/\/www.ptmyk.pl\/?page_id=6167"},"modified":"2026-03-18T15:07:46","modified_gmt":"2026-03-18T14:07:46","slug":"fundive","status":"publish","type":"page","link":"https:\/\/www.ptmyk.pl\/?page_id=6167","title":{"rendered":"FunDive"},"content":{"rendered":"\n<p><strong>Monitorowanie i mapowanie r\u00f3\u017cnorodno\u015bci grzyb\u00f3w na potrzeby ochrony przyrody<\/strong><\/p>\n\n\n\n<p><strong>Wi\u0119cej informacji: <a href=\"https:\/\/fun-dive.eu\/en\/home-2\/\">FunDive<\/a><\/strong><\/p>\n\n\n\n<blockquote class=\"wp-block-quote is-layout-flow wp-block-quote-is-layout-flow\">\n<p class=\"has-text-align-center\"> W FunDive pracujemy nad tym, aby pokaza\u0107 r\u00f3\u017cnorodno\u015b\u0107 biologiczn\u0105 grzyb\u00f3w i wzmocni\u0107 europejskie dzia\u0142ania na rzecz ochrony przyrody. Grzyby s\u0105 niezb\u0119dne dla naszych ekosystem\u00f3w, ale cz\u0119sto s\u0105 pomijane w monitorowaniu i praktycznych dzia\u0142aniach na rzecz ochrony, co nara\u017ca je na zagro\u017cenia i utrat\u0119 siedlisk. Projekt FunDive \u0142\u0105czy nauk\u0119 obywatelsk\u0105, narz\u0119dzia sztucznej inteligencji i monitoring oparty na eDNA, aby opracowa\u0107 lepsze sposoby monitorowania i ochrony grzyb\u00f3w. Naszym celem jest r\u00f3wnie\u017c badanie zmian w populacjach grzyb\u00f3w w czasie i przestrzeni oraz ocena skuteczno\u015bci obecnych dzia\u0142a\u0144 na rzecz ochrony grzyb\u00f3w zagro\u017conych globalnie.<\/p>\n<\/blockquote>\n\n\n\n<p><strong>Jak si\u0119 zaanga\u017cowa\u0107<\/strong>, wi\u0119cej informacji <a href=\"https:\/\/fun-dive.eu\/en\/get-involved\/\">tutaj<\/a><\/p>\n\n\n\n<figure class=\"wp-block-image size-large\"><img loading=\"lazy\" decoding=\"async\" width=\"1024\" height=\"409\" src=\"https:\/\/www.ptmyk.pl\/wp-content\/uploads\/2026\/03\/FunDive1-1024x409.png\" alt=\"\" class=\"wp-image-6161\" srcset=\"https:\/\/www.ptmyk.pl\/wp-content\/uploads\/2026\/03\/FunDive1-1024x409.png 1024w, https:\/\/www.ptmyk.pl\/wp-content\/uploads\/2026\/03\/FunDive1-300x120.png 300w, https:\/\/www.ptmyk.pl\/wp-content\/uploads\/2026\/03\/FunDive1-768x307.png 768w, https:\/\/www.ptmyk.pl\/wp-content\/uploads\/2026\/03\/FunDive1-1536x614.png 1536w, https:\/\/www.ptmyk.pl\/wp-content\/uploads\/2026\/03\/FunDive1-2048x819.png 2048w\" sizes=\"auto, (max-width: 1024px) 100vw, 1024px\" \/><\/figure>\n","protected":false},"excerpt":{"rendered":"<p>Monitorowanie i mapowanie r\u00f3\u017cnorodno\u015bci grzyb\u00f3w na potrzeby ochrony przyrody Wi\u0119cej informacji: FunDive W FunDive pracujemy nad tym, aby pokaza\u0107 r\u00f3\u017cnorodno\u015b\u0107 biologiczn\u0105 grzyb\u00f3w i wzmocni\u0107 europejskie dzia\u0142ania na rzecz ochrony przyrody. Grzyby s\u0105 niezb\u0119dne dla naszych ekosystem\u00f3w, ale cz\u0119sto s\u0105 pomijane &hellip; <a href=\"https:\/\/www.ptmyk.pl\/?page_id=6167\">Czytaj dalej <span class=\"meta-nav\">&rarr;<\/span><\/a><\/p>\n","protected":false},"author":1,"featured_media":0,"parent":0,"menu_order":0,"comment_status":"closed","ping_status":"closed","template":"","meta":{"footnotes":""},"class_list":["post-6167","page","type-page","status-publish","hentry"],"_links":{"self":[{"href":"https:\/\/www.ptmyk.pl\/index.php?rest_route=\/wp\/v2\/pages\/6167","targetHints":{"allow":["GET"]}}],"collection":[{"href":"https:\/\/www.ptmyk.pl\/index.php?rest_route=\/wp\/v2\/pages"}],"about":[{"href":"https:\/\/www.ptmyk.pl\/index.php?rest_route=\/wp\/v2\/types\/page"}],"author":[{"embeddable":true,"href":"https:\/\/www.ptmyk.pl\/index.php?rest_route=\/wp\/v2\/users\/1"}],"replies":[{"embeddable":true,"href":"https:\/\/www.ptmyk.pl\/index.php?rest_route=%2Fwp%2Fv2%2Fcomments&post=6167"}],"version-history":[{"count":2,"href":"https:\/\/www.ptmyk.pl\/index.php?rest_route=\/wp\/v2\/pages\/6167\/revisions"}],"predecessor-version":[{"id":6170,"href":"https:\/\/www.ptmyk.pl\/index.php?rest_route=\/wp\/v2\/pages\/6167\/revisions\/6170"}],"wp:attachment":[{"href":"https:\/\/www.ptmyk.pl\/index.php?rest_route=%2Fwp%2Fv2%2Fmedia&parent=6167"}],"curies":[{"name":"wp","href":"https:\/\/api.w.org\/{rel}","templated":true}]}}