{"id":6141,"date":"2026-03-18T12:57:58","date_gmt":"2026-03-18T11:57:58","guid":{"rendered":"https:\/\/www.ptmyk.pl\/?page_id=6141"},"modified":"2026-03-19T14:23:10","modified_gmt":"2026-03-19T13:23:10","slug":"arthropod-fungal-associations-from-parasites-to-pathogens-conference","status":"publish","type":"page","link":"https:\/\/www.ptmyk.pl\/?page_id=6141","title":{"rendered":"Arthropod-Fungal Associations: from Parasites to Pathogens conference"},"content":{"rendered":"\n<p>Polskie Towarzystwo Mykologiczne serdecznie zaprasza na 3 edycj\u0119 konferencji Arthropod-Fungal Associations: from Parasites to Pathogens, kt\u00f3ra odb\u0119dzie si\u0119 w dniach 20-22 maja 2026 r. w \u0141odzi i Spale.<\/p>\n\n\n\n<p>Konferencja jest wsp\u00f3\u0142organizowana przez Katedr\u0119 Algologii i Mykologii oraz Sekcj\u0119 Mykologiczn\u0105 Studenckiego Ko\u0142a Naukowego Biolog\u00f3w (Wydzia\u0142 Biologii Uniwersytetu \u0141\u00f3dzkiego), we wsp\u00f3\u0142pracy z Gembloux Agro-Bio Tech &#8211; University of Li\u00e8ge (Belgium), Zak\u0142adem Botaniki, Mykologii i Ekologii (Wydzia\u0142 Biologii i Biotechnologii Uniwersytetu Marii Curie-Sk\u0142odowskiej), Katedr\u0105 Mikrobiologii i Mykologii (Wydzia\u0142 Biologii i Biotechnologii Uniwersytetu Warmi\u0144sko-Mazurskiego) oraz Sekcj\u0105 Mykologiczn\u0105 Polskiego Towarzystwa Botanicznego.<\/p>\n\n\n\n<p>Projekt finansowany jest ze \u015brodk\u00f3w bud\u017cetu pa\u0144stwa, przyznanych przez Ministra Nauki i Szkolnictwa Wy\u017cszego w ramach Programu Wektory Nauki: projekt nr WNK\/SN\/0471\/2025\/01,&nbsp;warto\u015b\u0107 dofinansowania 34 342 PLN, a ca\u0142kowita warto\u015b\u0107 projektu 42 962 PLN.<\/p>\n\n\n\n<p>Wi\u0119cej informacji na stronie&nbsp;<a href=\"https:\/\/sites.google.com\/view\/afa2026\" rel=\"noreferrer noopener\" target=\"_blank\">https:\/\/sites.google.com\/view\/afa2026<\/a><\/p>\n\n\n\n<p>Rejestracja na konferencj\u0119&nbsp;<a href=\"https:\/\/forms.gle\/kWnXQunGavx3rjxh6\" target=\"_blank\" rel=\"noreferrer noopener\">https:\/\/forms.gle\/kWnXQunGavx3rjxh6<\/a><\/p>\n\n\n\n<p><a href=\"https:\/\/www.ptmyk.pl\/wp-content\/uploads\/2026\/03\/AFA-invitation.pdf\">Zaproszenie<\/a><\/p>\n\n\n\n<p><a href=\"https:\/\/www.ptmyk.pl\/wp-content\/uploads\/2026\/03\/AFA-2026_program.pdf\">Program<\/a><\/p>\n\n\n\n<p><a href=\"https:\/\/www.ptmyk.pl\/wp-content\/uploads\/2026\/03\/AFA-flyer_3rd-edition_with-links.pdf\">Ulotka<\/a><\/p>\n\n\n\n<figure class=\"wp-block-image size-large\"><img loading=\"lazy\" decoding=\"async\" width=\"1024\" height=\"394\" src=\"https:\/\/www.ptmyk.pl\/wp-content\/uploads\/2026\/03\/Logo-Wektory-Nauki-1024x394.jpg\" alt=\"\" class=\"wp-image-6140\" srcset=\"https:\/\/www.ptmyk.pl\/wp-content\/uploads\/2026\/03\/Logo-Wektory-Nauki-1024x394.jpg 1024w, https:\/\/www.ptmyk.pl\/wp-content\/uploads\/2026\/03\/Logo-Wektory-Nauki-300x115.jpg 300w, https:\/\/www.ptmyk.pl\/wp-content\/uploads\/2026\/03\/Logo-Wektory-Nauki-768x296.jpg 768w, https:\/\/www.ptmyk.pl\/wp-content\/uploads\/2026\/03\/Logo-Wektory-Nauki-1536x591.jpg 1536w, https:\/\/www.ptmyk.pl\/wp-content\/uploads\/2026\/03\/Logo-Wektory-Nauki-2048x788.jpg 2048w\" sizes=\"auto, (max-width: 1024px) 100vw, 1024px\" \/><\/figure>\n\n\n\n<figure class=\"wp-block-image size-large\"><img loading=\"lazy\" decoding=\"async\" width=\"1024\" height=\"212\" src=\"https:\/\/www.ptmyk.pl\/wp-content\/uploads\/2026\/03\/01_znak_siatka_podstawowy_kolor_biale_tlo-1-1024x212.png\" alt=\"\" class=\"wp-image-6142\" srcset=\"https:\/\/www.ptmyk.pl\/wp-content\/uploads\/2026\/03\/01_znak_siatka_podstawowy_kolor_biale_tlo-1-1024x212.png 1024w, https:\/\/www.ptmyk.pl\/wp-content\/uploads\/2026\/03\/01_znak_siatka_podstawowy_kolor_biale_tlo-1-300x62.png 300w, https:\/\/www.ptmyk.pl\/wp-content\/uploads\/2026\/03\/01_znak_siatka_podstawowy_kolor_biale_tlo-1-768x159.png 768w, https:\/\/www.ptmyk.pl\/wp-content\/uploads\/2026\/03\/01_znak_siatka_podstawowy_kolor_biale_tlo-1-1536x317.png 1536w, https:\/\/www.ptmyk.pl\/wp-content\/uploads\/2026\/03\/01_znak_siatka_podstawowy_kolor_biale_tlo-1-2048x423.png 2048w\" sizes=\"auto, (max-width: 1024px) 100vw, 1024px\" \/><\/figure>\n","protected":false},"excerpt":{"rendered":"<p>Polskie Towarzystwo Mykologiczne serdecznie zaprasza na 3 edycj\u0119 konferencji Arthropod-Fungal Associations: from Parasites to Pathogens, kt\u00f3ra odb\u0119dzie si\u0119 w dniach 20-22 maja 2026 r. w \u0141odzi i Spale. Konferencja jest wsp\u00f3\u0142organizowana przez Katedr\u0119 Algologii i Mykologii oraz Sekcj\u0119 Mykologiczn\u0105 Studenckiego &hellip; <a href=\"https:\/\/www.ptmyk.pl\/?page_id=6141\">Czytaj dalej <span class=\"meta-nav\">&rarr;<\/span><\/a><\/p>\n","protected":false},"author":1,"featured_media":0,"parent":0,"menu_order":0,"comment_status":"closed","ping_status":"closed","template":"","meta":{"footnotes":""},"class_list":["post-6141","page","type-page","status-publish","hentry"],"_links":{"self":[{"href":"https:\/\/www.ptmyk.pl\/index.php?rest_route=\/wp\/v2\/pages\/6141","targetHints":{"allow":["GET"]}}],"collection":[{"href":"https:\/\/www.ptmyk.pl\/index.php?rest_route=\/wp\/v2\/pages"}],"about":[{"href":"https:\/\/www.ptmyk.pl\/index.php?rest_route=\/wp\/v2\/types\/page"}],"author":[{"embeddable":true,"href":"https:\/\/www.ptmyk.pl\/index.php?rest_route=\/wp\/v2\/users\/1"}],"replies":[{"embeddable":true,"href":"https:\/\/www.ptmyk.pl\/index.php?rest_route=%2Fwp%2Fv2%2Fcomments&post=6141"}],"version-history":[{"count":4,"href":"https:\/\/www.ptmyk.pl\/index.php?rest_route=\/wp\/v2\/pages\/6141\/revisions"}],"predecessor-version":[{"id":6219,"href":"https:\/\/www.ptmyk.pl\/index.php?rest_route=\/wp\/v2\/pages\/6141\/revisions\/6219"}],"wp:attachment":[{"href":"https:\/\/www.ptmyk.pl\/index.php?rest_route=%2Fwp%2Fv2%2Fmedia&parent=6141"}],"curies":[{"name":"wp","href":"https:\/\/api.w.org\/{rel}","templated":true}]}}