{"id":5,"date":"2012-06-28T15:36:15","date_gmt":"2012-06-28T15:36:15","guid":{"rendered":"https:\/\/www.ptmyk.pl\/?page_id=5"},"modified":"2024-03-02T15:07:14","modified_gmt":"2024-03-02T14:07:14","slug":"o-nas","status":"publish","type":"page","link":"https:\/\/www.ptmyk.pl\/?page_id=5","title":{"rendered":"O nas"},"content":{"rendered":"<p><strong>Polskie Towarzystwo Mykologiczne<\/strong> to stowarzyszenie, kt\u00f3rego celem jest przyczynianie si\u0119 do rozwoju mykologii i umacnianie jej interdyscyplinarnego charakteru oraz upowszechnianie wiedzy mykologicznej, co ma przyczynia\u0107 si\u0119 do pe\u0142nego poznania i utrzymania r\u00f3\u017cnorodno\u015bci grzyb\u00f3w o r\u00f3\u017cnym statusie troficznym. Towarzystwo ma za zadanie podnosi\u0107 poziom wiedzy cz\u0142onk\u00f3w Towarzystwa i wspiera\u0107 ich dzia\u0142ania naukowe, przyczynia\u0107 si\u0119 do integracji, rozwoju kontakt\u00f3w i wymiany my\u015bli mi\u0119dzy cz\u0142onkami, a tak\u017ce wspiera\u0107 rozw\u00f3j infrastruktury mykologii w Polsce. Towarzystwo jest otwarte na potrzeby kultury i gospodarki. Pe\u0142ni funkcje doradcze i konsultacyjne zwi\u0105zane z szeroko poj\u0119t\u0105 mykologi\u0105.<\/p>\n<p style=\"text-align: center;\"><a href=\"https:\/\/www.ptmyk.pl\/wp-content\/uploads\/2012\/06\/PTMyk_1.jpg\"><img loading=\"lazy\" decoding=\"async\" class=\"size-full wp-image-71\" title=\"PTMyk_1\" src=\"https:\/\/www.ptmyk.pl\/wp-content\/uploads\/2012\/06\/PTMyk_1.jpg\" alt=\"\" width=\"640\" height=\"425\" srcset=\"https:\/\/www.ptmyk.pl\/wp-content\/uploads\/2012\/06\/PTMyk_1.jpg 640w, https:\/\/www.ptmyk.pl\/wp-content\/uploads\/2012\/06\/PTMyk_1-300x199.jpg 300w\" sizes=\"auto, (max-width: 640px) 100vw, 640px\" \/><\/a><\/p>\n<p style=\"text-align: center;\">zebranie za\u0142o\u017cycielskie, \u0141\u00f3d\u017a 5.11.2011<\/p>\n<p>10 lat historii Polskiego Towarzystwa Mykologicznego &#8211; slajdy z konferencji w Poznaniu 24-28.09.2022 [<a href=\"https:\/\/www.ptmyk.pl\/wp-content\/uploads\/2022\/09\/10-lecie.pdf\" target=\"_blank\" rel=\"noopener\">pobierz plik pdf<\/a>]<\/p>\n<p>Ulotka Polskiego Towarzystwa Mykologicznego [<a href=\"https:\/\/www.ptmyk.pl\/wp-content\/uploads\/2012\/07\/ulotkaPTMyk.pdf\" target=\"_blank\" rel=\"noopener\">pobierz plik pdf<\/a>].<\/p>\n<p>Polish Mycological Society established &#8211; text from Acta Mycologica (2012; vol. 47(2); 265-266) <a href=\"https:\/\/pbsociety.org.pl\/journals\/index.php\/am\/article\/view\/am.2012.028\/2222\" target=\"_blank\" rel=\"noopener\">[link do pliku pdf<\/a>].<\/p>\n","protected":false},"excerpt":{"rendered":"<p>Polskie Towarzystwo Mykologiczne to stowarzyszenie, kt\u00f3rego celem jest przyczynianie si\u0119 do rozwoju mykologii i umacnianie jej interdyscyplinarnego charakteru oraz upowszechnianie wiedzy mykologicznej, co ma przyczynia\u0107 si\u0119 do pe\u0142nego poznania i utrzymania r\u00f3\u017cnorodno\u015bci grzyb\u00f3w o r\u00f3\u017cnym statusie troficznym. Towarzystwo ma za &hellip; <a href=\"https:\/\/www.ptmyk.pl\/?page_id=5\">Czytaj dalej <span class=\"meta-nav\">&rarr;<\/span><\/a><\/p>\n","protected":false},"author":1,"featured_media":0,"parent":0,"menu_order":0,"comment_status":"open","ping_status":"open","template":"","meta":{"footnotes":""},"class_list":["post-5","page","type-page","status-publish","hentry"],"_links":{"self":[{"href":"https:\/\/www.ptmyk.pl\/index.php?rest_route=\/wp\/v2\/pages\/5","targetHints":{"allow":["GET"]}}],"collection":[{"href":"https:\/\/www.ptmyk.pl\/index.php?rest_route=\/wp\/v2\/pages"}],"about":[{"href":"https:\/\/www.ptmyk.pl\/index.php?rest_route=\/wp\/v2\/types\/page"}],"author":[{"embeddable":true,"href":"https:\/\/www.ptmyk.pl\/index.php?rest_route=\/wp\/v2\/users\/1"}],"replies":[{"embeddable":true,"href":"https:\/\/www.ptmyk.pl\/index.php?rest_route=%2Fwp%2Fv2%2Fcomments&post=5"}],"version-history":[{"count":11,"href":"https:\/\/www.ptmyk.pl\/index.php?rest_route=\/wp\/v2\/pages\/5\/revisions"}],"predecessor-version":[{"id":5492,"href":"https:\/\/www.ptmyk.pl\/index.php?rest_route=\/wp\/v2\/pages\/5\/revisions\/5492"}],"wp:attachment":[{"href":"https:\/\/www.ptmyk.pl\/index.php?rest_route=%2Fwp%2Fv2%2Fmedia&parent=5"}],"curies":[{"name":"wp","href":"https:\/\/api.w.org\/{rel}","templated":true}]}}