{"id":4735,"date":"2022-04-24T22:42:22","date_gmt":"2022-04-24T20:42:22","guid":{"rendered":"https:\/\/www.ptmyk.pl\/?page_id=4735"},"modified":"2022-12-18T13:03:32","modified_gmt":"2022-12-18T12:03:32","slug":"konferencja-z-okazji-10-lecia-ptmyk","status":"publish","type":"page","link":"https:\/\/www.ptmyk.pl\/?page_id=4735","title":{"rendered":"Konferencja z okazji 10-lecia PTMyk"},"content":{"rendered":"\n<p>Szanowni Pa\u0144stwo,<\/p>\n\n\n\n<p>Przekazujemy Pa\u0144stwu ostateczny program warsztat\u00f3w i sesji tematycznych oraz Pa\u0144stwa abstrakty wyst\u0105pie\u0144 na Og\u00f3lnopolskiej Konferencji Naukowej z okazji 10-lecia Polskiego Towarzystwa Mykologicznego. Starli\u015bmy si\u0119, aby te materia\u0142y zrobione dla Pa\u0144stwa by\u0142y jak najlepiej przygotowane. Za wszelkie usterki przepraszamy i b\u0119d\u0105, je\u015bli potrzeba taka wyst\u0105pi, wyja\u015bniane na miejscu. Ju\u017c teraz dzi\u0119kujemy Pa\u0144stwu za ch\u0119\u0107 przyjechania do nas w tym trudnym czasie. Zrobimy to ponownie z wielk\u0105 rado\u015bci\u0105 w dniu inauguracji konferencji, czyli 26 wrze\u015bnia o godzinie 10.00. Wcze\u015bniej ju\u017c 25 wrze\u015bnia o godzinie 18.00, je\u015bli Pa\u0144stwo przyjdziecie do nas na otwarcie wystaw artystyczno-edukacyjnych inspirowanych GRZYBAMI.<br>Zapraszamy<br>Marlena Lembicz z komitetem naukowym i organizacyjnym<\/p>\n\n\n\n<p><a href=\"https:\/\/www.ptmyk.pl\/wp-content\/uploads\/2022\/09\/Ksiazka-abstraktow-z-programem-warsztatow-i-sesji-tematycznych.pdf\" data-type=\"URL\" data-id=\"https:\/\/www.ptmyk.pl\/wp-content\/uploads\/2022\/09\/Ksiazka-abstraktow-z-programem-warsztatow-i-sesji-tematycznych.pdf\">KSI\u0104\u017bKA ABSTRAKT\u00d3W<\/a><\/p>\n\n\n\n<p><\/p>\n\n\n\n<p><\/p>\n\n\n\n<p>Szanowni Pa\u0144stwo,<br>Czekamy na Pa\u0144stwa w dniach od 24 do 28 wrze\u015bnia 2022 roku na Wydziale Biologii UAM w Poznaniu. Najpierw spotykamy si\u0119 z uczestnikami na warsztatach pt. Mykologia w terenie,<br>laboratorium i online\u201d w dniach 24-25 wrze\u015bnia. Inauguracja konferencji jest 26 wrze\u015bnia o godzinie 10.00. Przesy\u0142amy Pa\u0144stwu program naszej, wsp\u00f3lnej konferencji z okazji 10-lecia PTMyku.<br>Zapraszamy bardzo Pa\u0144stwa ju\u017c 25 wrze\u015bnia o godzinie 18.00 na otwarcie wystaw artystyczno-edukacyjnych b\u0119d\u0105cych cz\u0119\u015bci\u0105 konferencji.<br>Do zobaczenia w Poznaniu<br>Komitet naukowy i organizacyjny.<\/p>\n\n\n\n<p><a href=\"https:\/\/www.ptmyk.pl\/wp-content\/uploads\/2022\/09\/Program.pdf\" data-type=\"URL\" data-id=\"https:\/\/www.ptmyk.pl\/wp-content\/uploads\/2022\/09\/Program.pdf\">Szczeg\u00f3\u0142owy program konferencji<\/a><\/p>\n\n\n\n<p>Szanowni Pa\u0144stwo przedstawiamy list\u0119 Organizator\u00f3w, Partner\u00f3w, Patron\u00f3w oraz Sponsor\u00f3w Konferencji z okazji 10-lecia Polskiego Towarzystwa Mykologicznego <img loading=\"lazy\" decoding=\"async\" height=\"16\" width=\"16\" alt=\"&#x1f970;\" src=\"https:\/\/static.xx.fbcdn.net\/images\/emoji.php\/v9\/tea\/1\/16\/1f970.png\"><img loading=\"lazy\" decoding=\"async\" height=\"16\" width=\"16\" alt=\"&#x1f344;\" src=\"https:\/\/static.xx.fbcdn.net\/images\/emoji.php\/v9\/t8b\/1\/16\/1f344.png\"><img loading=\"lazy\" decoding=\"async\" height=\"16\" width=\"16\" alt=\"&#x1f344;\" src=\"https:\/\/static.xx.fbcdn.net\/images\/emoji.php\/v9\/t8b\/1\/16\/1f344.png\"><\/p>\n\n\n\n<figure class=\"wp-block-image size-large is-resized\"><a href=\"https:\/\/www.ptmyk.pl\/wp-content\/uploads\/2022\/09\/307071403_5455971331108702_8137467430612029976_n.jpg\"><img loading=\"lazy\" decoding=\"async\" src=\"https:\/\/www.ptmyk.pl\/wp-content\/uploads\/2022\/09\/307071403_5455971331108702_8137467430612029976_n-724x1024.jpg\" alt=\"\" class=\"wp-image-4924\" width=\"362\" height=\"512\" srcset=\"https:\/\/www.ptmyk.pl\/wp-content\/uploads\/2022\/09\/307071403_5455971331108702_8137467430612029976_n-724x1024.jpg 724w, https:\/\/www.ptmyk.pl\/wp-content\/uploads\/2022\/09\/307071403_5455971331108702_8137467430612029976_n-212x300.jpg 212w, https:\/\/www.ptmyk.pl\/wp-content\/uploads\/2022\/09\/307071403_5455971331108702_8137467430612029976_n-768x1086.jpg 768w, https:\/\/www.ptmyk.pl\/wp-content\/uploads\/2022\/09\/307071403_5455971331108702_8137467430612029976_n-1086x1536.jpg 1086w, https:\/\/www.ptmyk.pl\/wp-content\/uploads\/2022\/09\/307071403_5455971331108702_8137467430612029976_n.jpg 1448w\" sizes=\"auto, (max-width: 362px) 100vw, 362px\" \/><\/a><\/figure>\n\n\n\n<figure class=\"wp-block-image size-large is-resized\"><a href=\"https:\/\/www.ptmyk.pl\/wp-content\/uploads\/2022\/09\/Loga-2-scaled.jpg\"><img loading=\"lazy\" decoding=\"async\" src=\"https:\/\/www.ptmyk.pl\/wp-content\/uploads\/2022\/09\/Loga-2-724x1024.jpg\" alt=\"\" class=\"wp-image-4928\" width=\"362\" height=\"512\" srcset=\"https:\/\/www.ptmyk.pl\/wp-content\/uploads\/2022\/09\/Loga-2-724x1024.jpg 724w, https:\/\/www.ptmyk.pl\/wp-content\/uploads\/2022\/09\/Loga-2-212x300.jpg 212w, https:\/\/www.ptmyk.pl\/wp-content\/uploads\/2022\/09\/Loga-2-768x1086.jpg 768w, https:\/\/www.ptmyk.pl\/wp-content\/uploads\/2022\/09\/Loga-2-1086x1536.jpg 1086w, https:\/\/www.ptmyk.pl\/wp-content\/uploads\/2022\/09\/Loga-2-1448x2048.jpg 1448w, https:\/\/www.ptmyk.pl\/wp-content\/uploads\/2022\/09\/Loga-2-scaled.jpg 1810w\" sizes=\"auto, (max-width: 362px) 100vw, 362px\" \/><\/a><\/figure>\n\n\n\n<p>Drodzy Pa\u0144stwo, Za chwil\u0119 Wszyscy si\u0119 spotkamy na konferencji z okazji 10-lecia Polskiego Towarzystwa Mykologicznego. Konferencji towarzysz\u0105 warsztaty i wystawy artystyczno-edukacyjne. Zaczynaj\u0105 si\u0119 od 24 do 25 wrze\u015bnia. Zamieszczamy program tej cz\u0119\u015bci konferencji dla Pa\u0144stwa. Ci z Pa\u0144stwa, kt\u00f3rzy nie s\u0105 uczestnikami warsztat\u00f3w, zapraszamy 25 wrze\u015bnia (niedziela) na godzin\u0119 18.00. B\u0119dzie to czas otwarcia wystaw i rozm\u00f3w przy kawie. Serdecznie ZAPRASZAMY <img loading=\"lazy\" decoding=\"async\" height=\"16\" width=\"16\" alt=\"&#x1f344;\" src=\"https:\/\/static.xx.fbcdn.net\/images\/emoji.php\/v9\/t8b\/1\/16\/1f344.png\"><img loading=\"lazy\" decoding=\"async\" height=\"16\" width=\"16\" alt=\"&#x1f344;\" src=\"https:\/\/static.xx.fbcdn.net\/images\/emoji.php\/v9\/t8b\/1\/16\/1f344.png\"><img loading=\"lazy\" decoding=\"async\" height=\"16\" width=\"16\" alt=\"&#x1f344;\" src=\"https:\/\/static.xx.fbcdn.net\/images\/emoji.php\/v9\/t8b\/1\/16\/1f344.png\"><img loading=\"lazy\" decoding=\"async\" height=\"16\" width=\"16\" alt=\"&#x1f344;\" src=\"https:\/\/static.xx.fbcdn.net\/images\/emoji.php\/v9\/t8b\/1\/16\/1f344.png\"><img loading=\"lazy\" decoding=\"async\" height=\"16\" width=\"16\" alt=\"&#x1f344;\" src=\"https:\/\/static.xx.fbcdn.net\/images\/emoji.php\/v9\/t8b\/1\/16\/1f344.png\">Program szczeg\u00f3\u0142owy konferencji b\u0119dzie udost\u0119pniony jutro.<\/p>\n\n\n\n<figure class=\"wp-block-image size-large is-resized\"><a href=\"https:\/\/www.ptmyk.pl\/wp-content\/uploads\/2022\/09\/306838099_5453667274672441_8478793701133507513_n.jpg\"><img loading=\"lazy\" decoding=\"async\" src=\"https:\/\/www.ptmyk.pl\/wp-content\/uploads\/2022\/09\/306838099_5453667274672441_8478793701133507513_n-724x1024.jpg\" alt=\"\" class=\"wp-image-4918\" width=\"362\" height=\"512\" srcset=\"https:\/\/www.ptmyk.pl\/wp-content\/uploads\/2022\/09\/306838099_5453667274672441_8478793701133507513_n-724x1024.jpg 724w, https:\/\/www.ptmyk.pl\/wp-content\/uploads\/2022\/09\/306838099_5453667274672441_8478793701133507513_n-212x300.jpg 212w, https:\/\/www.ptmyk.pl\/wp-content\/uploads\/2022\/09\/306838099_5453667274672441_8478793701133507513_n-768x1086.jpg 768w, https:\/\/www.ptmyk.pl\/wp-content\/uploads\/2022\/09\/306838099_5453667274672441_8478793701133507513_n-1086x1536.jpg 1086w, https:\/\/www.ptmyk.pl\/wp-content\/uploads\/2022\/09\/306838099_5453667274672441_8478793701133507513_n.jpg 1448w\" sizes=\"auto, (max-width: 362px) 100vw, 362px\" \/><\/a><\/figure>\n\n\n\n<figure class=\"wp-block-image size-large is-resized\"><a href=\"https:\/\/www.ptmyk.pl\/wp-content\/uploads\/2022\/09\/306645818_5453667378005764_6398944428338064719_n.jpg\"><img loading=\"lazy\" decoding=\"async\" src=\"https:\/\/www.ptmyk.pl\/wp-content\/uploads\/2022\/09\/306645818_5453667378005764_6398944428338064719_n-724x1024.jpg\" alt=\"\" class=\"wp-image-4917\" width=\"362\" height=\"512\" srcset=\"https:\/\/www.ptmyk.pl\/wp-content\/uploads\/2022\/09\/306645818_5453667378005764_6398944428338064719_n-724x1024.jpg 724w, https:\/\/www.ptmyk.pl\/wp-content\/uploads\/2022\/09\/306645818_5453667378005764_6398944428338064719_n-212x300.jpg 212w, https:\/\/www.ptmyk.pl\/wp-content\/uploads\/2022\/09\/306645818_5453667378005764_6398944428338064719_n-768x1086.jpg 768w, https:\/\/www.ptmyk.pl\/wp-content\/uploads\/2022\/09\/306645818_5453667378005764_6398944428338064719_n-1086x1536.jpg 1086w, https:\/\/www.ptmyk.pl\/wp-content\/uploads\/2022\/09\/306645818_5453667378005764_6398944428338064719_n.jpg 1448w\" sizes=\"auto, (max-width: 362px) 100vw, 362px\" \/><\/a><\/figure>\n\n\n\n<p>Szanowni Pa\u0144stwo,<br><br>Jest nas ju\u017c ponad 50 os\u00f3b zapisanych na konferencj\u0119. RADO\u015a\u0106. <br><br>Postanowili\u015bmy wyd\u0142u\u017cy\u0107 termin rejestracji i dokonywania op\u0142at konferencyjnych do 12 lipca 2022 roku. Zale\u017cy nam bardzo aby wszyscy mykolodzy do nas przyjechali. W tytule przelewu prosimy zawrze\u0107 informacje: konferencja 2022, Imi\u0119 i Nazwisko Uczestnika. Rachunki b\u0119d\u0105 wystawiane na dane PRZELEWAJ\u0104CEGO (osoby lub jednostki). Nie b\u0119dzie mo\u017cliwo\u015bci wystawienia rachunku na jednostk\u0119 (np. Uniwersytet, Katedra, itd.), je\u015bli wp\u0142ata zostanie dokonana z konta prywatnego. Istnieje mo\u017cliwo\u015b\u0107 wystawienia przez skarbnika PTMyk noty ksi\u0119gowej stanowi\u0105cej podstaw\u0119 do dokonania przelewu przez instytucj\u0119. Prosimy o informacje na maila 10lecieptmyk@gmail.com<br><br>Koszt udzia\u0142u w konferencji to 450 z\u0142, uroczystej kolacji 150 z\u0142, a jednego obiadu 30 z\u0142. Op\u0142at\u0119 nale\u017cy dokona\u0107 w terminie do 12 lipca 2022 roku na konto PTMyku: Bank PKO BP SA 3 oddzia\u0142 \u0141\u00f3d\u017a, nr konta: 39 1020 3352 0000 1902 0192 8951<br><br>A teraz pokazujemy Pa\u0144stwu kolejn\u0105 grafik\u0119 przygotowana przez Pani\u0105 Zosi\u0119 Urbaniak na torby dla Pa\u0144stwa <img loading=\"lazy\" decoding=\"async\" height=\"16\" width=\"16\" alt=\"&#x1f344;\" src=\"https:\/\/static.xx.fbcdn.net\/images\/emoji.php\/v9\/t8b\/1\/16\/1f344.png\"><img loading=\"lazy\" decoding=\"async\" height=\"16\" width=\"16\" alt=\"&#x2764;&#xfe0f;\" src=\"https:\/\/static.xx.fbcdn.net\/images\/emoji.php\/v9\/t6c\/1\/16\/2764.png\"><img loading=\"lazy\" decoding=\"async\" height=\"16\" width=\"16\" alt=\"&#x1f344;\" src=\"https:\/\/static.xx.fbcdn.net\/images\/emoji.php\/v9\/t8b\/1\/16\/1f344.png\"> <\/p>\n\n\n\n<figure class=\"wp-block-image size-large is-resized\"><a href=\"https:\/\/www.ptmyk.pl\/wp-content\/uploads\/2022\/06\/290881808_5240958482609989_8080243525570481456_n.jpg\"><img loading=\"lazy\" decoding=\"async\" src=\"https:\/\/www.ptmyk.pl\/wp-content\/uploads\/2022\/06\/290881808_5240958482609989_8080243525570481456_n.jpg\" alt=\"\" class=\"wp-image-4843\" width=\"261\" height=\"320\" srcset=\"https:\/\/www.ptmyk.pl\/wp-content\/uploads\/2022\/06\/290881808_5240958482609989_8080243525570481456_n.jpg 522w, https:\/\/www.ptmyk.pl\/wp-content\/uploads\/2022\/06\/290881808_5240958482609989_8080243525570481456_n-245x300.jpg 245w\" sizes=\"auto, (max-width: 261px) 100vw, 261px\" \/><\/a><\/figure>\n\n\n\n<p><\/p>\n\n\n\n<p>Serdecznie pozdrawiamy Wszystkich, kt\u00f3rzy odwiedzaj\u0105 t\u0119 stron\u0119 i &#8230; prezentujemy program konferencji z okazji 10 &#8211; lecia naszego mykologicznego towarzystwa. Pragniemy cieszy\u0107 si\u0119 z jubileuszu uczestnicz\u0105c w warsztatach, wystawach i sesjach tematycznych. Pragniemy stworzy\u0107 PLATFORM\u0118 do prezentacji aktualnych bada\u0144 naukowych, aplikacyjnych i artystycznych poszukiwa\u0144 dotycz\u0105cych grzyb\u00f3w, a tak\u017ce przysz\u0142ych projekt\u00f3w. B\u0119d\u0105 wi\u0119c rozmowy, dyskusje &#8230; badaczy i amator\u00f3w, m\u0142odych i do\u015bwiadczonych mykolog\u00f3w z r\u00f3\u017cnych o\u015brodk\u00f3w w Polsce. Czy nam si\u0119 to uda? Ufamy, \u017ce z Pa\u0144stwem TAK. Zapraszamy, bardzo, bardzo. To pierwsze nasze spotkanie nie w chmurze wirtualnej po pandemii.<\/p>\n\n\n\n<p><a href=\"https:\/\/www.ptmyk.pl\/wp-content\/uploads\/2022\/07\/Program_.pdf\">Program w wersji PDF<\/a><\/p>\n\n\n\n<figure class=\"wp-block-image size-large is-resized\"><a href=\"https:\/\/www.ptmyk.pl\/wp-content\/uploads\/2022\/07\/Program_-1-scaled.jpg\"><img loading=\"lazy\" decoding=\"async\" src=\"https:\/\/www.ptmyk.pl\/wp-content\/uploads\/2022\/07\/Program_-1-724x1024.jpg\" alt=\"\" class=\"wp-image-4862\" width=\"362\" height=\"512\" srcset=\"https:\/\/www.ptmyk.pl\/wp-content\/uploads\/2022\/07\/Program_-1-724x1024.jpg 724w, https:\/\/www.ptmyk.pl\/wp-content\/uploads\/2022\/07\/Program_-1-212x300.jpg 212w, https:\/\/www.ptmyk.pl\/wp-content\/uploads\/2022\/07\/Program_-1-768x1086.jpg 768w, https:\/\/www.ptmyk.pl\/wp-content\/uploads\/2022\/07\/Program_-1-1086x1536.jpg 1086w, https:\/\/www.ptmyk.pl\/wp-content\/uploads\/2022\/07\/Program_-1-1448x2048.jpg 1448w, https:\/\/www.ptmyk.pl\/wp-content\/uploads\/2022\/07\/Program_-1-scaled.jpg 1810w\" sizes=\"auto, (max-width: 362px) 100vw, 362px\" \/><\/a><\/figure>\n\n\n\n<figure class=\"wp-block-image size-large is-resized\"><a href=\"https:\/\/www.ptmyk.pl\/wp-content\/uploads\/2022\/07\/Program_-2-scaled.jpg\"><img loading=\"lazy\" decoding=\"async\" src=\"https:\/\/www.ptmyk.pl\/wp-content\/uploads\/2022\/07\/Program_-2-724x1024.jpg\" alt=\"\" class=\"wp-image-4863\" width=\"362\" height=\"512\" srcset=\"https:\/\/www.ptmyk.pl\/wp-content\/uploads\/2022\/07\/Program_-2-724x1024.jpg 724w, https:\/\/www.ptmyk.pl\/wp-content\/uploads\/2022\/07\/Program_-2-212x300.jpg 212w, https:\/\/www.ptmyk.pl\/wp-content\/uploads\/2022\/07\/Program_-2-768x1086.jpg 768w, https:\/\/www.ptmyk.pl\/wp-content\/uploads\/2022\/07\/Program_-2-1086x1536.jpg 1086w, https:\/\/www.ptmyk.pl\/wp-content\/uploads\/2022\/07\/Program_-2-1448x2048.jpg 1448w, https:\/\/www.ptmyk.pl\/wp-content\/uploads\/2022\/07\/Program_-2-scaled.jpg 1810w\" sizes=\"auto, (max-width: 362px) 100vw, 362px\" \/><\/a><\/figure>\n\n\n\n<p><\/p>\n\n\n\n<p><\/p>\n\n\n\n<p><\/p>\n\n\n\n<p><\/p>\n\n\n\n<p>Serdecznie zapraszamy do udzia\u0142u w warsztatach &#8222;<strong>Mykologia w terenie, laboratorium i <em>online<\/em><\/strong>&#8221; w dniach 24-28 wrze\u015bnia 2022 roku<\/p>\n\n\n\n<figure class=\"wp-block-image size-large is-resized\"><a href=\"https:\/\/www.ptmyk.pl\/wp-content\/uploads\/2022\/06\/Warsztaty.jpg\"><img loading=\"lazy\" decoding=\"async\" src=\"https:\/\/www.ptmyk.pl\/wp-content\/uploads\/2022\/06\/Warsztaty-724x1024.jpg\" alt=\"\" class=\"wp-image-4827\" width=\"362\" height=\"512\" srcset=\"https:\/\/www.ptmyk.pl\/wp-content\/uploads\/2022\/06\/Warsztaty-724x1024.jpg 724w, https:\/\/www.ptmyk.pl\/wp-content\/uploads\/2022\/06\/Warsztaty-212x300.jpg 212w, https:\/\/www.ptmyk.pl\/wp-content\/uploads\/2022\/06\/Warsztaty-768x1086.jpg 768w, https:\/\/www.ptmyk.pl\/wp-content\/uploads\/2022\/06\/Warsztaty-1086x1536.jpg 1086w, https:\/\/www.ptmyk.pl\/wp-content\/uploads\/2022\/06\/Warsztaty-1448x2048.jpg 1448w, https:\/\/www.ptmyk.pl\/wp-content\/uploads\/2022\/06\/Warsztaty.jpg 1587w\" sizes=\"auto, (max-width: 362px) 100vw, 362px\" \/><\/a><\/figure>\n\n\n\n<p>Z przyjemno\u015bci\u0105 przedstawiamy Pa\u0144stwu planowane<strong> sesje tematyczne<\/strong> wraz z <strong>osobami prowadz\u0105cymi<\/strong>.<\/p>\n\n\n\n<figure class=\"wp-block-image size-large is-resized\"><a href=\"https:\/\/www.ptmyk.pl\/wp-content\/uploads\/2022\/06\/Ogolnopolska-Konferencja-z-okazji-10-\u2013-lecia-Polskiego-Towarzystwa-Mykologicznego-24-28-wrzesnia-2022-roku-11-1.jpg\"><img loading=\"lazy\" decoding=\"async\" src=\"https:\/\/www.ptmyk.pl\/wp-content\/uploads\/2022\/06\/Ogolnopolska-Konferencja-z-okazji-10-\u2013-lecia-Polskiego-Towarzystwa-Mykologicznego-24-28-wrzesnia-2022-roku-11-1-724x1024.jpg\" alt=\"\" class=\"wp-image-4826\" width=\"362\" height=\"512\" srcset=\"https:\/\/www.ptmyk.pl\/wp-content\/uploads\/2022\/06\/Ogolnopolska-Konferencja-z-okazji-10-\u2013-lecia-Polskiego-Towarzystwa-Mykologicznego-24-28-wrzesnia-2022-roku-11-1-724x1024.jpg 724w, https:\/\/www.ptmyk.pl\/wp-content\/uploads\/2022\/06\/Ogolnopolska-Konferencja-z-okazji-10-\u2013-lecia-Polskiego-Towarzystwa-Mykologicznego-24-28-wrzesnia-2022-roku-11-1-212x300.jpg 212w, https:\/\/www.ptmyk.pl\/wp-content\/uploads\/2022\/06\/Ogolnopolska-Konferencja-z-okazji-10-\u2013-lecia-Polskiego-Towarzystwa-Mykologicznego-24-28-wrzesnia-2022-roku-11-1-768x1086.jpg 768w, https:\/\/www.ptmyk.pl\/wp-content\/uploads\/2022\/06\/Ogolnopolska-Konferencja-z-okazji-10-\u2013-lecia-Polskiego-Towarzystwa-Mykologicznego-24-28-wrzesnia-2022-roku-11-1-1086x1536.jpg 1086w, https:\/\/www.ptmyk.pl\/wp-content\/uploads\/2022\/06\/Ogolnopolska-Konferencja-z-okazji-10-\u2013-lecia-Polskiego-Towarzystwa-Mykologicznego-24-28-wrzesnia-2022-roku-11-1-1448x2048.jpg 1448w, https:\/\/www.ptmyk.pl\/wp-content\/uploads\/2022\/06\/Ogolnopolska-Konferencja-z-okazji-10-\u2013-lecia-Polskiego-Towarzystwa-Mykologicznego-24-28-wrzesnia-2022-roku-11-1.jpg 1587w\" sizes=\"auto, (max-width: 362px) 100vw, 362px\" \/><\/a><\/figure>\n\n\n\n<p><strong>Komunikat trzeci<\/strong>&#8211; konkurs fotograficzny<br><br>Szanowni Pa\u0144stwo,<br><br>Zapraszamy Wszystkich uczestnik\u00f3w konferencji do konkursu fotograficznego prezentuj\u0105cego pi\u0119kno TAJEMNICY \u017cycia zamkni\u0119tej w grzybie. Dwana\u015bcie zdj\u0119\u0107 zostanie wybranych do kalendarza PTMyku na rok 2023, a Autorzy tych zdj\u0119\u0107 zostan\u0105 nagrodzeni. Zdj\u0119cia konkursowe mo\u017cna nadsy\u0142a\u0107 do dnia 31 sierpnia 2022r. na adres e-mail: ptmykfoto@gmail.com w tytule podaj\u0105c \u201ekonkurs fotograficzny z okazji 10-lecia Polskiego Towarzystwa Mykologicznego\u201d. Zdj\u0119cia nale\u017cy przes\u0142a\u0107 w formacie JPG\/PNG w rozdzielczo\u015bci powy\u017cej 300 dpi. Og\u0142oszenie wynik\u00f3w konkursu nast\u0105pi najp\u00f3\u017aniej 28 wrze\u015bnia 2022 r. podczas Og\u00f3lnopolskiej Konferencji Naukowej z okazji 10-lecia Polskiego Towarzystwa Mykologicznego. <br><br><a href=\"https:\/\/www.ptmyk.pl\/wp-content\/uploads\/2022\/06\/Regulamin-konkursu-fotograficznego-PTMyk.pdf\">Regulamin konkursu <\/a><\/p>\n\n\n\n<figure class=\"wp-block-image size-large is-resized\"><a href=\"https:\/\/www.ptmyk.pl\/wp-content\/uploads\/2022\/06\/DSC05032-scaled.jpg\"><img loading=\"lazy\" decoding=\"async\" src=\"https:\/\/www.ptmyk.pl\/wp-content\/uploads\/2022\/06\/DSC05032-1024x683.jpg\" alt=\"\" class=\"wp-image-4808\" width=\"512\" height=\"342\" srcset=\"https:\/\/www.ptmyk.pl\/wp-content\/uploads\/2022\/06\/DSC05032-1024x683.jpg 1024w, https:\/\/www.ptmyk.pl\/wp-content\/uploads\/2022\/06\/DSC05032-300x200.jpg 300w, https:\/\/www.ptmyk.pl\/wp-content\/uploads\/2022\/06\/DSC05032-768x512.jpg 768w, https:\/\/www.ptmyk.pl\/wp-content\/uploads\/2022\/06\/DSC05032-1536x1024.jpg 1536w, https:\/\/www.ptmyk.pl\/wp-content\/uploads\/2022\/06\/DSC05032-2048x1365.jpg 2048w\" sizes=\"auto, (max-width: 512px) 100vw, 512px\" \/><\/a><figcaption><strong>Fot. S. Piskorski,&nbsp;Drobno\u0142uszczak \u017c\u00f3\u0142tawy&nbsp;(<em>Pluteus leoninus<\/em>)<\/strong><\/figcaption><\/figure>\n\n\n\n<p><strong>Komunikat drugi<\/strong><\/p>\n\n\n\n<p id=\"block-4f52cb3e-ea8c-455f-bec3-a9a837158ee2\">Drodzy Pa\u0144stwo,<br>pasjonaci grzyb\u00f3w, cz\u0142onkowie i nie cz\u0142onkowie PTMyku, badacze i amatorzy, w\u0142a\u015bciciele firm wykorzystuj\u0105cych w\u0142a\u015bciwo\u015bci grzyb\u00f3w do r\u00f3\u017cnych produkt\u00f3w i ich hodowcy, arty\u015bci, dla kt\u00f3rych grzyby s\u0105 inspiracj\u0105 &#8211; potwierdzamy, \u017ce nasze spotkanie odb\u0119dzie si\u0119 w dniach<br><strong>24-28 wrze\u015bnia 2022<\/strong> roku (24-25.09.2022 warsztaty, inauguracja konferencji 26.09.2022 godzina 10:00). Gdzie? Na <strong>Wydziale Biologii Uniwersytetu im. Adama Mickiewicza w Poznaniu <\/strong>(ul. Uniwersytetu Pozna\u0144skiego 1).<\/p>\n\n\n\n<p id=\"block-4397e79b-08b5-4d34-a775-e06379aded76\">Zaplanowali\u015bmy osiem sesji tematycznych:<br>\u2022 Mykologiczne innowacje,<br>\u2022 Metabolity grzyb\u00f3w,<br>\u2022 Grzyby a zdrowie cz\u0142owieka,<br>\u2022 Grzyby a architektura i inne dobra kultury,<br>\u2022 Fitopatologia,<br>\u2022 Ewolucja grzyb\u00f3w,<br>\u2022 Ekologia interakcji,<br>\u2022 R\u00f3\u017cnorodno\u015b\u0107 grzyb\u00f3w w Polsce.<br>Wyniki bada\u0144 mo\u017cna prezentowa\u0107 w postaci referatu lub posteru. Mo\u017cliwe jest tak\u017ce bierne uczestnictwo.<\/p>\n\n\n\n<p id=\"block-aac307e9-cd9f-4acd-9e6d-72c3988308d6\">Imprezy towarzysz\u0105ce:<br>\u2022 Warsztaty pt. \u201eMykologia w terenie, laboratorium i on-line\u201d,<br>\u2022 Otwarcie wystawy grzyb\u00f3w wraz z ma\u0142ym pocz\u0119stunkiem,<br>\u2022 Walne Zebranie cz\u0142onk\u00f3w Polskiego Towarzystwa Mykologicznego,<br>\u2022 Oraz uroczysta kolacja w klimatycznej restauracji.<br><\/p>\n\n\n\n<p id=\"block-aac307e9-cd9f-4acd-9e6d-72c3988308d6\">Koszt udzia\u0142u w konferencji wynosi <strong>450 z\u0142.<\/strong> Obejmuje materia\u0142y konferencyjne, przerwy kawowe oraz koszt uczestnictwa w wystawie grzyb\u00f3w w drugim dniu konferencji<br>wraz z pocz\u0119stunkiem.<br>Dodatkowo mo\u017cna wyrazi\u0107 ch\u0119\u0107 wykupienia obiad\u00f3w na czas trwania konferencji (30 z\u0142 za jeden obiad) oraz udzia\u0142u w uroczystej kolacji, kt\u00f3ra odb\u0119dzie si\u0119 27 wrze\u015bnia 2022<br>na Starym Rynku w Poznaniu (koszt uczestnictwa 150 z\u0142). Bardzo zapraszamy<br>na t\u0119 jubileuszow\u0105 kolacj\u0119.<\/p>\n\n\n\n<p id=\"block-aac307e9-cd9f-4acd-9e6d-72c3988308d6\">Op\u0142at\u0119 nale\u017cy dokona\u0107 w nieprzekraczalnym terminie do <strong>30 czerwca 2022<\/strong> roku na konto PTMyku:<br>Bank PKO BP SA 3 oddzia\u0142 \u0141\u00f3d\u017a<br>nr konta: 39 1020 3352 0000 1902 0192 8951<\/p>\n\n\n\n<p id=\"block-aac307e9-cd9f-4acd-9e6d-72c3988308d6\">Zach\u0119camy Pa\u0144stwa do rejestracji poprzez wype\u0142nienie formularza on-line, kt\u00f3ry b\u0119dzie dost\u0119pny do 30 czerwca 2022 roku. Jest to ostateczny termin rejestracji na konferencj\u0119. Link do formularza:<br><a rel=\"noreferrer noopener\" href=\"https:\/\/docs.google.com\/forms\/d\/e\/1FAIpQLSfcC3PRCR-f_XvN_hIlr_SznQLVpKeQLndwExJZW56KBcYOcA\/viewform?usp=sf_link\" target=\"_blank\">https:\/\/docs.google.com\/forms\/d\/e\/1FAIpQLSfcC3PRCR-f_XvN_hIlr_SznQLVpKeQLndwExJZW56KBcYOcA\/viewform?usp=sf_link<\/a><\/p>\n\n\n\n<p id=\"block-9bc0183a-2397-4118-a23b-c757c54f5a54\">Termin nadsy\u0142ania abstrakt\u00f3w mija <strong>30 lipca 2022 <\/strong>roku. Abstrakt prosimy wype\u0142ni\u0107 w formularzu on-line: <a href=\"https:\/\/forms.gle\/RPbbsvrumgGR7eTg6\" target=\"_blank\" rel=\"noreferrer noopener\">https:\/\/forms.gle\/RPbbsvrumgGR7eTg6<\/a><\/p>\n\n\n\n<p id=\"block-d38ccb59-1fbf-466e-8bd5-60ab69960c37\">Link do wydarzenia na Facebooku: <a href=\"https:\/\/www.facebook.com\/events\/638048194007762\" target=\"_blank\" rel=\"noreferrer noopener\">https:\/\/www.facebook.com\/events\/638048194007762<\/a> <\/p>\n\n\n\n<p id=\"block-9c14e67c-7cb1-4b40-a2e6-53a955072e43\">Link do strony PTMyk: <a href=\"https:\/\/www.ptmyk.pl\/?page_id=4735\" target=\"_blank\" rel=\"noreferrer noopener\">https:\/\/www.ptmyk.pl\/?page_id=4735<\/a><\/p>\n\n\n\n<p id=\"block-bb241f21-c242-4648-99e7-a9293c2c7348\">W razie jakichkolwiek pyta\u0144 zapraszamy do kontaktu poprzez email: 10leciePTMyk@gmail.com<\/p>\n\n\n\n<p id=\"block-aaddf6e3-2fb8-4ed6-aefa-097991aa31df\">Zale\u017cy nam, aby to spotkanie, by\u0142o \u201eMykologicznym INKUBATOREM\u201d, w kt\u00f3rym podzielimy si\u0119 wiedz\u0105, umiej\u0119tno\u015bciami, nawi\u0105\u017cemy nowe relacje, a te starsze wzmocnimy<br>i wpadniemy na pomys\u0142y nowych projekt\u00f3w, w kt\u00f3rych grzyby b\u0119d\u0105 kluczowymi organizmami.<\/p>\n\n\n\n<p id=\"block-09babcfc-1cb2-4b3b-94ec-92c27c9f0afb\">Serdecznie zapraszamy WSZYSTKICH !!!!<\/p>\n\n\n\n<p id=\"block-0d820829-b9d0-4d27-9f3f-abd6c302072a\"><em>Organizatorzy konferencji z okazji 10-lecia Polskiego Towarzystwa Mykologicznego<\/em><\/p>\n\n\n\n<p><strong>Komunikat pierwszy<\/strong><\/p>\n\n\n\n<p>Serdecznie zapraszamy do udzia\u0142u w Og\u00f3lnopolskiej Konferencji naukowej z okazji 10-lecia Polskiego Towarzystwa Mykologicznego, kt\u00f3ra b\u0119dzie organizowana przez trzy towarzystwa naukowe: Polskie Towarzystwo Mykologiczne, Polskie Towarzystwo Botaniczne oraz Polskie Towarzystwo Fitopatologiczne. Konferencja odb\u0119dzie si\u0119 w dniach <strong>24-28 wrze\u015bnia 2022 roku stacjonarnie w Poznaniu<\/strong> na terenie kampusu Morasko Uniwersytetu im. Adama Mickiewicza w Poznaniu. Podczas spotkania, poza samymi prezentacjami konferencyjnymi zaplanowane s\u0105 tak\u017ce sesje warsztatowe. Mamy nadziej\u0119, \u017ce wsp\u00f3lne spotkanie b\u0119dzie nie tylko okazj\u0105 do podsumowa\u0144 i spotka\u0144 w gronie mykolog\u00f3w (zar\u00f3wno naukowc\u00f3w jak i amator\u00f3w) po d\u0142ugiej przerwie, ale tak\u017ce pozwoli na zaprezentowanie najnowszych odkry\u0107, nawi\u0105zanie nowych wsp\u00f3\u0142prac oraz wyznaczenie nowych kierunk\u00f3w w odkrywaniu otaczaj\u0105cego nas \u015bwiata.&nbsp;<\/p>\n\n\n\n<p><\/p>\n","protected":false},"excerpt":{"rendered":"<p>Szanowni Pa\u0144stwo, Przekazujemy Pa\u0144stwu ostateczny program warsztat\u00f3w i sesji tematycznych oraz Pa\u0144stwa abstrakty wyst\u0105pie\u0144 na Og\u00f3lnopolskiej Konferencji Naukowej z okazji 10-lecia Polskiego Towarzystwa Mykologicznego. Starli\u015bmy si\u0119, aby te materia\u0142y zrobione dla Pa\u0144stwa by\u0142y jak najlepiej przygotowane. Za wszelkie usterki przepraszamy &hellip; <a href=\"https:\/\/www.ptmyk.pl\/?page_id=4735\">Czytaj dalej <span class=\"meta-nav\">&rarr;<\/span><\/a><\/p>\n","protected":false},"author":1,"featured_media":0,"parent":11,"menu_order":0,"comment_status":"closed","ping_status":"closed","template":"","meta":{"footnotes":""},"class_list":["post-4735","page","type-page","status-publish","hentry"],"_links":{"self":[{"href":"https:\/\/www.ptmyk.pl\/index.php?rest_route=\/wp\/v2\/pages\/4735","targetHints":{"allow":["GET"]}}],"collection":[{"href":"https:\/\/www.ptmyk.pl\/index.php?rest_route=\/wp\/v2\/pages"}],"about":[{"href":"https:\/\/www.ptmyk.pl\/index.php?rest_route=\/wp\/v2\/types\/page"}],"author":[{"embeddable":true,"href":"https:\/\/www.ptmyk.pl\/index.php?rest_route=\/wp\/v2\/users\/1"}],"replies":[{"embeddable":true,"href":"https:\/\/www.ptmyk.pl\/index.php?rest_route=%2Fwp%2Fv2%2Fcomments&post=4735"}],"version-history":[{"count":34,"href":"https:\/\/www.ptmyk.pl\/index.php?rest_route=\/wp\/v2\/pages\/4735\/revisions"}],"predecessor-version":[{"id":5064,"href":"https:\/\/www.ptmyk.pl\/index.php?rest_route=\/wp\/v2\/pages\/4735\/revisions\/5064"}],"up":[{"embeddable":true,"href":"https:\/\/www.ptmyk.pl\/index.php?rest_route=\/wp\/v2\/pages\/11"}],"wp:attachment":[{"href":"https:\/\/www.ptmyk.pl\/index.php?rest_route=%2Fwp%2Fv2%2Fmedia&parent=4735"}],"curies":[{"name":"wp","href":"https:\/\/api.w.org\/{rel}","templated":true}]}}