{"id":454,"date":"2012-11-20T13:13:34","date_gmt":"2012-11-20T12:13:34","guid":{"rendered":"https:\/\/www.ptmyk.pl\/?page_id=454"},"modified":"2012-11-22T10:05:37","modified_gmt":"2012-11-22T09:05:37","slug":"materialy-z-walnego-zgromadzenia-czlonkow-ptmyk","status":"publish","type":"page","link":"https:\/\/www.ptmyk.pl\/?page_id=454","title":{"rendered":"Materia\u0142y z Walnego Zgromadzenia Cz\u0142onk\u00f3w PTMyk"},"content":{"rendered":"<p>1)<a href=\"https:\/\/www.ptmyk.pl\/wp-content\/uploads\/2012\/11\/Program-Walnego-Zgromadzenia-20121.pdf\" target=\"_blank\"> Program Walnego Zgromadzenia<\/a><\/p>\n<p>2)<a href=\"https:\/\/www.ptmyk.pl\/wp-content\/uploads\/2012\/11\/sprawozdanie_zarzad_2012.pdf\" target=\"_blank\"> Sprawozdanie z dzia\u0142alno\u015bci Zarz\u0105du Polskiego Towarzystwa Mykologicznego za okres 6.11.2011 do 16.11.2012<\/a><\/p>\n<p>3) <a href=\"https:\/\/www.ptmyk.pl\/wp-content\/uploads\/2012\/11\/sprawozdanie_KR_2012.pdf\" target=\"_blank\">Sprawozdanie z dzia\u0142alno\u015bci Komisji Rewizyjnej Polskiego Towarzystwa Mykologicznego za okres 6.11.2011 do 16.11.2012<\/a><\/p>\n<p>4) Prezentacje w formacie pdf:<\/p>\n<ul>\n<li><a href=\"https:\/\/www.ptmyk.pl\/wp-content\/uploads\/2012\/11\/spr_zarzadu_prezentacja.pdf\" target=\"_blank\">sprawozdanie zarz\u0105du<\/a> &#8211; M. Ruszkiewicz-Michalska<\/li>\n<li><a href=\"https:\/\/www.ptmyk.pl\/wp-content\/uploads\/2012\/11\/Podstawy-finansowe-funkcjonowania-Towarzystwa.pdf\" target=\"_blank\">dzia\u0142alno\u015b\u0107 finansowa<\/a> &#8211; J. Paw\u0142owska<\/li>\n<li><a href=\"https:\/\/www.ptmyk.pl\/wp-content\/uploads\/2012\/11\/biebrza_prezentacja.pdf\" target=\"_blank\">sprawozdanie z sesji terenowej w Biebrza\u0144skim PN<\/a> &#8211; A. Kujawa<\/li>\n<li><a href=\"https:\/\/www.ptmyk.pl\/wp-content\/uploads\/2012\/11\/Prezentacja-logo.pdf\" target=\"_blank\">oficjalny znak graficzny PTMyk<\/a> &#8211; I. Ka\u0142ucka<\/li>\n<li><a href=\"https:\/\/www.ptmyk.pl\/wp-content\/uploads\/2012\/11\/ochrona_grzyb\u00f3w_A.Kepel_.pdf\" target=\"_blank\">nowe zasady ochrony gatunkowej grzyb\u00f3w<\/a> &#8211; A. Kepel<\/li>\n<li><a href=\"https:\/\/www.ptmyk.pl\/wp-content\/uploads\/2012\/11\/ochr_gat._A.Kujawa.pdf\" target=\"_blank\">ochrona gatunkowa grzyb\u00f3w<\/a> &#8211; A. Kujawa<\/li>\n<li><a href=\"https:\/\/www.ptmyk.pl\/wp-content\/uploads\/2012\/11\/One-Fungus-Which-Name.pdf\" target=\"_blank\">&#8222;One Fungus = Which Name?&#8221;<\/a> &#8211; J. Paw\u0142owska<\/li>\n<li><a href=\"https:\/\/www.ptmyk.pl\/wp-content\/uploads\/2012\/11\/wydawnicze.pdf\" target=\"_blank\">najnowsze wydawnictwa mykologiczne<\/a> &#8211; Z. Sierota<\/li>\n<\/ul>\n<p>5) Link do polskiego trailera filmu &#8222;<a href=\"http:\/\/www.youtube.com\/watch?v=SJOFD3NXDN8\" target=\"_blank\">Tam, gdzie rosn\u0105 grzyby<\/a>&#8222;<\/p>\n","protected":false},"excerpt":{"rendered":"<p>1) Program Walnego Zgromadzenia 2) Sprawozdanie z dzia\u0142alno\u015bci Zarz\u0105du Polskiego Towarzystwa Mykologicznego za okres 6.11.2011 do 16.11.2012 3) Sprawozdanie z dzia\u0142alno\u015bci Komisji Rewizyjnej Polskiego Towarzystwa Mykologicznego za okres 6.11.2011 do 16.11.2012 4) Prezentacje w formacie pdf: sprawozdanie zarz\u0105du &#8211; M. &hellip; <a href=\"https:\/\/www.ptmyk.pl\/?page_id=454\">Czytaj dalej <span class=\"meta-nav\">&rarr;<\/span><\/a><\/p>\n","protected":false},"author":1,"featured_media":0,"parent":113,"menu_order":0,"comment_status":"closed","ping_status":"closed","template":"","meta":{"footnotes":""},"class_list":["post-454","page","type-page","status-publish","hentry"],"_links":{"self":[{"href":"https:\/\/www.ptmyk.pl\/index.php?rest_route=\/wp\/v2\/pages\/454","targetHints":{"allow":["GET"]}}],"collection":[{"href":"https:\/\/www.ptmyk.pl\/index.php?rest_route=\/wp\/v2\/pages"}],"about":[{"href":"https:\/\/www.ptmyk.pl\/index.php?rest_route=\/wp\/v2\/types\/page"}],"author":[{"embeddable":true,"href":"https:\/\/www.ptmyk.pl\/index.php?rest_route=\/wp\/v2\/users\/1"}],"replies":[{"embeddable":true,"href":"https:\/\/www.ptmyk.pl\/index.php?rest_route=%2Fwp%2Fv2%2Fcomments&post=454"}],"version-history":[{"count":3,"href":"https:\/\/www.ptmyk.pl\/index.php?rest_route=\/wp\/v2\/pages\/454\/revisions"}],"predecessor-version":[{"id":473,"href":"https:\/\/www.ptmyk.pl\/index.php?rest_route=\/wp\/v2\/pages\/454\/revisions\/473"}],"up":[{"embeddable":true,"href":"https:\/\/www.ptmyk.pl\/index.php?rest_route=\/wp\/v2\/pages\/113"}],"wp:attachment":[{"href":"https:\/\/www.ptmyk.pl\/index.php?rest_route=%2Fwp%2Fv2%2Fmedia&parent=454"}],"curies":[{"name":"wp","href":"https:\/\/api.w.org\/{rel}","templated":true}]}}