{"id":446,"date":"2012-11-20T12:36:22","date_gmt":"2012-11-20T11:36:22","guid":{"rendered":"https:\/\/www.ptmyk.pl\/?page_id=446"},"modified":"2024-08-22T11:22:41","modified_gmt":"2024-08-22T09:22:41","slug":"sprawozdania","status":"publish","type":"page","link":"https:\/\/www.ptmyk.pl\/?page_id=446","title":{"rendered":"Sprawozdania"},"content":{"rendered":"<p>1) <a href=\"https:\/\/www.ptmyk.pl\/wp-content\/uploads\/2012\/11\/sprawozdanie_zarzad_2012.pdf\" target=\"_blank\" rel=\"noopener noreferrer\">Sprawozdanie z dzia\u0142alno\u015bci Zarz\u0105du Polskiego Towarzystwa Mykologicznego w okresie od 06.11.2011 do 16.11.2012<\/a><\/p>\n<p>2) <a href=\"https:\/\/www.ptmyk.pl\/wp-content\/uploads\/2012\/11\/sprawozdanie_KR_2012.pdf\" target=\"_blank\" rel=\"noopener noreferrer\">Sprawozdanie z dzia\u0142alno\u015bci Komisji Rewizyjnej Polskiego Towarzystwa Mykologicznego w okresie od 06.11.2011 do 16.11.2012<\/a><\/p>\n<p>3) <a href=\"https:\/\/www.ptmyk.pl\/wp-content\/uploads\/2012\/11\/sprawozdanieZARZ\u0104DUzdzia\u0142alno\u015bci2012-2014.pdf\" target=\"_blank\" rel=\"noopener noreferrer\">Sprawozdanie z dzia\u0142alno\u015bci Zarz\u0105du Polskiego Towarzystwa Mykologicznego w okresie od 17.11.2012 do 23.09.2014<\/a><\/p>\n<p>4) Sprawozdanie z dzia\u0142alno\u015bci Zarz\u0105du Polskiego Towarzystwa Mykologicznego w okresie od 17.11.2012 do 19.11.2016<\/p>\n<p><a href=\"https:\/\/www.ptmyk.pl\/wp-content\/uploads\/2018\/12\/SprawozdanieBiotechnologiaGrzyb\u00f3w.pdf\" target=\"_blank\" rel=\"noopener noreferrer\">5) Sprawozdanie z dzia\u0142alno\u015bci Sekcji Biotechnologia grzyb\u00f3w za lata 2016-2018<\/a><\/p>\n<p><a href=\"https:\/\/www.ptmyk.pl\/wp-content\/uploads\/2018\/12\/sprawozdanie-z-dzia\u0142alno\u015bci-2016-18.pdf\" target=\"_blank\" rel=\"noopener noreferrer\">6) Sprawozdanie z dzia\u0142alno\u015bci Zarz\u0105du Polskiego Towarzystwa Mykologicznego w okresie od 19.11.2016 do 8.12.2018<\/a><\/p>\n<p>7) <a href=\"https:\/\/www.ptmyk.pl\/wp-content\/uploads\/2020\/11\/sprawozdanie-Zarz\u0105du-G\u0142\u00f3wnego-2016-2020.pdf\" target=\"_blank\" rel=\"noopener noreferrer\">Sprawozdanie z dzia\u0142alno\u015bci Zarz\u0105du Polskiego Towarzystwa Mykologicznego w okresie od 19.11.2016 do 05.12.2020<\/a><\/p>\n<p>8)<a href=\"https:\/\/www.ptmyk.pl\/wp-content\/uploads\/2020\/12\/sprawozdaniaWZ2020.zip\" target=\"_blank\" rel=\"noopener noreferrer\"> Sprawozdania z dzia\u0142alno\u015bci Sekcji i Komisji wraz za\u0142\u0105cznikami (katalog zip)<\/a><\/p>\n\n\n<p>9) <a href=\"https:\/\/www.ptmyk.pl\/wp-content\/uploads\/2023\/03\/Sprawozdanie-z-dzialalnosci-Polskiego-Towarzystwa-Mykologicznego-5.12-20.12.22-final.pdf\">Sprawozdanie z dzia\u0142alno\u015bci Zarz\u0105du Polskiego Towarzystwa Mykologicznego w okresie od 05.12.2020 do 20.12.202<\/a>2<\/p>\n","protected":false},"excerpt":{"rendered":"<p>1) Sprawozdanie z dzia\u0142alno\u015bci Zarz\u0105du Polskiego Towarzystwa Mykologicznego w okresie od 06.11.2011 do 16.11.2012 2) Sprawozdanie z dzia\u0142alno\u015bci Komisji Rewizyjnej Polskiego Towarzystwa Mykologicznego w okresie od 06.11.2011 do 16.11.2012 3) Sprawozdanie z dzia\u0142alno\u015bci Zarz\u0105du Polskiego Towarzystwa Mykologicznego w okresie od &hellip; <a href=\"https:\/\/www.ptmyk.pl\/?page_id=446\">Czytaj dalej <span class=\"meta-nav\">&rarr;<\/span><\/a><\/p>\n","protected":false},"author":1,"featured_media":0,"parent":9,"menu_order":0,"comment_status":"closed","ping_status":"closed","template":"","meta":{"footnotes":""},"class_list":["post-446","page","type-page","status-publish","hentry"],"_links":{"self":[{"href":"https:\/\/www.ptmyk.pl\/index.php?rest_route=\/wp\/v2\/pages\/446","targetHints":{"allow":["GET"]}}],"collection":[{"href":"https:\/\/www.ptmyk.pl\/index.php?rest_route=\/wp\/v2\/pages"}],"about":[{"href":"https:\/\/www.ptmyk.pl\/index.php?rest_route=\/wp\/v2\/types\/page"}],"author":[{"embeddable":true,"href":"https:\/\/www.ptmyk.pl\/index.php?rest_route=\/wp\/v2\/users\/1"}],"replies":[{"embeddable":true,"href":"https:\/\/www.ptmyk.pl\/index.php?rest_route=%2Fwp%2Fv2%2Fcomments&post=446"}],"version-history":[{"count":11,"href":"https:\/\/www.ptmyk.pl\/index.php?rest_route=\/wp\/v2\/pages\/446\/revisions"}],"predecessor-version":[{"id":5649,"href":"https:\/\/www.ptmyk.pl\/index.php?rest_route=\/wp\/v2\/pages\/446\/revisions\/5649"}],"up":[{"embeddable":true,"href":"https:\/\/www.ptmyk.pl\/index.php?rest_route=\/wp\/v2\/pages\/9"}],"wp:attachment":[{"href":"https:\/\/www.ptmyk.pl\/index.php?rest_route=%2Fwp%2Fv2%2Fmedia&parent=446"}],"curies":[{"name":"wp","href":"https:\/\/api.w.org\/{rel}","templated":true}]}}