{"id":3027,"date":"2017-01-04T21:40:59","date_gmt":"2017-01-04T20:40:59","guid":{"rendered":"https:\/\/www.ptmyk.pl\/?page_id=3027"},"modified":"2025-05-15T16:47:36","modified_gmt":"2025-05-15T14:47:36","slug":"dzialalnosc-prowadzona-pod-patronatem-polskiego-towarzystwa-mykologicznego","status":"publish","type":"page","link":"https:\/\/www.ptmyk.pl\/?page_id=3027","title":{"rendered":"Dzia\u0142alno\u015b\u0107 prowadzona pod patronatem Polskiego Towarzystwa Mykologicznego"},"content":{"rendered":"\n<p>WNIOSEK O PATRONAT<\/p>\n\n\n\n<p>Aby uzyska\u0107 Patronat Polskiego Towarzystwa Mykologicznego, nale\u017cy zapozna\u0107 si\u0119 z zasadami organizacji wydarze\u0144 pod patronatem PTMyk [<a href=\"https:\/\/www.ptmyk.pl\/wp-content\/uploads\/2020\/12\/uchwala_1_24.07.2017.pdf\" target=\"_blank\" rel=\"noreferrer noopener\">pobierz plik<\/a>], nast\u0119pnie z\u0142o\u017cy\u0107 do Zarz\u0105du wype\u0142niony wniosek [<a href=\"https:\/\/www.ptmyk.pl\/wp-content\/uploads\/2013\/03\/wniosek-o-patronat-PTMyk.docx\" target=\"_blank\" rel=\"noreferrer noopener\">pobierz plik docx<\/a>] na adres mailowy: polskietowarzystwomykologiczne@gmail.com                                                                                      b\u0105d\u017a poczt\u0105 na adres:                                                                                                                                 Polskie Towarzystwo Mykologiczne<br>Al. Jerozolimskie 89\/43<br>02-001 Warszawa<\/p>\n\n\n\n<p>Rozpatrzenie wniosku wraz z udzieleniem decyzji Zarz\u0105du nast\u0105pi do 3 tygodni.<\/p>\n\n\n<\/p>\n<p><a href=\"https:\/\/www.ptmyk.pl\/wp-content\/uploads\/2020\/12\/archium-patronat\u00f3w.zip\" target=\"_blank\" rel=\"noopener noreferrer\">ARCHIWUM 2017-2020<\/a><\/p>\n<ul>\n<li>17-18.06.2021 &#8211; konferencja &#8222;Metagenomy r\u00f3\u017cnych \u015brodowisk&#8221; &#8211; Magdalena Fr\u0105c<\/li>\n<li>30.3.2021 &#8211; wyk\u0142ad YouTube &#8222;Na ramionach olbrzym\u00f3w&#8221; &#8211; Marta Wrzosek<\/li>\n<li>listopad 2021 &#8211; Numer specjalny Forntiers in Microbiology on soil fungal diversity &#8211; Magdalena Fr\u0105c, Ma\u0142gorzata J\u0119dryczka<\/li>\n<li>2021 &#8211; przygotowanie &#8222;Kaszubskiego s\u0142ownik mykologicznego z rozpraw\u0105 o grzybach w kulturze i literaturze kaszubskiej&#8221; &#8211; Tomasz Fopke<\/li>\n<li>marzec 2021 &#8211; panel mykologiczny podczas festiwalu &#8222;Nowe epifanie&#8221; &#8211; Marta Wrzosek<\/li>\n<li>luty 2021 &#8211; wydanie podr\u0119cznika w j\u0119zyku angielskim Microbial biotechnology in the laboratory and in practice. Theory, exercises and specialist laboratories. &#8211; Miros\u0142awa S\u0142aba<\/li>\n<li>15.1.2021 kalendarz na rok 2021 &#8211; Miros\u0142aw Wantoch-Rekowski<\/li>\n<li>8.1.2021 Noc Biolog\u00f3w: wyk\u0142ad &#8222;Symbiotyczne oblicza grzyb\u00f3w&#8221; &#8211; Ma\u0142gorzata Ruszkiewicz-Michalska, Dominika \u015alusarczyk<\/li>\n<li>8.1.2021 Noc Biolog\u00f3w: wycieczki i spotkania on-line: \u201eCo skrywaj\u0105 mykolodzy za drzwiami laboratorium?\u201d &#8211; Anna Biedunkiewicz<\/li>\n<li>8.1.2021 Noc Biolog\u00f3w: film &#8222;O magii poszukiwania, czyli opowie\u015b\u0107 o tym jak zosta\u0107 odkrywc\u0105\u201d &#8211; Igor Siedlecki, Alicja Okrasi\u0144ska, Grzegorz Ostrowski, Julia Paw\u0142owska<\/li>\n<\/ul>","protected":false},"excerpt":{"rendered":"<p>WNIOSEK O PATRONAT Aby uzyska\u0107 Patronat Polskiego Towarzystwa Mykologicznego, nale\u017cy zapozna\u0107 si\u0119 z zasadami organizacji wydarze\u0144 pod patronatem PTMyk [pobierz plik], nast\u0119pnie z\u0142o\u017cy\u0107 do Zarz\u0105du wype\u0142niony wniosek [pobierz plik docx] na adres mailowy: polskietowarzystwomykologiczne@gmail.com b\u0105d\u017a poczt\u0105 na adres: Polskie Towarzystwo &hellip; <a href=\"https:\/\/www.ptmyk.pl\/?page_id=3027\">Czytaj dalej <span class=\"meta-nav\">&rarr;<\/span><\/a><\/p>\n","protected":false},"author":1,"featured_media":0,"parent":0,"menu_order":0,"comment_status":"closed","ping_status":"closed","template":"","meta":{"footnotes":""},"class_list":["post-3027","page","type-page","status-publish","hentry"],"_links":{"self":[{"href":"https:\/\/www.ptmyk.pl\/index.php?rest_route=\/wp\/v2\/pages\/3027","targetHints":{"allow":["GET"]}}],"collection":[{"href":"https:\/\/www.ptmyk.pl\/index.php?rest_route=\/wp\/v2\/pages"}],"about":[{"href":"https:\/\/www.ptmyk.pl\/index.php?rest_route=\/wp\/v2\/types\/page"}],"author":[{"embeddable":true,"href":"https:\/\/www.ptmyk.pl\/index.php?rest_route=\/wp\/v2\/users\/1"}],"replies":[{"embeddable":true,"href":"https:\/\/www.ptmyk.pl\/index.php?rest_route=%2Fwp%2Fv2%2Fcomments&post=3027"}],"version-history":[{"count":26,"href":"https:\/\/www.ptmyk.pl\/index.php?rest_route=\/wp\/v2\/pages\/3027\/revisions"}],"predecessor-version":[{"id":6005,"href":"https:\/\/www.ptmyk.pl\/index.php?rest_route=\/wp\/v2\/pages\/3027\/revisions\/6005"}],"wp:attachment":[{"href":"https:\/\/www.ptmyk.pl\/index.php?rest_route=%2Fwp%2Fv2%2Fmedia&parent=3027"}],"curies":[{"name":"wp","href":"https:\/\/api.w.org\/{rel}","templated":true}]}}