{"id":3022,"date":"2017-01-04T21:35:27","date_gmt":"2017-01-04T20:35:27","guid":{"rendered":"https:\/\/www.ptmyk.pl\/?page_id=3022"},"modified":"2024-02-04T17:58:54","modified_gmt":"2024-02-04T16:58:54","slug":"projekty-i-publikacje-czlonkow","status":"publish","type":"page","link":"https:\/\/www.ptmyk.pl\/?page_id=3022","title":{"rendered":"Projekty i publikacje"},"content":{"rendered":"<p><strong>Projekty i publikacje Polskiego Towarzystwa Mykologicznego<\/strong><\/p>\n<p><span style=\"text-decoration: underline;\">Projekty:<\/span><\/p>\n<p>2024-2027: Biodiversa+ European Biodiversity Partnership: FunDive \u2013 Monitorowanie i mapowanie r\u00f3\u017cnorodno\u015bci grzyb\u00f3w na potrzeby ochrony przyrody (<a href=\"https:\/\/fun-dive.eu\/\" target=\"_blank\" rel=\"noopener\">https:\/\/fun-dive.eu\/<\/a>)<\/p>\n<p><a href=\"https:\/\/www.ptmyk.pl\/?page_id=4657\">2021- 2023: MEiN nr nr SONP\/SN\/514458\/20211: MYKOTEKA<\/a><\/p>\n<p>2020-2021: MNiSW nr DNM\/SP\/468952\/2020: Monografia \u201cGrzyby chronione Polski\u201d<\/p>\n<p>2018-2019: MNiSW nr 964\/P-DUN\/2018: Organizacja XVIII Kongresu Europejskich<br \/>\nMykolog\u00f3w<\/p>\n<p><span style=\"text-decoration: underline;\">Publikacje:<\/span><\/p>\n<ul>\n<li>Domian, Gra\u017cyna; Konik, Judyta; Kud\u0142awiec, Barbara; Kujawa, Anna; Lo\u017cek, Marcin; Naser, Gra\u017cyna; Paw\u0142owska, Julia; Piskorski, Sebastian; Rosa-Gruszecka, Aleksandra; Stasi\u0144ska, Ma\u0142gorzata; Stok\u0142osa, Natalia (2022). Mycological reports of the Fungal Diversity and Conservation Section of the Polish Mycological Society. Part 2. Przegl\u0105d Przyrodniczy, vol. XXXIII, no. 4, 12-59 [<a href=\"https:\/\/www.kp.org.pl\/images\/pp\/artyku%C5%82y_od_2019\/4_2022_XXXIII_4\/Domian%20et%20al_2022_Obserwacje%20mykologiczne.pdf\">pobierz pdf<\/a>].<\/li>\n<li>Gorczak M., Siedlecki I., B\u0142ocka Z., Cullen M., Daniele I., Fox H., Harder C., Kinnunen J., Kochanowski M., Krisai-Greilhuber I., Majchrowska M., Meiere D., Oberhofer M., Schigel, D., Senn-Irlet B., Wiktorowicz D., Wrzosek M., Paw\u0142owska J. (2021). 18th Congress of European Mycologists Bioblitz 2019 \u2013 Naturalists Contribute to the Knowledge of Mycobiota and Lichenobiota of Bia\u0142owie\u017ca Primeval Forest. Acta Mycologica, 55 (2), pp. 55211 [<a href=\"https:\/\/pbsociety.org.pl\/journals\/index.php\/am\/article\/view\/am.55211\/8039\">pobierz plik pdf<\/a>].<\/li>\n<li>Ruszkiewicz-Michalska M.,S.Ba\u0142azy, J. Che\u0142kowski, M.Dynowska, J.Paw\u0142owska, E.Sucharzewska, J.Szkodzik, C.Tkaczuk. M.Wilk, M.Wrzosek (2015). Preliminary studies of fungi in the Biebrza National Park (NE Poland). Part III. Micromycetes \u2013 new data, Acta Mycologica, 50(2): 1067 <a href=\"https:\/\/pbsociety.org.pl\/journals\/index.php\/am\/article\/view\/am.1067\" target=\"_blank\" rel=\"noopener\">[pobierz plik pdf]<\/a>.<\/li>\n<li>Kujawa A., Gierczyk B., Domian G., Wrzosek M., Stasi\u0144ska M., Szkodzik J., Leski T., Karli\u0144ski L., Pietras M., Dynowska M., Henel A., \u015alusarczyk D., Kubiak D. (2015) Preliminary studies of fungi in the Biebrza National Park. Part IV. Macromycetes \u2013 new data and the synthesis. Acta Mycologica, 50(2): 1070 [<a href=\"https:\/\/pbsociety.org.pl\/journals\/index.php\/am\/article\/view\/am.1070\/5781\" target=\"_blank\" rel=\"noopener\">pobierz plik pdf<\/a>].<\/li>\n<li>Ruszkiewicz Michalska M., Tkaczuk C., Dynowska M.,\u00a0 Sucharzewska E., Szkodzik J., Wrzosek M. (2012) Preliminary studies of fungi in the Biebrza National Park (NE Poland). I. Micromycetes. Acta Mycologica 47(2): 213-234. [<a href=\"http:\/\/pbsociety.org.pl\/journals\/index.php\/am\/article\/view\/am.2012.026\" target=\"_blank\" rel=\"noopener\">pobierz plik pdf<\/a>]<\/li>\n<li>Kujawa A., Wrzosek M., Domian G., K\u0119dra K., Szkodzik J., Rudawska M., Leski T., Karli\u0144ski L., Pietras M., Gierczyk B., Dynowska M., \u015alusarczyk D., Ka\u0142ucka I., \u0141awrynowicz M. (2012) Preliminary studies of fungi in the Biebrza National Park (NE Poland). II.Macromycetes. Acta Mycologica 47(2): 235-264. [<a href=\"http:\/\/pbsociety.org.pl\/journals\/index.php\/am\/article\/view\/am.2012.027\" target=\"_blank\" rel=\"noopener\">pobierz plik pdf<\/a>]<\/li>\n<\/ul>\n<p><strong>Projekty i publikacje cz\u0142onk\u00f3w Polskiego Towarzystwa Mykologicznego<\/strong><\/p>\n<p><span style=\"color: #0000ff;\">[dane w poni\u017cszej sekcji\u00a0 nie s\u0105 aktualizowane od grudnia 2020]<\/span><\/p>\n<p><span style=\"text-decoration: underline;\">Projekty:<\/span><\/p>\n<ul>\n<li><a href=\"http:\/\/www.soilcare-project.eu\/12-partner-description\/31-20-iapan\">Soil Care for profitable and sustainable crop production in Europe (SOILCARE)<\/a>, (wykonawca: M. Fr\u0105c, koordynator IA PAN: J. Lipiec, koordynator projektu: R. Hessel), Horyzont 2020, 2016-2021.<\/li>\n<li><a href=\"http:\/\/isqaper-project.eu\/project-partners\/11-institute-of-agrophysics-of-the-polish-academy-of-sciences\">Interactive Soil Quality Assessment in Europe and China for Agricultural Productivity and Environmental Resilience (iSQAPER)<\/a>, (wykonawca: M. Fr\u0105c, koordynator IA PAN: J. Lipiec, koordynator projektu: C. Ritsema), Horyzont 2020, 2015-2020.<\/li>\n<li>Modyfikacje lipidomu mikroskopowych grzyb\u00f3w glebowych w odpowiedzi na wybrane herbicydy, (kierownik: P. Bernat, wykonawcy: S. R\u00f3\u017calska, M. S\u0142aba), Narodowe Centrum Nauki, 2016-2018.<\/li>\n<li>Ewolucja zdolno\u015bci asymilacji r\u00f3\u017cnych \u017ar\u00f3de\u0142 w\u0119gla u przedstawicieli rz\u0119du Mucorales (kierownik: J. Paw\u0142owska), NCN, SONATA, 2016-2019.<\/li>\n<li>Light influence on <em>Cerrena unicolor<\/em> metabolism 2015-2018: <a href=\"http:\/\/www.umcs.pl\/en\/cerrenalight.htm\" target=\"_blank\" rel=\"noopener\">http:\/\/www.umcs.pl\/en\/cerrenalight.htm <\/a>&#8211; Grzegorz Janusz 2015-2018<\/li>\n<li>Importance of <em>Cerrena unicolor<\/em> laccase in adaptation to degradation of several wood kinds in various environmental conditions: <a href=\"http:\/\/www.umcs.pl\/en\/cerrena.htm\" target=\"_blank\" rel=\"noopener\">http:\/\/www.umcs.pl\/en\/cerrena.htm <\/a>&#8211; Grzegorz Janusz 2013-2016<\/li>\n<li><a href=\"http:\/\/projekty.ipan.lublin.pl\/pl\/info\/sonata-m-frac_pl\">Wyst\u0119powanie, detekcja oraz charakterystyka molekularna i metaboliczna toksynotw\u00f3rczych grzyb\u00f3w termoopornych (<i>Neosartorya fischeri<\/i> i <i>Byssochlamys fulva<\/i>)<\/a>, (kierownik projektu: M. Fr\u0105c), NCN, SONATA, 2013-2016.<\/li>\n<li>Opracowanie i optymalizacja metod izolacji, wykrywania i identyfikacji grzyb\u00f3w z gatunku <i>Talaromyces flavus<\/i>, (opiekun naukowy: M. Fr\u0105c; kierownik: J. Panek), MNiSW, Diamentowy grant, 2013-2016.<\/li>\n<li><a href=\"https:\/\/www.ptmyk.pl\/?page_id=1681\" target=\"_blank\" rel=\"noopener\">Inwentaryzacja grzyb\u00f3w Biebrza\u0144skiego Parku Narodowego &#8211; Polskie Towarzystwo Mykologiczne 2012-2013<\/a><\/li>\n<li><a href=\"http:\/\/biopreparat.ipan.lublin.pl\/pl\/strona-glowna\/\">Opracowanie innowacyjnego biopreparatu do optymalizacji procesu fermentacji metanowej odpad\u00f3w organicznych<\/a>, (kierownik projektu: M. Fr\u0105c), NCBiR, LIDER, 2011-2014.<\/li>\n<li>\u201eMikrobiologiczna degradacja ksenoestrogen\u00f3w i estrogen\u00f3w w obecno\u015bci metali ci\u0119\u017ckich i NaCl\u201d, (wykonawca: S. R\u00f3\u017calska), Ministerstwo Nauki i Szkolnictwa Wy\u017cszego Rzeczypospolitej Polskiej, 2011\u20132014.<\/li>\n<li>projekt rozwojowy \u201eOpracowanie enzymatycznego odka\u017calnika do usuwania ska\u017ce\u0144 spowodowanych sarinem i iperytem siarkowym\u201d, (wykonawca: S. R\u00f3\u017calska), Ministerstwo Nauki i Szkolnictwa Wy\u017cszego Rzeczypospolitej Polskiej, 2008-2010.<\/li>\n<\/ul>\n<p>Publikacje:<\/p>\n<ul>\n<li>Koz\u0142owska M., Mu\u0142enko W., Anusiewicz M., Mamczarz M. 2019. \u201eAn Annotated Catalogue of the Fungal Biota of the Roztocze Upland. Richness, Diversity and Distribution\u201d. Wydawnictwo UMCS. [<a href=\"https:\/\/www.ptmyk.pl\/wp-content\/uploads\/2019\/05\/Annotated-Catalogue_2019.0002.pdf\">link do pobrania<\/a>]<\/li>\n<\/ul>\n","protected":false},"excerpt":{"rendered":"<p>Projekty i publikacje Polskiego Towarzystwa Mykologicznego Projekty: 2024-2027: Biodiversa+ European Biodiversity Partnership: FunDive \u2013 Monitorowanie i mapowanie r\u00f3\u017cnorodno\u015bci grzyb\u00f3w na potrzeby ochrony przyrody (https:\/\/fun-dive.eu\/) 2021- 2023: MEiN nr nr SONP\/SN\/514458\/20211: MYKOTEKA 2020-2021: MNiSW nr DNM\/SP\/468952\/2020: Monografia \u201cGrzyby chronione Polski\u201d 2018-2019: &hellip; <a href=\"https:\/\/www.ptmyk.pl\/?page_id=3022\">Czytaj dalej <span class=\"meta-nav\">&rarr;<\/span><\/a><\/p>\n","protected":false},"author":1,"featured_media":0,"parent":0,"menu_order":0,"comment_status":"closed","ping_status":"closed","template":"","meta":{"footnotes":""},"class_list":["post-3022","page","type-page","status-publish","hentry"],"_links":{"self":[{"href":"https:\/\/www.ptmyk.pl\/index.php?rest_route=\/wp\/v2\/pages\/3022","targetHints":{"allow":["GET"]}}],"collection":[{"href":"https:\/\/www.ptmyk.pl\/index.php?rest_route=\/wp\/v2\/pages"}],"about":[{"href":"https:\/\/www.ptmyk.pl\/index.php?rest_route=\/wp\/v2\/types\/page"}],"author":[{"embeddable":true,"href":"https:\/\/www.ptmyk.pl\/index.php?rest_route=\/wp\/v2\/users\/1"}],"replies":[{"embeddable":true,"href":"https:\/\/www.ptmyk.pl\/index.php?rest_route=%2Fwp%2Fv2%2Fcomments&post=3022"}],"version-history":[{"count":21,"href":"https:\/\/www.ptmyk.pl\/index.php?rest_route=\/wp\/v2\/pages\/3022\/revisions"}],"predecessor-version":[{"id":5448,"href":"https:\/\/www.ptmyk.pl\/index.php?rest_route=\/wp\/v2\/pages\/3022\/revisions\/5448"}],"wp:attachment":[{"href":"https:\/\/www.ptmyk.pl\/index.php?rest_route=%2Fwp%2Fv2%2Fmedia&parent=3022"}],"curies":[{"name":"wp","href":"https:\/\/api.w.org\/{rel}","templated":true}]}}