{"id":2880,"date":"2016-11-22T11:07:11","date_gmt":"2016-11-22T10:07:11","guid":{"rendered":"https:\/\/www.ptmyk.pl\/?page_id=2880"},"modified":"2017-01-26T14:26:51","modified_gmt":"2017-01-26T13:26:51","slug":"grzegorz-janusz","status":"publish","type":"page","link":"https:\/\/www.ptmyk.pl\/?page_id=2880","title":{"rendered":"Grzegorz Janusz"},"content":{"rendered":"<p><a href=\"https:\/\/www.ptmyk.pl\/wp-content\/uploads\/2016\/11\/Gjanusz.png\"><img loading=\"lazy\" decoding=\"async\" class=\"alignleft size-full wp-image-2882\" alt=\"Gjanusz\" src=\"https:\/\/www.ptmyk.pl\/wp-content\/uploads\/2016\/11\/Gjanusz.png\" width=\"195\" height=\"270\" \/><\/a>Zak\u0142ad Biochemii<br \/>\nInstytut Biologii i Biochemii<br \/>\nWydzia\u0142 Biologii i Biotechnologii<br \/>\nUniwersytet Marii Curie-Sk\u0142odowskiej<br \/>\nAkademicka 19<br \/>\n20-033 Lublin, PL<\/p>\n<p>Numer telefonu: +48815375521<\/p>\n<p>Email: gjanusz@poczta.umcs.lublin.pl<\/p>\n<p>Strona internetowa: <a href=\"http:\/\/www.umcs.pl\/pl\/addres-book-employee,1000,pl.html\" target=\"_blank\">http:\/\/www.umcs.pl\/pl\/addres-book-employee,1000,pl.html<\/a><\/p>\n<p>Tematyka badawcza:<br \/>\n&#8211; Badania nad rozk\u0142adem drewna przez grzyby<br \/>\n&#8211; Filogenetyka grzyb\u00f3w<br \/>\n&#8211; Wp\u0142yw \u015bwiat\u0142a na metabolizm grzyb\u00f3w<\/p>\n<p>Projekty:<br \/>\n1) Importance of <em>Cerrena unicolor<\/em> laccase in adaptation to degradation of several wood kinds in various environmental conditions 2013-2016: <a href=\"http:\/\/www.umcs.pl\/en\/cerrena.htm\" target=\"_blank\">http:\/\/www.umcs.pl\/en\/cerrena.htm<\/a><br \/>\n2) Light influence on <em>Cerrena unicolor<\/em> metabolism 2015-2018: <a href=\"http:\/\/www.umcs.pl\/en\/cerrenalight.htm\" target=\"_blank\">http:\/\/www.umcs.pl\/en\/cerrenalight.htm<\/a><\/p>\n<p>Publikacje [<a href=\"https:\/\/www.ptmyk.pl\/wp-content\/uploads\/2016\/11\/GJanusz_publ.pdf\" target=\"_blank\">pobierz plik pdf<\/a>]<\/p>\n<p>&nbsp;<\/p>\n","protected":false},"excerpt":{"rendered":"<p>Zak\u0142ad Biochemii Instytut Biologii i Biochemii Wydzia\u0142 Biologii i Biotechnologii Uniwersytet Marii Curie-Sk\u0142odowskiej Akademicka 19 20-033 Lublin, PL Numer telefonu: +48815375521 Email: gjanusz@poczta.umcs.lublin.pl Strona internetowa: http:\/\/www.umcs.pl\/pl\/addres-book-employee,1000,pl.html Tematyka badawcza: &#8211; Badania nad rozk\u0142adem drewna przez grzyby &#8211; Filogenetyka grzyb\u00f3w &#8211; Wp\u0142yw &hellip; <a href=\"https:\/\/www.ptmyk.pl\/?page_id=2880\">Czytaj dalej <span class=\"meta-nav\">&rarr;<\/span><\/a><\/p>\n","protected":false},"author":1,"featured_media":0,"parent":34,"menu_order":0,"comment_status":"closed","ping_status":"closed","template":"","meta":{"footnotes":""},"class_list":["post-2880","page","type-page","status-publish","hentry"],"_links":{"self":[{"href":"https:\/\/www.ptmyk.pl\/index.php?rest_route=\/wp\/v2\/pages\/2880","targetHints":{"allow":["GET"]}}],"collection":[{"href":"https:\/\/www.ptmyk.pl\/index.php?rest_route=\/wp\/v2\/pages"}],"about":[{"href":"https:\/\/www.ptmyk.pl\/index.php?rest_route=\/wp\/v2\/types\/page"}],"author":[{"embeddable":true,"href":"https:\/\/www.ptmyk.pl\/index.php?rest_route=\/wp\/v2\/users\/1"}],"replies":[{"embeddable":true,"href":"https:\/\/www.ptmyk.pl\/index.php?rest_route=%2Fwp%2Fv2%2Fcomments&post=2880"}],"version-history":[{"count":3,"href":"https:\/\/www.ptmyk.pl\/index.php?rest_route=\/wp\/v2\/pages\/2880\/revisions"}],"predecessor-version":[{"id":3074,"href":"https:\/\/www.ptmyk.pl\/index.php?rest_route=\/wp\/v2\/pages\/2880\/revisions\/3074"}],"up":[{"embeddable":true,"href":"https:\/\/www.ptmyk.pl\/index.php?rest_route=\/wp\/v2\/pages\/34"}],"wp:attachment":[{"href":"https:\/\/www.ptmyk.pl\/index.php?rest_route=%2Fwp%2Fv2%2Fmedia&parent=2880"}],"curies":[{"name":"wp","href":"https:\/\/api.w.org\/{rel}","templated":true}]}}