{"id":2858,"date":"2016-11-20T14:19:24","date_gmt":"2016-11-20T13:19:24","guid":{"rendered":"https:\/\/www.ptmyk.pl\/?page_id=2858"},"modified":"2016-11-20T14:26:01","modified_gmt":"2016-11-20T13:26:01","slug":"kadencja-2012-2016","status":"publish","type":"page","link":"https:\/\/www.ptmyk.pl\/?page_id=2858","title":{"rendered":"kadencja 2012-2016"},"content":{"rendered":"<p><strong>Zarz\u0105d Polskiego Towarzystwa Mykologiczego:<\/strong><br \/>\nPrezes:\u00a0\u00a0 \u00a0\u00a0\u00a0 \u00a0\u00a0\u00a0 \u00a0\u00a0\u00a0\u00a0\u00a0\u00a0\u00a0\u00a0\u00a0\u00a0\u00a0 Marta Wrzosek (martawrzosek@gmail.com)<br \/>\nZast\u0119pca prezesa:\u00a0\u00a0 \u00a0Anna Kujawa (ankujawa@man.poznan.pl)<br \/>\nSkarbnik:\u00a0\u00a0 \u00a0\u00a0\u00a0 \u00a0\u00a0\u00a0\u00a0\u00a0\u00a0\u00a0\u00a0\u00a0\u00a0 Ma\u0142gorzata Ruszkiewicz-Michalska (mrusz@biol.uni.lodz.pl)<br \/>\nSekretarz:\u00a0\u00a0 \u00a0\u00a0\u00a0 \u00a0\u00a0\u00a0\u00a0\u00a0\u00a0\u00a0\u00a0\u00a0 Julia Paw\u0142owska (jzpawlowska@gmail.com)<\/p>\n<p><strong>Komisja Rewizyjna:<\/strong><br \/>\nPrzewodnicz\u0105cy:\u00a0\u00a0 \u00a0\u00a0\u00a0 \u00a0Wies\u0142aw Mu\u0142enko<br \/>\nCz\u0142onkowie:\u00a0\u00a0 \u00a0\u00a0\u00a0 \u00a0\u00a0\u00a0\u00a0\u00a0\u00a0\u00a0\u00a0 Magdalena Fr\u0105c, Jaros\u0142aw Szkodzik<\/p>\n","protected":false},"excerpt":{"rendered":"<p>Zarz\u0105d Polskiego Towarzystwa Mykologiczego: Prezes:\u00a0\u00a0 \u00a0\u00a0\u00a0 \u00a0\u00a0\u00a0 \u00a0\u00a0\u00a0\u00a0\u00a0\u00a0\u00a0\u00a0\u00a0\u00a0\u00a0 Marta Wrzosek (martawrzosek@gmail.com) Zast\u0119pca prezesa:\u00a0\u00a0 \u00a0Anna Kujawa (ankujawa@man.poznan.pl) Skarbnik:\u00a0\u00a0 \u00a0\u00a0\u00a0 \u00a0\u00a0\u00a0\u00a0\u00a0\u00a0\u00a0\u00a0\u00a0\u00a0 Ma\u0142gorzata Ruszkiewicz-Michalska (mrusz@biol.uni.lodz.pl) Sekretarz:\u00a0\u00a0 \u00a0\u00a0\u00a0 \u00a0\u00a0\u00a0\u00a0\u00a0\u00a0\u00a0\u00a0\u00a0 Julia Paw\u0142owska (jzpawlowska@gmail.com) Komisja Rewizyjna: Przewodnicz\u0105cy:\u00a0\u00a0 \u00a0\u00a0\u00a0 \u00a0Wies\u0142aw Mu\u0142enko Cz\u0142onkowie:\u00a0\u00a0 \u00a0\u00a0\u00a0 \u00a0\u00a0\u00a0\u00a0\u00a0\u00a0\u00a0\u00a0 Magdalena Fr\u0105c, Jaros\u0142aw &hellip; <a href=\"https:\/\/www.ptmyk.pl\/?page_id=2858\">Czytaj dalej <span class=\"meta-nav\">&rarr;<\/span><\/a><\/p>\n","protected":false},"author":1,"featured_media":0,"parent":716,"menu_order":0,"comment_status":"closed","ping_status":"closed","template":"","meta":{"footnotes":""},"class_list":["post-2858","page","type-page","status-publish","hentry"],"_links":{"self":[{"href":"https:\/\/www.ptmyk.pl\/index.php?rest_route=\/wp\/v2\/pages\/2858","targetHints":{"allow":["GET"]}}],"collection":[{"href":"https:\/\/www.ptmyk.pl\/index.php?rest_route=\/wp\/v2\/pages"}],"about":[{"href":"https:\/\/www.ptmyk.pl\/index.php?rest_route=\/wp\/v2\/types\/page"}],"author":[{"embeddable":true,"href":"https:\/\/www.ptmyk.pl\/index.php?rest_route=\/wp\/v2\/users\/1"}],"replies":[{"embeddable":true,"href":"https:\/\/www.ptmyk.pl\/index.php?rest_route=%2Fwp%2Fv2%2Fcomments&post=2858"}],"version-history":[{"count":2,"href":"https:\/\/www.ptmyk.pl\/index.php?rest_route=\/wp\/v2\/pages\/2858\/revisions"}],"predecessor-version":[{"id":2861,"href":"https:\/\/www.ptmyk.pl\/index.php?rest_route=\/wp\/v2\/pages\/2858\/revisions\/2861"}],"up":[{"embeddable":true,"href":"https:\/\/www.ptmyk.pl\/index.php?rest_route=\/wp\/v2\/pages\/716"}],"wp:attachment":[{"href":"https:\/\/www.ptmyk.pl\/index.php?rest_route=%2Fwp%2Fv2%2Fmedia&parent=2858"}],"curies":[{"name":"wp","href":"https:\/\/api.w.org\/{rel}","templated":true}]}}