{"id":2365,"date":"2015-05-19T23:24:22","date_gmt":"2015-05-19T21:24:22","guid":{"rendered":"https:\/\/www.ptmyk.pl\/?page_id=2365"},"modified":"2015-05-25T10:04:22","modified_gmt":"2015-05-25T08:04:22","slug":"zolciak-siarkowy","status":"publish","type":"page","link":"https:\/\/www.ptmyk.pl\/?page_id=2365","title":{"rendered":"\u017c\u00f3\u0142ciak siarkowy"},"content":{"rendered":"<p><a href=\"https:\/\/www.ptmyk.pl\/wp-content\/uploads\/2015\/05\/\u017c\u00f3\u0142ciak.png\"><img loading=\"lazy\" decoding=\"async\" class=\"alignleft size-full wp-image-2390\" alt=\"\u017c\u00f3\u0142ciak\" src=\"https:\/\/www.ptmyk.pl\/wp-content\/uploads\/2015\/05\/\u017c\u00f3\u0142ciak.png\" width=\"196\" height=\"196\" srcset=\"https:\/\/www.ptmyk.pl\/wp-content\/uploads\/2015\/05\/\u017c\u00f3\u0142ciak.png 196w, https:\/\/www.ptmyk.pl\/wp-content\/uploads\/2015\/05\/\u017c\u00f3\u0142ciak-150x150.png 150w\" sizes=\"auto, (max-width: 196px) 100vw, 196px\" \/><\/a>\u017b\u00f3\u0142ciak jest gatunkiem paso\u017cytniczym, kt\u00f3ry zasiedla \u017cywe drzewa li\u015bciaste, np. wierzby, kasztanowce, czere\u015bnie, robinie. Wiosn\u0105 i jesieni\u0105 tworzy okaza\u0142e, jaskrawo \u017c\u00f3\u0142te wachlarzowate owocniki. M\u0142ode owocniki s\u0105 jadalne, obgotowane i usma\u017cone stanowi\u0105 namiastk\u0119 mi\u0119sa. Starsze owocniki trac\u0105 jaskrawy kolor, a ich mi\u0105\u017csz z soczystego, staje si\u0119 \u0142ykowaty, a w ko\u0144cu kruchy i po dotkni\u0119ciu rozpada si\u0119 na py\u0142. \u017b\u00f3\u0142ciak mo\u017ce szybko doprowadzi\u0107 do obumarcia drzewa lub jego cz\u0119\u015bci.<\/p>\n","protected":false},"excerpt":{"rendered":"<p>\u017b\u00f3\u0142ciak jest gatunkiem paso\u017cytniczym, kt\u00f3ry zasiedla \u017cywe drzewa li\u015bciaste, np. wierzby, kasztanowce, czere\u015bnie, robinie. Wiosn\u0105 i jesieni\u0105 tworzy okaza\u0142e, jaskrawo \u017c\u00f3\u0142te wachlarzowate owocniki. M\u0142ode owocniki s\u0105 jadalne, obgotowane i usma\u017cone stanowi\u0105 namiastk\u0119 mi\u0119sa. Starsze owocniki trac\u0105 jaskrawy kolor, a ich &hellip; <a href=\"https:\/\/www.ptmyk.pl\/?page_id=2365\">Czytaj dalej <span class=\"meta-nav\">&rarr;<\/span><\/a><\/p>\n","protected":false},"author":1,"featured_media":0,"parent":2305,"menu_order":0,"comment_status":"closed","ping_status":"closed","template":"","meta":{"footnotes":""},"class_list":["post-2365","page","type-page","status-publish","hentry"],"_links":{"self":[{"href":"https:\/\/www.ptmyk.pl\/index.php?rest_route=\/wp\/v2\/pages\/2365","targetHints":{"allow":["GET"]}}],"collection":[{"href":"https:\/\/www.ptmyk.pl\/index.php?rest_route=\/wp\/v2\/pages"}],"about":[{"href":"https:\/\/www.ptmyk.pl\/index.php?rest_route=\/wp\/v2\/types\/page"}],"author":[{"embeddable":true,"href":"https:\/\/www.ptmyk.pl\/index.php?rest_route=\/wp\/v2\/users\/1"}],"replies":[{"embeddable":true,"href":"https:\/\/www.ptmyk.pl\/index.php?rest_route=%2Fwp%2Fv2%2Fcomments&post=2365"}],"version-history":[{"count":2,"href":"https:\/\/www.ptmyk.pl\/index.php?rest_route=\/wp\/v2\/pages\/2365\/revisions"}],"predecessor-version":[{"id":2410,"href":"https:\/\/www.ptmyk.pl\/index.php?rest_route=\/wp\/v2\/pages\/2365\/revisions\/2410"}],"up":[{"embeddable":true,"href":"https:\/\/www.ptmyk.pl\/index.php?rest_route=\/wp\/v2\/pages\/2305"}],"wp:attachment":[{"href":"https:\/\/www.ptmyk.pl\/index.php?rest_route=%2Fwp%2Fv2%2Fmedia&parent=2365"}],"curies":[{"name":"wp","href":"https:\/\/api.w.org\/{rel}","templated":true}]}}