{"id":2362,"date":"2015-05-19T23:22:49","date_gmt":"2015-05-19T21:22:49","guid":{"rendered":"https:\/\/www.ptmyk.pl\/?page_id=2362"},"modified":"2015-05-25T10:03:51","modified_gmt":"2015-05-25T08:03:51","slug":"tegoskor-cytrynowy-pospolity","status":"publish","type":"page","link":"https:\/\/www.ptmyk.pl\/?page_id=2362","title":{"rendered":"t\u0119gosk\u00f3r cytrynowy (pospolity)"},"content":{"rendered":"<p><a href=\"https:\/\/www.ptmyk.pl\/wp-content\/uploads\/2015\/05\/t\u0119gosk\u00f3r.png\"><img loading=\"lazy\" decoding=\"async\" class=\"alignleft size-full wp-image-2388\" alt=\"t\u0119gosk\u00f3r\" src=\"https:\/\/www.ptmyk.pl\/wp-content\/uploads\/2015\/05\/t\u0119gosk\u00f3r.png\" width=\"196\" height=\"196\" srcset=\"https:\/\/www.ptmyk.pl\/wp-content\/uploads\/2015\/05\/t\u0119gosk\u00f3r.png 196w, https:\/\/www.ptmyk.pl\/wp-content\/uploads\/2015\/05\/t\u0119gosk\u00f3r-150x150.png 150w\" sizes=\"auto, (max-width: 196px) 100vw, 196px\" \/><\/a>Ten gatunek, o truj\u0105cych owocnikach, \u0142atwo pozna\u0107 po nietypowym, kulistym kszta\u0142cie. Wyrasta w lasach iglastych i mieszanych. Owocniki osi\u0105gaj\u0105 \u015brednic\u0119 10-15 centymetr\u00f3w, powierzchnia pocz\u0105tkowo g\u0142adka, z czasem jest charakterystycznie sp\u0119kana na przylegaj\u0105ce, p\u0142askie \u0142useczki. Po przekrojeniu ukazuje si\u0119 ciemne, szaroczarniawe wn\u0119trze zwane gleb\u0105. Tam rozwijaj\u0105 si\u0119 zarodniki t\u0119gosk\u00f3ra. Bardzo rzadko na owocnikach t\u0119gosk\u00f3ra mo\u017cna spotka\u0107 chronionego podgrzybka t\u0119gosk\u00f3rowego, kt\u00f3ry paso\u017cytuje na t\u0119gosk\u00f3rze. Niewielkie owocniki podgrzybka wyrastaj\u0105 po kilka wprost z kulistego owocnika t\u0119gosk\u00f3ra.<\/p>\n","protected":false},"excerpt":{"rendered":"<p>Ten gatunek, o truj\u0105cych owocnikach, \u0142atwo pozna\u0107 po nietypowym, kulistym kszta\u0142cie. Wyrasta w lasach iglastych i mieszanych. Owocniki osi\u0105gaj\u0105 \u015brednic\u0119 10-15 centymetr\u00f3w, powierzchnia pocz\u0105tkowo g\u0142adka, z czasem jest charakterystycznie sp\u0119kana na przylegaj\u0105ce, p\u0142askie \u0142useczki. Po przekrojeniu ukazuje si\u0119 ciemne, szaroczarniawe &hellip; <a href=\"https:\/\/www.ptmyk.pl\/?page_id=2362\">Czytaj dalej <span class=\"meta-nav\">&rarr;<\/span><\/a><\/p>\n","protected":false},"author":1,"featured_media":0,"parent":2305,"menu_order":0,"comment_status":"closed","ping_status":"closed","template":"","meta":{"footnotes":""},"class_list":["post-2362","page","type-page","status-publish","hentry"],"_links":{"self":[{"href":"https:\/\/www.ptmyk.pl\/index.php?rest_route=\/wp\/v2\/pages\/2362","targetHints":{"allow":["GET"]}}],"collection":[{"href":"https:\/\/www.ptmyk.pl\/index.php?rest_route=\/wp\/v2\/pages"}],"about":[{"href":"https:\/\/www.ptmyk.pl\/index.php?rest_route=\/wp\/v2\/types\/page"}],"author":[{"embeddable":true,"href":"https:\/\/www.ptmyk.pl\/index.php?rest_route=\/wp\/v2\/users\/1"}],"replies":[{"embeddable":true,"href":"https:\/\/www.ptmyk.pl\/index.php?rest_route=%2Fwp%2Fv2%2Fcomments&post=2362"}],"version-history":[{"count":2,"href":"https:\/\/www.ptmyk.pl\/index.php?rest_route=\/wp\/v2\/pages\/2362\/revisions"}],"predecessor-version":[{"id":2409,"href":"https:\/\/www.ptmyk.pl\/index.php?rest_route=\/wp\/v2\/pages\/2362\/revisions\/2409"}],"up":[{"embeddable":true,"href":"https:\/\/www.ptmyk.pl\/index.php?rest_route=\/wp\/v2\/pages\/2305"}],"wp:attachment":[{"href":"https:\/\/www.ptmyk.pl\/index.php?rest_route=%2Fwp%2Fv2%2Fmedia&parent=2362"}],"curies":[{"name":"wp","href":"https:\/\/api.w.org\/{rel}","templated":true}]}}