{"id":2356,"date":"2015-05-19T23:19:51","date_gmt":"2015-05-19T21:19:51","guid":{"rendered":"https:\/\/www.ptmyk.pl\/?page_id=2356"},"modified":"2015-05-27T10:05:04","modified_gmt":"2015-05-27T08:05:04","slug":"podgrzybek-zajaczek","status":"publish","type":"page","link":"https:\/\/www.ptmyk.pl\/?page_id=2356","title":{"rendered":"podgrzybek zaj\u0105czek"},"content":{"rendered":"<p><a href=\"https:\/\/www.ptmyk.pl\/wp-content\/uploads\/2015\/05\/zaj\u0105czek.png\"><img loading=\"lazy\" decoding=\"async\" class=\"alignleft size-full wp-image-2389\" alt=\"zaj\u0105czek\" src=\"https:\/\/www.ptmyk.pl\/wp-content\/uploads\/2015\/05\/zaj\u0105czek.png\" width=\"196\" height=\"196\" srcset=\"https:\/\/www.ptmyk.pl\/wp-content\/uploads\/2015\/05\/zaj\u0105czek.png 196w, https:\/\/www.ptmyk.pl\/wp-content\/uploads\/2015\/05\/zaj\u0105czek-150x150.png 150w\" sizes=\"auto, (max-width: 196px) 100vw, 196px\" \/><\/a>Owocniki tego podgrzybka spotka\u0107 mo\u017cna w lasach iglastych i li\u015bciastych. Zazwyczaj rosn\u0105 pojedynczo. Maj\u0105 charakterystycznie zabarwiony, br\u0105zowooliwkowy, zamszowy kapelusz z jasnymi, \u017c\u00f3\u0142tymi rurkami. Wysmuk\u0142y, jasny trzon w g\u00f3rnej po\u0142owie posiada \u017ceberka z rysunkiem siateczki. Jasny mi\u0105\u017csz nie przebarwia si\u0119 po uszkodzeniu. Podobne do niego pokrewne podgrzybki maj\u0105 zazwyczaj dodatek czerwonych barw w r\u00f3\u017cnych cz\u0119\u015bciach owocnik\u00f3w. Wszystkie s\u0105 jadalne.<\/p>\n","protected":false},"excerpt":{"rendered":"<p>Owocniki tego podgrzybka spotka\u0107 mo\u017cna w lasach iglastych i li\u015bciastych. Zazwyczaj rosn\u0105 pojedynczo. Maj\u0105 charakterystycznie zabarwiony, br\u0105zowooliwkowy, zamszowy kapelusz z jasnymi, \u017c\u00f3\u0142tymi rurkami. Wysmuk\u0142y, jasny trzon w g\u00f3rnej po\u0142owie posiada \u017ceberka z rysunkiem siateczki. Jasny mi\u0105\u017csz nie przebarwia si\u0119 po &hellip; <a href=\"https:\/\/www.ptmyk.pl\/?page_id=2356\">Czytaj dalej <span class=\"meta-nav\">&rarr;<\/span><\/a><\/p>\n","protected":false},"author":1,"featured_media":0,"parent":2305,"menu_order":0,"comment_status":"closed","ping_status":"closed","template":"","meta":{"footnotes":""},"class_list":["post-2356","page","type-page","status-publish","hentry"],"_links":{"self":[{"href":"https:\/\/www.ptmyk.pl\/index.php?rest_route=\/wp\/v2\/pages\/2356","targetHints":{"allow":["GET"]}}],"collection":[{"href":"https:\/\/www.ptmyk.pl\/index.php?rest_route=\/wp\/v2\/pages"}],"about":[{"href":"https:\/\/www.ptmyk.pl\/index.php?rest_route=\/wp\/v2\/types\/page"}],"author":[{"embeddable":true,"href":"https:\/\/www.ptmyk.pl\/index.php?rest_route=\/wp\/v2\/users\/1"}],"replies":[{"embeddable":true,"href":"https:\/\/www.ptmyk.pl\/index.php?rest_route=%2Fwp%2Fv2%2Fcomments&post=2356"}],"version-history":[{"count":3,"href":"https:\/\/www.ptmyk.pl\/index.php?rest_route=\/wp\/v2\/pages\/2356\/revisions"}],"predecessor-version":[{"id":2429,"href":"https:\/\/www.ptmyk.pl\/index.php?rest_route=\/wp\/v2\/pages\/2356\/revisions\/2429"}],"up":[{"embeddable":true,"href":"https:\/\/www.ptmyk.pl\/index.php?rest_route=\/wp\/v2\/pages\/2305"}],"wp:attachment":[{"href":"https:\/\/www.ptmyk.pl\/index.php?rest_route=%2Fwp%2Fv2%2Fmedia&parent=2356"}],"curies":[{"name":"wp","href":"https:\/\/api.w.org\/{rel}","templated":true}]}}