{"id":2350,"date":"2015-05-19T23:17:05","date_gmt":"2015-05-19T21:17:05","guid":{"rendered":"https:\/\/www.ptmyk.pl\/?page_id=2350"},"modified":"2015-05-25T10:00:34","modified_gmt":"2015-05-25T08:00:34","slug":"pieknorog-najwiekszy-lepki","status":"publish","type":"page","link":"https:\/\/www.ptmyk.pl\/?page_id=2350","title":{"rendered":"pi\u0119knor\u00f3g najwi\u0119kszy (lepki)"},"content":{"rendered":"<p><a href=\"https:\/\/www.ptmyk.pl\/wp-content\/uploads\/2015\/05\/pi\u0119knor\u00f3g.png\"><img loading=\"lazy\" decoding=\"async\" class=\"alignleft size-full wp-image-2385\" alt=\"pi\u0119knor\u00f3g\" src=\"https:\/\/www.ptmyk.pl\/wp-content\/uploads\/2015\/05\/pi\u0119knor\u00f3g.png\" width=\"196\" height=\"196\" srcset=\"https:\/\/www.ptmyk.pl\/wp-content\/uploads\/2015\/05\/pi\u0119knor\u00f3g.png 196w, https:\/\/www.ptmyk.pl\/wp-content\/uploads\/2015\/05\/pi\u0119knor\u00f3g-150x150.png 150w\" sizes=\"auto, (max-width: 196px) 100vw, 196px\" \/><\/a>To kolejny gatunek o nietypowym kszta\u0142cie owocnik\u00f3w. \u017b\u00f3\u0142te, krzaczkowato rozga\u0142\u0119zione owocniki wyrastaj\u0105 na drewnie drzew iglastych. Maj\u0105 te\u017c nietypow\u0105 konsystencj\u0119 \u2013 s\u0105 elastyczne, jakby zrobione z gumy. S\u0105 niejadalne, ale podobnie, jak inne gatunki wyrastaj\u0105ce na martwym drewnie pe\u0142ni\u0105 w lesie wa\u017cn\u0105 rol\u0119 \u201eodzyskiwaczy\u201d zgromadzonych w drewnie substancji od\u017cywczych.<\/p>\n","protected":false},"excerpt":{"rendered":"<p>To kolejny gatunek o nietypowym kszta\u0142cie owocnik\u00f3w. \u017b\u00f3\u0142te, krzaczkowato rozga\u0142\u0119zione owocniki wyrastaj\u0105 na drewnie drzew iglastych. Maj\u0105 te\u017c nietypow\u0105 konsystencj\u0119 \u2013 s\u0105 elastyczne, jakby zrobione z gumy. S\u0105 niejadalne, ale podobnie, jak inne gatunki wyrastaj\u0105ce na martwym drewnie pe\u0142ni\u0105 w &hellip; <a href=\"https:\/\/www.ptmyk.pl\/?page_id=2350\">Czytaj dalej <span class=\"meta-nav\">&rarr;<\/span><\/a><\/p>\n","protected":false},"author":1,"featured_media":0,"parent":2305,"menu_order":0,"comment_status":"closed","ping_status":"closed","template":"","meta":{"footnotes":""},"class_list":["post-2350","page","type-page","status-publish","hentry"],"_links":{"self":[{"href":"https:\/\/www.ptmyk.pl\/index.php?rest_route=\/wp\/v2\/pages\/2350","targetHints":{"allow":["GET"]}}],"collection":[{"href":"https:\/\/www.ptmyk.pl\/index.php?rest_route=\/wp\/v2\/pages"}],"about":[{"href":"https:\/\/www.ptmyk.pl\/index.php?rest_route=\/wp\/v2\/types\/page"}],"author":[{"embeddable":true,"href":"https:\/\/www.ptmyk.pl\/index.php?rest_route=\/wp\/v2\/users\/1"}],"replies":[{"embeddable":true,"href":"https:\/\/www.ptmyk.pl\/index.php?rest_route=%2Fwp%2Fv2%2Fcomments&post=2350"}],"version-history":[{"count":2,"href":"https:\/\/www.ptmyk.pl\/index.php?rest_route=\/wp\/v2\/pages\/2350\/revisions"}],"predecessor-version":[{"id":2404,"href":"https:\/\/www.ptmyk.pl\/index.php?rest_route=\/wp\/v2\/pages\/2350\/revisions\/2404"}],"up":[{"embeddable":true,"href":"https:\/\/www.ptmyk.pl\/index.php?rest_route=\/wp\/v2\/pages\/2305"}],"wp:attachment":[{"href":"https:\/\/www.ptmyk.pl\/index.php?rest_route=%2Fwp%2Fv2%2Fmedia&parent=2350"}],"curies":[{"name":"wp","href":"https:\/\/api.w.org\/{rel}","templated":true}]}}