{"id":2344,"date":"2015-05-19T23:14:13","date_gmt":"2015-05-19T21:14:13","guid":{"rendered":"https:\/\/www.ptmyk.pl\/?page_id=2344"},"modified":"2015-05-27T10:03:09","modified_gmt":"2015-05-27T08:03:09","slug":"pieczarka-bulwiasta","status":"publish","type":"page","link":"https:\/\/www.ptmyk.pl\/?page_id=2344","title":{"rendered":"pieczarka bulwiasta"},"content":{"rendered":"<p><a href=\"https:\/\/www.ptmyk.pl\/wp-content\/uploads\/2015\/05\/pieczarka.png\"><img loading=\"lazy\" decoding=\"async\" class=\"alignleft size-full wp-image-2383\" alt=\"pieczarka\" src=\"https:\/\/www.ptmyk.pl\/wp-content\/uploads\/2015\/05\/pieczarka.png\" width=\"196\" height=\"196\" srcset=\"https:\/\/www.ptmyk.pl\/wp-content\/uploads\/2015\/05\/pieczarka.png 196w, https:\/\/www.ptmyk.pl\/wp-content\/uploads\/2015\/05\/pieczarka-150x150.png 150w\" sizes=\"auto, (max-width: 196px) 100vw, 196px\" \/><\/a>To kolejny gatunek, z kt\u00f3rym bywa mylony muchomor zielonawy. Pieczarka bulwiasta ma bia\u0142y kapelusz i trzon. Po uszkodzeniu, ich powierzchnia przebarwia si\u0119 lekko na \u017c\u00f3\u0142ty kolor. Charakterystyczna jest barwa blaszek. Pocz\u0105tkowo bia\u0142e (jak u muchomor\u00f3w!), szybko staj\u0105 si\u0119 r\u00f3\u017cowawe, a nast\u0119pnie czekoladowe. Kolor taki nadaj\u0105 dojrza\u0142e zarodniki, kt\u00f3re u pieczarek s\u0105 br\u0105zowe. Na trzonie znajduje si\u0119 bia\u0142y, b\u0142onkowaty, zwisaj\u0105cy pier\u015bcie\u0144 (jak u muchomora zielonawego!), ale brak jest pochwy u podstawy trzonu. Mi\u0105\u017csz wydziela przyjemny lekko any\u017ckowy zapach.<\/p>\n","protected":false},"excerpt":{"rendered":"<p>To kolejny gatunek, z kt\u00f3rym bywa mylony muchomor zielonawy. Pieczarka bulwiasta ma bia\u0142y kapelusz i trzon. Po uszkodzeniu, ich powierzchnia przebarwia si\u0119 lekko na \u017c\u00f3\u0142ty kolor. Charakterystyczna jest barwa blaszek. Pocz\u0105tkowo bia\u0142e (jak u muchomor\u00f3w!), szybko staj\u0105 si\u0119 r\u00f3\u017cowawe, a &hellip; <a href=\"https:\/\/www.ptmyk.pl\/?page_id=2344\">Czytaj dalej <span class=\"meta-nav\">&rarr;<\/span><\/a><\/p>\n","protected":false},"author":1,"featured_media":0,"parent":2305,"menu_order":0,"comment_status":"closed","ping_status":"closed","template":"","meta":{"footnotes":""},"class_list":["post-2344","page","type-page","status-publish","hentry"],"_links":{"self":[{"href":"https:\/\/www.ptmyk.pl\/index.php?rest_route=\/wp\/v2\/pages\/2344","targetHints":{"allow":["GET"]}}],"collection":[{"href":"https:\/\/www.ptmyk.pl\/index.php?rest_route=\/wp\/v2\/pages"}],"about":[{"href":"https:\/\/www.ptmyk.pl\/index.php?rest_route=\/wp\/v2\/types\/page"}],"author":[{"embeddable":true,"href":"https:\/\/www.ptmyk.pl\/index.php?rest_route=\/wp\/v2\/users\/1"}],"replies":[{"embeddable":true,"href":"https:\/\/www.ptmyk.pl\/index.php?rest_route=%2Fwp%2Fv2%2Fcomments&post=2344"}],"version-history":[{"count":3,"href":"https:\/\/www.ptmyk.pl\/index.php?rest_route=\/wp\/v2\/pages\/2344\/revisions"}],"predecessor-version":[{"id":2426,"href":"https:\/\/www.ptmyk.pl\/index.php?rest_route=\/wp\/v2\/pages\/2344\/revisions\/2426"}],"up":[{"embeddable":true,"href":"https:\/\/www.ptmyk.pl\/index.php?rest_route=\/wp\/v2\/pages\/2305"}],"wp:attachment":[{"href":"https:\/\/www.ptmyk.pl\/index.php?rest_route=%2Fwp%2Fv2%2Fmedia&parent=2344"}],"curies":[{"name":"wp","href":"https:\/\/api.w.org\/{rel}","templated":true}]}}