{"id":2341,"date":"2015-05-19T23:12:37","date_gmt":"2015-05-19T21:12:37","guid":{"rendered":"https:\/\/www.ptmyk.pl\/?page_id=2341"},"modified":"2015-05-25T09:58:59","modified_gmt":"2015-05-25T07:58:59","slug":"opienka-ciemna","status":"publish","type":"page","link":"https:\/\/www.ptmyk.pl\/?page_id=2341","title":{"rendered":"opie\u0144ka ciemna"},"content":{"rendered":"<p><a href=\"https:\/\/www.ptmyk.pl\/wp-content\/uploads\/2015\/05\/opie\u0144ka.png\"><img loading=\"lazy\" decoding=\"async\" class=\"alignleft size-full wp-image-2382\" alt=\"opie\u0144ka\" src=\"https:\/\/www.ptmyk.pl\/wp-content\/uploads\/2015\/05\/opie\u0144ka.png\" width=\"196\" height=\"196\" srcset=\"https:\/\/www.ptmyk.pl\/wp-content\/uploads\/2015\/05\/opie\u0144ka.png 196w, https:\/\/www.ptmyk.pl\/wp-content\/uploads\/2015\/05\/opie\u0144ka-150x150.png 150w\" sizes=\"auto, (max-width: 196px) 100vw, 196px\" \/><\/a>Opie\u0144ki wyst\u0119puj\u0105 w k\u0119pkach przede wszystkim na martwym drewnie r\u00f3\u017cnych gatunk\u00f3w drzew. Ich owocniki charakteryzuj\u0105 si\u0119 suchymi kapeluszami w kolorze cielistym z ciemniejszymi, dobrze widocznymi \u0142uskami, kt\u00f3re \u0142atwo zetrze\u0107. Na nieco ja\u015bniejszym ni\u017c kapelusz trzonie widoczny jest gruby pier\u015bcie\u0144. Blaszki maj\u0105 kolor bia\u0142y, ale z wiekiem ciemniej\u0105, s\u0105 one przyro\u015bni\u0119te do trzonu. Opie\u0144ki s\u0105 powszechnie uwa\u017cane za grzyby jadalne, jednak warto pami\u0119ta\u0107, \u017ce powinno si\u0119 je spo\u017cywa\u0107 dopiero po ugotowaniu.<\/p>\n","protected":false},"excerpt":{"rendered":"<p>Opie\u0144ki wyst\u0119puj\u0105 w k\u0119pkach przede wszystkim na martwym drewnie r\u00f3\u017cnych gatunk\u00f3w drzew. Ich owocniki charakteryzuj\u0105 si\u0119 suchymi kapeluszami w kolorze cielistym z ciemniejszymi, dobrze widocznymi \u0142uskami, kt\u00f3re \u0142atwo zetrze\u0107. Na nieco ja\u015bniejszym ni\u017c kapelusz trzonie widoczny jest gruby pier\u015bcie\u0144. Blaszki &hellip; <a href=\"https:\/\/www.ptmyk.pl\/?page_id=2341\">Czytaj dalej <span class=\"meta-nav\">&rarr;<\/span><\/a><\/p>\n","protected":false},"author":1,"featured_media":0,"parent":2305,"menu_order":0,"comment_status":"closed","ping_status":"closed","template":"","meta":{"footnotes":""},"class_list":["post-2341","page","type-page","status-publish","hentry"],"_links":{"self":[{"href":"https:\/\/www.ptmyk.pl\/index.php?rest_route=\/wp\/v2\/pages\/2341","targetHints":{"allow":["GET"]}}],"collection":[{"href":"https:\/\/www.ptmyk.pl\/index.php?rest_route=\/wp\/v2\/pages"}],"about":[{"href":"https:\/\/www.ptmyk.pl\/index.php?rest_route=\/wp\/v2\/types\/page"}],"author":[{"embeddable":true,"href":"https:\/\/www.ptmyk.pl\/index.php?rest_route=\/wp\/v2\/users\/1"}],"replies":[{"embeddable":true,"href":"https:\/\/www.ptmyk.pl\/index.php?rest_route=%2Fwp%2Fv2%2Fcomments&post=2341"}],"version-history":[{"count":2,"href":"https:\/\/www.ptmyk.pl\/index.php?rest_route=\/wp\/v2\/pages\/2341\/revisions"}],"predecessor-version":[{"id":2402,"href":"https:\/\/www.ptmyk.pl\/index.php?rest_route=\/wp\/v2\/pages\/2341\/revisions\/2402"}],"up":[{"embeddable":true,"href":"https:\/\/www.ptmyk.pl\/index.php?rest_route=\/wp\/v2\/pages\/2305"}],"wp:attachment":[{"href":"https:\/\/www.ptmyk.pl\/index.php?rest_route=%2Fwp%2Fv2%2Fmedia&parent=2341"}],"curies":[{"name":"wp","href":"https:\/\/api.w.org\/{rel}","templated":true}]}}