{"id":2338,"date":"2015-05-19T23:11:00","date_gmt":"2015-05-19T21:11:00","guid":{"rendered":"https:\/\/www.ptmyk.pl\/?page_id=2338"},"modified":"2015-05-25T09:58:16","modified_gmt":"2015-05-25T07:58:16","slug":"muchomor-zielonawy-sromotnikowy","status":"publish","type":"page","link":"https:\/\/www.ptmyk.pl\/?page_id=2338","title":{"rendered":"muchomor zielonawy (sromotnikowy)"},"content":{"rendered":"<p><a href=\"https:\/\/www.ptmyk.pl\/wp-content\/uploads\/2015\/05\/muchomor-zielonawy.png\"><img loading=\"lazy\" decoding=\"async\" class=\"alignleft size-full wp-image-2381\" alt=\"muchomor zielonawy\" src=\"https:\/\/www.ptmyk.pl\/wp-content\/uploads\/2015\/05\/muchomor-zielonawy.png\" width=\"196\" height=\"196\" srcset=\"https:\/\/www.ptmyk.pl\/wp-content\/uploads\/2015\/05\/muchomor-zielonawy.png 196w, https:\/\/www.ptmyk.pl\/wp-content\/uploads\/2015\/05\/muchomor-zielonawy-150x150.png 150w\" sizes=\"auto, (max-width: 196px) 100vw, 196px\" \/><\/a>UWAGA! Muchomor zielonawy, zwany te\u017c sromotnikowym, jest najsilniej truj\u0105cym grzybem w Polsce, a do tego pospolitym i spotykanym nie tylko w r\u00f3\u017cnych typach lasu, ale tak\u017ce w parkach i zadrzewieniach \u015br\u00f3dpolnych. Warto nauczy\u0107 si\u0119 dobrze go rozpoznawa\u0107, poniewa\u017c zjedzenie zaledwie jednego, niewyr\u00f3\u017cniaj\u0105cego si\u0119 smakiem owocnika oznacza ryzyko \u015bmierci. Objawy zatrucia pojawiaj\u0105 si\u0119 do\u015b\u0107 p\u00f3\u017ano, gdy trucizna wch\u0142oni\u0119ta jest ju\u017c z przewodu pokarmowego do krwi. To dlatego wiele zatru\u0107 tym grzybem ko\u0144czy si\u0119 uszkodzeniami w\u0105troby albo \u015bmierci\u0105.<\/p>\n<p>Muchomor zielonawy (<i>Amanita phalloides<\/i>), jak wiele muchomor\u00f3w, ma na trzonie wyra\u017any pier\u015bcie\u0144 i pochw\u0119, wolne, bia\u0142e blaszki oraz bia\u0142y wysyp zarodnik\u00f3w. Kolor kapelusza mo\u017ce by\u0107 zmienny: od prawie bia\u0142ego do oliwkowozielonego. Na trzonie te\u017c cz\u0119sto wyst\u0119puje delikatny, nieco ciemniejszy od t\u0142a, zygzakowaty wz\u00f3r. Muchomor ten najcz\u0119\u015bciej jest mylony z pieczarkami, zielonymi go\u0142\u0105bkami, a tak\u017ce z czubajk\u0105 kani\u0105.<\/p>\n","protected":false},"excerpt":{"rendered":"<p>UWAGA! Muchomor zielonawy, zwany te\u017c sromotnikowym, jest najsilniej truj\u0105cym grzybem w Polsce, a do tego pospolitym i spotykanym nie tylko w r\u00f3\u017cnych typach lasu, ale tak\u017ce w parkach i zadrzewieniach \u015br\u00f3dpolnych. Warto nauczy\u0107 si\u0119 dobrze go rozpoznawa\u0107, poniewa\u017c zjedzenie zaledwie &hellip; <a href=\"https:\/\/www.ptmyk.pl\/?page_id=2338\">Czytaj dalej <span class=\"meta-nav\">&rarr;<\/span><\/a><\/p>\n","protected":false},"author":1,"featured_media":0,"parent":2305,"menu_order":0,"comment_status":"closed","ping_status":"closed","template":"","meta":{"footnotes":""},"class_list":["post-2338","page","type-page","status-publish","hentry"],"_links":{"self":[{"href":"https:\/\/www.ptmyk.pl\/index.php?rest_route=\/wp\/v2\/pages\/2338","targetHints":{"allow":["GET"]}}],"collection":[{"href":"https:\/\/www.ptmyk.pl\/index.php?rest_route=\/wp\/v2\/pages"}],"about":[{"href":"https:\/\/www.ptmyk.pl\/index.php?rest_route=\/wp\/v2\/types\/page"}],"author":[{"embeddable":true,"href":"https:\/\/www.ptmyk.pl\/index.php?rest_route=\/wp\/v2\/users\/1"}],"replies":[{"embeddable":true,"href":"https:\/\/www.ptmyk.pl\/index.php?rest_route=%2Fwp%2Fv2%2Fcomments&post=2338"}],"version-history":[{"count":2,"href":"https:\/\/www.ptmyk.pl\/index.php?rest_route=\/wp\/v2\/pages\/2338\/revisions"}],"predecessor-version":[{"id":2401,"href":"https:\/\/www.ptmyk.pl\/index.php?rest_route=\/wp\/v2\/pages\/2338\/revisions\/2401"}],"up":[{"embeddable":true,"href":"https:\/\/www.ptmyk.pl\/index.php?rest_route=\/wp\/v2\/pages\/2305"}],"wp:attachment":[{"href":"https:\/\/www.ptmyk.pl\/index.php?rest_route=%2Fwp%2Fv2%2Fmedia&parent=2338"}],"curies":[{"name":"wp","href":"https:\/\/api.w.org\/{rel}","templated":true}]}}