{"id":2335,"date":"2015-05-19T23:09:39","date_gmt":"2015-05-19T21:09:39","guid":{"rendered":"https:\/\/www.ptmyk.pl\/?page_id=2335"},"modified":"2015-05-27T10:02:31","modified_gmt":"2015-05-27T08:02:31","slug":"muchomor-czerwony","status":"publish","type":"page","link":"https:\/\/www.ptmyk.pl\/?page_id=2335","title":{"rendered":"muchomor czerwony"},"content":{"rendered":"<p><a href=\"https:\/\/www.ptmyk.pl\/wp-content\/uploads\/2015\/05\/muchomor-czerwony.png\"><img loading=\"lazy\" decoding=\"async\" class=\"alignleft size-full wp-image-2380\" alt=\"muchomor czerwony\" src=\"https:\/\/www.ptmyk.pl\/wp-content\/uploads\/2015\/05\/muchomor-czerwony.png\" width=\"196\" height=\"196\" srcset=\"https:\/\/www.ptmyk.pl\/wp-content\/uploads\/2015\/05\/muchomor-czerwony.png 196w, https:\/\/www.ptmyk.pl\/wp-content\/uploads\/2015\/05\/muchomor-czerwony-150x150.png 150w\" sizes=\"auto, (max-width: 196px) 100vw, 196px\" \/><\/a>Jest najpowszechniej znanym muchomorem, cz\u0119sto u\u017cywanym jako podstawowy, typowy wizerunek grzyba. Czerwony kapelusz pokryty bia\u0142ymi szcz\u0105tkami os\u0142ony to jego cechy charakterystyczne. Na bia\u0142ym trzonie jest tylko szcz\u0105tkowa pochwa w postaci wa\u0142eczk\u00f3w na bulwkowatym rozd\u0119ciu. Natomiast pier\u015bcie\u0144 jest zawsze wyra\u017any i przyro\u015bni\u0119ty do trzonu. Jest bardzo cz\u0119stym gatunkiem le\u015bnym, spotykanym w r\u00f3\u017cnych typach las\u00f3w i niew\u0105tpliw\u0105 ozdob\u0105 las\u00f3w, ale UWAGA! \u2013 muchomor czerwony jest grzybem truj\u0105cym, zawiera substancje o dzia\u0142aniu \u00a0uszkadzaj\u0105cym uk\u0142ad nerwowy.<\/p>\n","protected":false},"excerpt":{"rendered":"<p>Jest najpowszechniej znanym muchomorem, cz\u0119sto u\u017cywanym jako podstawowy, typowy wizerunek grzyba. Czerwony kapelusz pokryty bia\u0142ymi szcz\u0105tkami os\u0142ony to jego cechy charakterystyczne. Na bia\u0142ym trzonie jest tylko szcz\u0105tkowa pochwa w postaci wa\u0142eczk\u00f3w na bulwkowatym rozd\u0119ciu. Natomiast pier\u015bcie\u0144 jest zawsze wyra\u017any i &hellip; <a href=\"https:\/\/www.ptmyk.pl\/?page_id=2335\">Czytaj dalej <span class=\"meta-nav\">&rarr;<\/span><\/a><\/p>\n","protected":false},"author":1,"featured_media":0,"parent":2305,"menu_order":0,"comment_status":"closed","ping_status":"closed","template":"","meta":{"footnotes":""},"class_list":["post-2335","page","type-page","status-publish","hentry"],"_links":{"self":[{"href":"https:\/\/www.ptmyk.pl\/index.php?rest_route=\/wp\/v2\/pages\/2335","targetHints":{"allow":["GET"]}}],"collection":[{"href":"https:\/\/www.ptmyk.pl\/index.php?rest_route=\/wp\/v2\/pages"}],"about":[{"href":"https:\/\/www.ptmyk.pl\/index.php?rest_route=\/wp\/v2\/types\/page"}],"author":[{"embeddable":true,"href":"https:\/\/www.ptmyk.pl\/index.php?rest_route=\/wp\/v2\/users\/1"}],"replies":[{"embeddable":true,"href":"https:\/\/www.ptmyk.pl\/index.php?rest_route=%2Fwp%2Fv2%2Fcomments&post=2335"}],"version-history":[{"count":4,"href":"https:\/\/www.ptmyk.pl\/index.php?rest_route=\/wp\/v2\/pages\/2335\/revisions"}],"predecessor-version":[{"id":2425,"href":"https:\/\/www.ptmyk.pl\/index.php?rest_route=\/wp\/v2\/pages\/2335\/revisions\/2425"}],"up":[{"embeddable":true,"href":"https:\/\/www.ptmyk.pl\/index.php?rest_route=\/wp\/v2\/pages\/2305"}],"wp:attachment":[{"href":"https:\/\/www.ptmyk.pl\/index.php?rest_route=%2Fwp%2Fv2%2Fmedia&parent=2335"}],"curies":[{"name":"wp","href":"https:\/\/api.w.org\/{rel}","templated":true}]}}