{"id":2329,"date":"2015-05-19T23:06:40","date_gmt":"2015-05-19T21:06:40","guid":{"rendered":"https:\/\/www.ptmyk.pl\/?page_id=2329"},"modified":"2015-05-27T10:01:13","modified_gmt":"2015-05-27T08:01:13","slug":"kozlarz-babka","status":"publish","type":"page","link":"https:\/\/www.ptmyk.pl\/?page_id=2329","title":{"rendered":"ko\u017alarz babka"},"content":{"rendered":"<p><a href=\"https:\/\/www.ptmyk.pl\/wp-content\/uploads\/2015\/05\/babka.png\"><img loading=\"lazy\" decoding=\"async\" class=\"alignleft size-full wp-image-2371\" alt=\"babka\" src=\"https:\/\/www.ptmyk.pl\/wp-content\/uploads\/2015\/05\/babka.png\" width=\"196\" height=\"196\" srcset=\"https:\/\/www.ptmyk.pl\/wp-content\/uploads\/2015\/05\/babka.png 196w, https:\/\/www.ptmyk.pl\/wp-content\/uploads\/2015\/05\/babka-150x150.png 150w\" sizes=\"auto, (max-width: 196px) 100vw, 196px\" \/><\/a>Pi\u0119kny i powszechnie zbierany grzyb jadalny. Charakteryzuje si\u0119 ogromn\u0105 zmienno\u015bci\u0105 koloru kapelusza, od bia\u0142ego, do prawie czarnego. Najpowszechniej znana jest jednak forma o jasnobr\u0105zowym zabarwieniu sk\u00f3rki kapelusza, kt\u00f3ry naprawd\u0119 du\u017cy, o \u015brednicy nawet do 20 cm! Bia\u0142y trzon pokryty jest siatkowatym wzorkiem i charakterystycznymi, zazwyczaj ciemnymi, \u0142useczkami. Mo\u017cna go spotka\u0107 pod brzozami na obrze\u017cach las\u00f3w, ale tak\u017ce w parkach. M\u0142ode owocniki warto ugotowa\u0107, starsze ususzy\u0107. Zapach jesieni gwarantowany!<\/p>\n","protected":false},"excerpt":{"rendered":"<p>Pi\u0119kny i powszechnie zbierany grzyb jadalny. Charakteryzuje si\u0119 ogromn\u0105 zmienno\u015bci\u0105 koloru kapelusza, od bia\u0142ego, do prawie czarnego. Najpowszechniej znana jest jednak forma o jasnobr\u0105zowym zabarwieniu sk\u00f3rki kapelusza, kt\u00f3ry naprawd\u0119 du\u017cy, o \u015brednicy nawet do 20 cm! Bia\u0142y trzon pokryty jest &hellip; <a href=\"https:\/\/www.ptmyk.pl\/?page_id=2329\">Czytaj dalej <span class=\"meta-nav\">&rarr;<\/span><\/a><\/p>\n","protected":false},"author":1,"featured_media":0,"parent":2305,"menu_order":0,"comment_status":"closed","ping_status":"closed","template":"","meta":{"footnotes":""},"class_list":["post-2329","page","type-page","status-publish","hentry"],"_links":{"self":[{"href":"https:\/\/www.ptmyk.pl\/index.php?rest_route=\/wp\/v2\/pages\/2329","targetHints":{"allow":["GET"]}}],"collection":[{"href":"https:\/\/www.ptmyk.pl\/index.php?rest_route=\/wp\/v2\/pages"}],"about":[{"href":"https:\/\/www.ptmyk.pl\/index.php?rest_route=\/wp\/v2\/types\/page"}],"author":[{"embeddable":true,"href":"https:\/\/www.ptmyk.pl\/index.php?rest_route=\/wp\/v2\/users\/1"}],"replies":[{"embeddable":true,"href":"https:\/\/www.ptmyk.pl\/index.php?rest_route=%2Fwp%2Fv2%2Fcomments&post=2329"}],"version-history":[{"count":3,"href":"https:\/\/www.ptmyk.pl\/index.php?rest_route=\/wp\/v2\/pages\/2329\/revisions"}],"predecessor-version":[{"id":2423,"href":"https:\/\/www.ptmyk.pl\/index.php?rest_route=\/wp\/v2\/pages\/2329\/revisions\/2423"}],"up":[{"embeddable":true,"href":"https:\/\/www.ptmyk.pl\/index.php?rest_route=\/wp\/v2\/pages\/2305"}],"wp:attachment":[{"href":"https:\/\/www.ptmyk.pl\/index.php?rest_route=%2Fwp%2Fv2%2Fmedia&parent=2329"}],"curies":[{"name":"wp","href":"https:\/\/api.w.org\/{rel}","templated":true}]}}