{"id":2314,"date":"2015-05-19T22:55:44","date_gmt":"2015-05-19T20:55:44","guid":{"rendered":"https:\/\/www.ptmyk.pl\/?page_id=2314"},"modified":"2015-05-27T10:00:01","modified_gmt":"2015-05-27T08:00:01","slug":"czubajka-kania","status":"publish","type":"page","link":"https:\/\/www.ptmyk.pl\/?page_id=2314","title":{"rendered":"czubajka kania"},"content":{"rendered":"<p><a href=\"https:\/\/www.ptmyk.pl\/wp-content\/uploads\/2015\/05\/kania1.png\"><img loading=\"lazy\" decoding=\"async\" class=\"alignleft size-full wp-image-2413\" alt=\"kania\" src=\"https:\/\/www.ptmyk.pl\/wp-content\/uploads\/2015\/05\/kania1.png\" width=\"185\" height=\"185\" srcset=\"https:\/\/www.ptmyk.pl\/wp-content\/uploads\/2015\/05\/kania1.png 196w, https:\/\/www.ptmyk.pl\/wp-content\/uploads\/2015\/05\/kania1-150x150.png 150w\" sizes=\"auto, (max-width: 185px) 100vw, 185px\" \/><\/a>Cz\u0119sto wita go\u015bci ju\u017c na obrze\u017cach lasu. Tworzy jedne z najwi\u0119kszych owocnik\u00f3w: jej jasnobr\u0105zowy kapelusz pokryty przylegaj\u0105cymi \u0142uskami mo\u017ce osi\u0105ga\u0107 \u015brednic\u0119 nawet do 30 cm. Trzon jest rozd\u0119ty u nasady, pokryty ciemniejszym zygzakowatym wzorem, znajduje si\u0119 na nim lu\u017any, ruchomy, podw\u00f3jnie obrze\u017cony pier\u015bcie\u0144. Jest to smaczny grzyb jadalny. Z kapeluszy mo\u017cna robi\u0107 pyszne panierowane kotlety, natomiast bardziej \u0142ykowate trzony, po ususzeniu i pokruszeniu, mo\u017cna u\u017cy\u0107 do aromatyzowania zup.<\/p>\n","protected":false},"excerpt":{"rendered":"<p>Cz\u0119sto wita go\u015bci ju\u017c na obrze\u017cach lasu. Tworzy jedne z najwi\u0119kszych owocnik\u00f3w: jej jasnobr\u0105zowy kapelusz pokryty przylegaj\u0105cymi \u0142uskami mo\u017ce osi\u0105ga\u0107 \u015brednic\u0119 nawet do 30 cm. Trzon jest rozd\u0119ty u nasady, pokryty ciemniejszym zygzakowatym wzorem, znajduje si\u0119 na nim lu\u017any, ruchomy, &hellip; <a href=\"https:\/\/www.ptmyk.pl\/?page_id=2314\">Czytaj dalej <span class=\"meta-nav\">&rarr;<\/span><\/a><\/p>\n","protected":false},"author":1,"featured_media":0,"parent":2305,"menu_order":0,"comment_status":"closed","ping_status":"closed","template":"","meta":{"footnotes":""},"class_list":["post-2314","page","type-page","status-publish","hentry"],"_links":{"self":[{"href":"https:\/\/www.ptmyk.pl\/index.php?rest_route=\/wp\/v2\/pages\/2314","targetHints":{"allow":["GET"]}}],"collection":[{"href":"https:\/\/www.ptmyk.pl\/index.php?rest_route=\/wp\/v2\/pages"}],"about":[{"href":"https:\/\/www.ptmyk.pl\/index.php?rest_route=\/wp\/v2\/types\/page"}],"author":[{"embeddable":true,"href":"https:\/\/www.ptmyk.pl\/index.php?rest_route=\/wp\/v2\/users\/1"}],"replies":[{"embeddable":true,"href":"https:\/\/www.ptmyk.pl\/index.php?rest_route=%2Fwp%2Fv2%2Fcomments&post=2314"}],"version-history":[{"count":3,"href":"https:\/\/www.ptmyk.pl\/index.php?rest_route=\/wp\/v2\/pages\/2314\/revisions"}],"predecessor-version":[{"id":2421,"href":"https:\/\/www.ptmyk.pl\/index.php?rest_route=\/wp\/v2\/pages\/2314\/revisions\/2421"}],"up":[{"embeddable":true,"href":"https:\/\/www.ptmyk.pl\/index.php?rest_route=\/wp\/v2\/pages\/2305"}],"wp:attachment":[{"href":"https:\/\/www.ptmyk.pl\/index.php?rest_route=%2Fwp%2Fv2%2Fmedia&parent=2314"}],"curies":[{"name":"wp","href":"https:\/\/api.w.org\/{rel}","templated":true}]}}