{"id":2305,"date":"2015-05-19T22:49:37","date_gmt":"2015-05-19T20:49:37","guid":{"rendered":"https:\/\/www.ptmyk.pl\/?page_id=2305"},"modified":"2015-05-27T09:59:08","modified_gmt":"2015-05-27T07:59:08","slug":"grzyby-swiat-wokol-nas","status":"publish","type":"page","link":"https:\/\/www.ptmyk.pl\/?page_id=2305","title":{"rendered":"GRZYBY &#8211; \u015bwiat wok\u00f3\u0142 nas"},"content":{"rendered":"<p><a href=\"https:\/\/www.ptmyk.pl\/wp-content\/uploads\/2015\/05\/GRZYBY.-\u015aWIAT-WOK\u00d3\u0141-NAS-front.jpg\"><img loading=\"lazy\" decoding=\"async\" class=\"size-medium wp-image-2368 alignleft\" alt=\"GRZYBY. \u015aWIAT WOK\u00d3\u0141 NAS front\" src=\"https:\/\/www.ptmyk.pl\/wp-content\/uploads\/2015\/05\/GRZYBY.-\u015aWIAT-WOK\u00d3\u0141-NAS-front-300x300.jpg\" width=\"174\" height=\"174\" srcset=\"https:\/\/www.ptmyk.pl\/wp-content\/uploads\/2015\/05\/GRZYBY.-\u015aWIAT-WOK\u00d3\u0141-NAS-front-300x300.jpg 300w, https:\/\/www.ptmyk.pl\/wp-content\/uploads\/2015\/05\/GRZYBY.-\u015aWIAT-WOK\u00d3\u0141-NAS-front-150x150.jpg 150w, https:\/\/www.ptmyk.pl\/wp-content\/uploads\/2015\/05\/GRZYBY.-\u015aWIAT-WOK\u00d3\u0141-NAS-front-1024x1024.jpg 1024w, https:\/\/www.ptmyk.pl\/wp-content\/uploads\/2015\/05\/GRZYBY.-\u015aWIAT-WOK\u00d3\u0141-NAS-front.jpg 2048w\" sizes=\"auto, (max-width: 174px) 100vw, 174px\" \/><\/a><span style=\"color: #333333;\"><span style=\"font-family: Arial,sans-serif;\"><span style=\"font-size: small;\"><b>GRZYBY. \u015aWIAT WOK\u00d3\u0141 NAS to edukacyjna zabawa typu memo dla ca\u0142ej rodziny. <\/b><\/span><\/span><\/span><b><span style=\"color: #333333;\"><span style=\"font-family: Arial,sans-serif;\"><span style=\"font-size: small;\">Baw si\u0119 i poznaj 20 popularnych gatunk\u00f3w polskich grzyb\u00f3w. Dowiedz si\u0119, kt\u00f3re z nich s\u0105 jadalne, a na kt\u00f3re trzeba uwa\u017ca\u0107. Teraz wycieczka do lasu b\u0119dzie jeszcze przyjemniejsza! <\/span><\/span><\/span><\/b><\/p>\n<p align=\"left\"><span style=\"color: #333333;\"><span style=\"font-family: Arial,sans-serif;\"><span style=\"font-size: small;\">GRZYBY to ju\u017c czwarta cz\u0119\u015b\u0107 serii gier typu memory po\u015bwi\u0119conej otaczaj\u0105cej nas przyrodzie. <\/span><\/span><\/span><span style=\"color: #333333;\"><span style=\"font-family: Arial,sans-serif;\"><span style=\"font-size: small;\"><span style=\"color: #333333;\"><span style=\"font-family: Arial,sans-serif;\"><span style=\"font-size: small;\"><span style=\"color: #333333;\"><span style=\"font-family: Arial,sans-serif;\"><span style=\"font-size: small;\">Zabawa pomaga \u0107wiczy\u0107 pami\u0119\u0107 i koncentracj\u0119, pozwala przyswoi\u0107 w bardzo prosty spos\u00f3b konkretn\u0105 wiedz\u0119 oraz rozbudza zainteresowanie otaczaj\u0105c\u0105 nas przyrod\u0105. <\/span><\/span><\/span><\/span><\/span><\/span>Po\u0142\u0105czenie nauki i pozytywnych emocji towarzysz\u0105cych zabawie daje \u015bwietne efekty edukacyjne.\u00a0 Do zabawy zapraszamy ca\u0142e rodziny!<\/span><\/span><\/span><\/p>\n<ul>\n<li><a href=\"https:\/\/www.ptmyk.pl\/?page_id=2308\">borowik szl<\/a><a href=\"https:\/\/www.ptmyk.pl\/?page_id=2308\">achetny &#8211; <em>Boletus edulis<\/em><\/a><a href=\"https:\/\/www.ptmyk.pl\/?page_id=2308\"> Bull.<\/a><\/li>\n<li><a href=\"https:\/\/www.ptmyk.pl\/?page_id=2311\">czernid\u0142ak ko\u0142pakowaty &#8211; <em>Coprinus comatus<\/em> (O.F. M\u00fcll.) Pers.<\/a><\/li>\n<li><a href=\"https:\/\/www.ptmyk.pl\/?page_id=2314\">czubajka kania &#8211; <em>Macrolepiota procera<\/em> (Scop.) Singer<\/a><\/li>\n<li><a href=\"https:\/\/www.ptmyk.pl\/?page_id=2317\">czyre\u0144 ogniowy &#8211; <em>Phellinus<\/em> <em>igniarius<\/em> (L.) Qu\u00e9l<\/a><\/li>\n<li><a href=\"https:\/\/www.ptmyk.pl\/?page_id=2320\">go\u0142\u0105bek \u015bledziowy (winny) &#8211; <em>Russula xerampelina<\/em> (Schaeff.) Fr<\/a><\/li>\n<li><a href=\" https:\/\/www.ptmyk.pl\/?page_id=2323\">go\u0142\u0105bek zielonawy &#8211; <em>Russula virescens <\/em>(Schaeff.) Fr.<\/a><\/li>\n<li><a href=\"https:\/\/www.ptmyk.pl\/?page_id=2326\">grzyb\u00f3wka krwista &#8211; <em>Mycena haematopus<\/em> (Pers.) P. <\/a><a href=\"https:\/\/www.ptmyk.pl\/?page_id=2326\">Kumm.<\/a><\/li>\n<li><a href=\"https:\/\/www.ptmyk.pl\/?page_id=2329\">ko\u017alarz babka &#8211; <i>Leccinum scabrum<\/i> (Bull.) Gray<\/a><\/li>\n<li><a href=\"https:\/\/www.ptmyk.pl\/?page_id=2332\">ma\u015blak zwyczajny &#8211; <i>Suillus luteus<\/i> (L.) Roussel<\/a><\/li>\n<li><a href=\"https:\/\/www.ptmyk.pl\/?page_id=2335\">muchomor czerwony &#8211; <i>Amanita muscaria<\/i> (L.) Lam.<\/a><\/li>\n<li><a href=\"https:\/\/www.ptmyk.pl\/?page_id=2338\">muchomor zielonawy (sromotnikowy) &#8211; <i>Amanita phalloides<\/i> (Vaill. ex Fr.) Link<\/a><\/li>\n<li><a href=\"https:\/\/www.ptmyk.pl\/?page_id=2341\">opie\u0144ka ciemna &#8211; <i>Armillaria ostoyae<\/i> (Romagn.) Herink<\/a><\/li>\n<li><a href=\"https:\/\/www.ptmyk.pl\/?page_id=2344\">pieczarka bulwiasta &#8211; <em>Agaricus sylvicola<\/em> (Vittad.) Peck<\/a><\/li>\n<li><a href=\"https:\/\/www.ptmyk.pl\/?page_id=2347\">pieprznik jadalny &#8211; <i>Cantharellus cibarius<\/i> Fr.<\/a><\/li>\n<li><a href=\"https:\/\/www.ptmyk.pl\/?page_id=2350\">pi\u0119knor\u00f3g najwi\u0119kszy (lepki) &#8211; <i>Calocera viscosa<\/i> (Pers.) Fr.<\/a><\/li>\n<li><a href=\"https:\/\/www.ptmyk.pl\/?page_id=2353\">podgrzybek brunatny &#8211; <em>Boletus badius<\/em> (Fr.) Fr.<\/a><\/li>\n<li><a href=\"https:\/\/www.ptmyk.pl\/?page_id=2356\">podgrzybek zaj\u0105czek &#8211; <em>Boletus subtomentosus<\/em> L.<\/a><\/li>\n<li><a href=\"https:\/\/www.ptmyk.pl\/?page_id=2359\">sromotnik smrodliwy (bezwstydny) &#8211; <em>Phallus impudicus<\/em> L.<\/a><\/li>\n<li><a href=\"https:\/\/www.ptmyk.pl\/?page_id=2362\">t\u0119gosk\u00f3r cytrynowy (pospolity) &#8211; <em>Scleroderma citrinum<\/em> Pers.<\/a><\/li>\n<li><a href=\"https:\/\/www.ptmyk.pl\/?page_id=2365\">\u017c\u00f3\u0142ciak siarkowy &#8211;\u00a0<em>Laetiporus sulphureus<\/em> (Bull.) Murrill<\/a><\/li>\n<\/ul>\n<p style=\"text-align: center;\"><a href=\"https:\/\/www.ptmyk.pl\/wp-content\/uploads\/2015\/05\/KARTKA-grzyb.png\"><img loading=\"lazy\" decoding=\"async\" class=\"size-medium wp-image-2411 aligncenter\" alt=\"KARTKA grzyb\" src=\"https:\/\/www.ptmyk.pl\/wp-content\/uploads\/2015\/05\/KARTKA-grzyb-240x300.png\" width=\"240\" height=\"300\" srcset=\"https:\/\/www.ptmyk.pl\/wp-content\/uploads\/2015\/05\/KARTKA-grzyb-240x300.png 240w, https:\/\/www.ptmyk.pl\/wp-content\/uploads\/2015\/05\/KARTKA-grzyb-819x1024.png 819w, https:\/\/www.ptmyk.pl\/wp-content\/uploads\/2015\/05\/KARTKA-grzyb.png 944w\" sizes=\"auto, (max-width: 240px) 100vw, 240px\" \/><\/a><a href=\"https:\/\/www.ptmyk.pl\/wp-content\/uploads\/2015\/05\/KARTKA-grzyb.png\" target=\"_blank\">[pobierz ulotk\u0119]<\/a><\/p>\n<p align=\"JUSTIFY\"><b>Polskie Towarzystwo Mykologiczne jest merytorycznym partnerem <\/b><b>projektu.<\/b><\/p>\n<p>Autorzy zdj\u0119\u0107 grzyb\u00f3w: Krzysztof Kujawa i Miros\u0142aw Wantoch-Rekowski<\/p>\n","protected":false},"excerpt":{"rendered":"<p>GRZYBY. \u015aWIAT WOK\u00d3\u0141 NAS to edukacyjna zabawa typu memo dla ca\u0142ej rodziny. Baw si\u0119 i poznaj 20 popularnych gatunk\u00f3w polskich grzyb\u00f3w. Dowiedz si\u0119, kt\u00f3re z nich s\u0105 jadalne, a na kt\u00f3re trzeba uwa\u017ca\u0107. Teraz wycieczka do lasu b\u0119dzie jeszcze przyjemniejsza! &hellip; <a href=\"https:\/\/www.ptmyk.pl\/?page_id=2305\">Czytaj dalej <span class=\"meta-nav\">&rarr;<\/span><\/a><\/p>\n","protected":false},"author":1,"featured_media":0,"parent":566,"menu_order":0,"comment_status":"closed","ping_status":"closed","template":"","meta":{"footnotes":""},"class_list":["post-2305","page","type-page","status-publish","hentry"],"_links":{"self":[{"href":"https:\/\/www.ptmyk.pl\/index.php?rest_route=\/wp\/v2\/pages\/2305","targetHints":{"allow":["GET"]}}],"collection":[{"href":"https:\/\/www.ptmyk.pl\/index.php?rest_route=\/wp\/v2\/pages"}],"about":[{"href":"https:\/\/www.ptmyk.pl\/index.php?rest_route=\/wp\/v2\/types\/page"}],"author":[{"embeddable":true,"href":"https:\/\/www.ptmyk.pl\/index.php?rest_route=\/wp\/v2\/users\/1"}],"replies":[{"embeddable":true,"href":"https:\/\/www.ptmyk.pl\/index.php?rest_route=%2Fwp%2Fv2%2Fcomments&post=2305"}],"version-history":[{"count":28,"href":"https:\/\/www.ptmyk.pl\/index.php?rest_route=\/wp\/v2\/pages\/2305\/revisions"}],"predecessor-version":[{"id":2420,"href":"https:\/\/www.ptmyk.pl\/index.php?rest_route=\/wp\/v2\/pages\/2305\/revisions\/2420"}],"up":[{"embeddable":true,"href":"https:\/\/www.ptmyk.pl\/index.php?rest_route=\/wp\/v2\/pages\/566"}],"wp:attachment":[{"href":"https:\/\/www.ptmyk.pl\/index.php?rest_route=%2Fwp%2Fv2%2Fmedia&parent=2305"}],"curies":[{"name":"wp","href":"https:\/\/api.w.org\/{rel}","templated":true}]}}