{"id":229,"date":"2012-10-02T17:00:37","date_gmt":"2012-10-02T15:00:37","guid":{"rendered":"https:\/\/www.ptmyk.pl\/?page_id=229"},"modified":"2017-02-10T09:11:30","modified_gmt":"2017-02-10T08:11:30","slug":"magdalena-frac","status":"publish","type":"page","link":"https:\/\/www.ptmyk.pl\/?page_id=229","title":{"rendered":"Magdalena Fr\u0105c"},"content":{"rendered":"<p><a href=\"https:\/\/www.ptmyk.pl\/wp-content\/uploads\/2012\/10\/M.Fr\u0105c.jpg\"><img loading=\"lazy\" decoding=\"async\" class=\"alignleft size-medium wp-image-3108\" alt=\"M.Fr\u0105c\" src=\"https:\/\/www.ptmyk.pl\/wp-content\/uploads\/2012\/10\/M.Fr\u0105c-294x300.jpg\" width=\"294\" height=\"300\" srcset=\"https:\/\/www.ptmyk.pl\/wp-content\/uploads\/2012\/10\/M.Fr\u0105c-294x300.jpg 294w, https:\/\/www.ptmyk.pl\/wp-content\/uploads\/2012\/10\/M.Fr\u0105c.jpg 627w\" sizes=\"auto, (max-width: 294px) 100vw, 294px\" \/><\/a>Instytut Agrofizyki im. Bohdana Dobrza\u0144skiego<br \/>\nPolskiej Akademii Nauk<br \/>\nZak\u0142ad Bada\u0144 Systemu Gleba-Ro\u015blina<br \/>\nLaboratorium Mikrobiologii Molekularnej i \u015arodowiskowej<br \/>\nul. Do\u015bwiadczalna 4<br \/>\n20-290 Lublin<\/p>\n<p>Numer telefonu: (48) 81 744 50 61 wew. 156<\/p>\n<p>Email: m.frac@ipan.lublin.pl<\/p>\n<p>Strona internetowa: <a href=\"http:\/\/www.ipan.lublin.pl\/pl\/info\/laboratorium-mikrobiologii-molekularnej-i-srodowiskowej\" target=\"_blank\">http:\/\/www.ipan.lublin.pl\/pl\/info\/laboratorium-mikrobiologii-molekularnej-i-srodowiskowej<\/a><\/p>\n<p><span style=\"text-decoration: underline;\">Tematyka badawcza<\/span>:<br \/>\n<strong>Mikrobiologia i biochemia \u015brodowiskowa<\/strong><br \/>\n\u2022\u00a0\u00a0 \u00a0Badania nad grzybami termoopornymi<br \/>\n\u2022\u00a0\u00a0 \u00a0Biologiczne wska\u017aniki jako\u015bci gleb<br \/>\n\u2022\u00a0\u00a0 \u00a0Zagospodarowanie, przetwarzanie i biologiczna degradacja odpad\u00f3w organicznych<br \/>\n\u2022\u00a0\u00a0 \u00a0Badania zbiorowisk mikroorganizm\u00f3w \u015brodowiska glebowego i odpad\u00f3w organicznych\u00a0\u00a0 (r\u00f3\u017cnorodno\u015b\u0107 funkcjonalna i genetyczna)<\/p>\n<p><span style=\"text-decoration: underline;\">Projekty:<\/span><\/p>\n<ol>\n<li><a href=\"http:\/\/projekty.ipan.lublin.pl\/pl\/info\/sonata-m-frac_pl\">Wyst\u0119powanie, detekcja oraz charakterystyka molekularna i metaboliczna toksynotw\u00f3rczych grzyb\u00f3w termoopornych (<i>Neosartorya fischeri<\/i> i <i>Byssochlamys fulva<\/i>)<\/a>, (kierownik projektu: M. Fr\u0105c), NCN, SONATA, 2013-2016.<\/li>\n<li>Opracowanie i optymalizacja metod izolacji, wykrywania i identyfikacji grzyb\u00f3w z gatunku <i>Talaromyces flavus<\/i>, (opiekun naukowy: M. Fr\u0105c; kierownik: J. Panek), MNiSW, Diamentowy grant, 2013-2016.<\/li>\n<li><a href=\"http:\/\/biopreparat.ipan.lublin.pl\/pl\/strona-glowna\/\">Opracowanie innowacyjnego biopreparatu do optymalizacji procesu fermentacji metanowej odpad\u00f3w organicznych<\/a>, (kierownik projektu: M. Fr\u0105c), NCBiR, LIDER, 2011-2014.<\/li>\n<li><a href=\"http:\/\/isqaper-project.eu\/project-partners\/11-institute-of-agrophysics-of-the-polish-academy-of-sciences\">Interactive Soil Quality Assessment in Europe and China for Agricultural Productivity and Environmental Resilience (iSQAPER)<\/a>, (wykonawca: M. Fr\u0105c, koordynator IA PAN: J. Lipiec, koordynator projektu: C. Ritsema), Horyzont 2020, 2015-2020.<\/li>\n<li><a href=\"http:\/\/www.soilcare-project.eu\/12-partner-description\/31-20-iapan\">Soil Care for profitable and sustainable crop production in Europe (SOILCARE)<\/a>, (wykonawca: M. Fr\u0105c, koordynator IA PAN: J. Lipiec, koordynator projektu: R. Hessel), Horyzont 2020, 2016-2021.<\/li>\n<\/ol>\n<p><span style=\"text-decoration: underline;\">Publikacje<\/span> [<a href=\"https:\/\/www.ptmyk.pl\/wp-content\/uploads\/2012\/10\/Fr\u0105c1.pdf\" target=\"_blank\">pobierz plik pdf<\/a>]<\/p>\n<p>&nbsp;<\/p>\n","protected":false},"excerpt":{"rendered":"<p>Instytut Agrofizyki im. Bohdana Dobrza\u0144skiego Polskiej Akademii Nauk Zak\u0142ad Bada\u0144 Systemu Gleba-Ro\u015blina Laboratorium Mikrobiologii Molekularnej i \u015arodowiskowej ul. Do\u015bwiadczalna 4 20-290 Lublin Numer telefonu: (48) 81 744 50 61 wew. 156 Email: m.frac@ipan.lublin.pl Strona internetowa: http:\/\/www.ipan.lublin.pl\/pl\/info\/laboratorium-mikrobiologii-molekularnej-i-srodowiskowej Tematyka badawcza: Mikrobiologia i &hellip; <a href=\"https:\/\/www.ptmyk.pl\/?page_id=229\">Czytaj dalej <span class=\"meta-nav\">&rarr;<\/span><\/a><\/p>\n","protected":false},"author":1,"featured_media":0,"parent":34,"menu_order":0,"comment_status":"closed","ping_status":"closed","template":"","meta":{"footnotes":""},"class_list":["post-229","page","type-page","status-publish","hentry"],"_links":{"self":[{"href":"https:\/\/www.ptmyk.pl\/index.php?rest_route=\/wp\/v2\/pages\/229","targetHints":{"allow":["GET"]}}],"collection":[{"href":"https:\/\/www.ptmyk.pl\/index.php?rest_route=\/wp\/v2\/pages"}],"about":[{"href":"https:\/\/www.ptmyk.pl\/index.php?rest_route=\/wp\/v2\/types\/page"}],"author":[{"embeddable":true,"href":"https:\/\/www.ptmyk.pl\/index.php?rest_route=\/wp\/v2\/users\/1"}],"replies":[{"embeddable":true,"href":"https:\/\/www.ptmyk.pl\/index.php?rest_route=%2Fwp%2Fv2%2Fcomments&post=229"}],"version-history":[{"count":4,"href":"https:\/\/www.ptmyk.pl\/index.php?rest_route=\/wp\/v2\/pages\/229\/revisions"}],"predecessor-version":[{"id":3110,"href":"https:\/\/www.ptmyk.pl\/index.php?rest_route=\/wp\/v2\/pages\/229\/revisions\/3110"}],"up":[{"embeddable":true,"href":"https:\/\/www.ptmyk.pl\/index.php?rest_route=\/wp\/v2\/pages\/34"}],"wp:attachment":[{"href":"https:\/\/www.ptmyk.pl\/index.php?rest_route=%2Fwp%2Fv2%2Fmedia&parent=229"}],"curies":[{"name":"wp","href":"https:\/\/api.w.org\/{rel}","templated":true}]}}