{"id":2269,"date":"2015-04-23T21:15:17","date_gmt":"2015-04-23T19:15:17","guid":{"rendered":"https:\/\/www.ptmyk.pl\/?page_id=2269"},"modified":"2017-01-05T10:02:49","modified_gmt":"2017-01-05T09:02:49","slug":"miedzioryty-grzybow-z-1830-roku","status":"publish","type":"page","link":"https:\/\/www.ptmyk.pl\/?page_id=2269","title":{"rendered":"Miedzioryty grzyb\u00f3w z 1830 roku"},"content":{"rendered":"<p>Miedzioryty grzyb\u00f3w z ksi\u0105\u017cki:\u00a0 Leopold Trattinnick (1830) <em>Die e\u00dfbaren Schw\u00e4mme des Oesterreichischen Kaiserstaates<\/em> [g\u0105bki jadalne imperialnego pa\u0144stwa austriackiego].<\/p>\n<div id='gallery-1' class='gallery galleryid-2269 gallery-columns-3 gallery-size-thumbnail'><dl class='gallery-item'>\n\t\t\t<dt class='gallery-icon portrait'>\n\t\t\t\t<a href='https:\/\/www.ptmyk.pl\/?attachment_id=2270'><img loading=\"lazy\" decoding=\"async\" width=\"150\" height=\"150\" src=\"https:\/\/www.ptmyk.pl\/wp-content\/uploads\/2015\/04\/Boletus-_hepaticus-150x150.jpg\" class=\"attachment-thumbnail size-thumbnail\" alt=\"\" aria-describedby=\"gallery-1-2270\" \/><\/a>\n\t\t\t<\/dt>\n\t\t\t\t<dd class='wp-caption-text gallery-caption' id='gallery-1-2270'>\n\t\t\t\tBoletus hepaticus\n\t\t\t\t<\/dd><\/dl><dl class='gallery-item'>\n\t\t\t<dt class='gallery-icon portrait'>\n\t\t\t\t<a href='https:\/\/www.ptmyk.pl\/?attachment_id=2271'><img loading=\"lazy\" decoding=\"async\" width=\"150\" height=\"150\" src=\"https:\/\/www.ptmyk.pl\/wp-content\/uploads\/2015\/04\/Boletus-frondosus-150x150.jpg\" class=\"attachment-thumbnail size-thumbnail\" alt=\"\" aria-describedby=\"gallery-1-2271\" \/><\/a>\n\t\t\t<\/dt>\n\t\t\t\t<dd class='wp-caption-text gallery-caption' id='gallery-1-2271'>\n\t\t\t\tBoletus frondosus\n\t\t\t\t<\/dd><\/dl><dl class='gallery-item'>\n\t\t\t<dt class='gallery-icon portrait'>\n\t\t\t\t<a href='https:\/\/www.ptmyk.pl\/?attachment_id=2272'><img loading=\"lazy\" decoding=\"async\" width=\"150\" height=\"150\" src=\"https:\/\/www.ptmyk.pl\/wp-content\/uploads\/2015\/04\/Clavaria_botrytis-150x150.jpg\" class=\"attachment-thumbnail size-thumbnail\" alt=\"\" aria-describedby=\"gallery-1-2272\" \/><\/a>\n\t\t\t<\/dt>\n\t\t\t\t<dd class='wp-caption-text gallery-caption' id='gallery-1-2272'>\n\t\t\t\tClavaria botrytis\n\t\t\t\t<\/dd><\/dl><br style=\"clear: both\" \/><dl class='gallery-item'>\n\t\t\t<dt class='gallery-icon portrait'>\n\t\t\t\t<a href='https:\/\/www.ptmyk.pl\/?attachment_id=2273'><img loading=\"lazy\" decoding=\"async\" width=\"150\" height=\"150\" src=\"https:\/\/www.ptmyk.pl\/wp-content\/uploads\/2015\/04\/Clavaria_flava-150x150.jpg\" class=\"attachment-thumbnail size-thumbnail\" alt=\"\" aria-describedby=\"gallery-1-2273\" \/><\/a>\n\t\t\t<\/dt>\n\t\t\t\t<dd class='wp-caption-text gallery-caption' id='gallery-1-2273'>\n\t\t\t\tClavaria flava\n\t\t\t\t<\/dd><\/dl><dl class='gallery-item'>\n\t\t\t<dt class='gallery-icon portrait'>\n\t\t\t\t<a href='https:\/\/www.ptmyk.pl\/?attachment_id=2274'><img loading=\"lazy\" decoding=\"async\" width=\"150\" height=\"150\" src=\"https:\/\/www.ptmyk.pl\/wp-content\/uploads\/2015\/04\/Helvella_esculenta-150x150.jpg\" class=\"attachment-thumbnail size-thumbnail\" alt=\"\" aria-describedby=\"gallery-1-2274\" \/><\/a>\n\t\t\t<\/dt>\n\t\t\t\t<dd class='wp-caption-text gallery-caption' id='gallery-1-2274'>\n\t\t\t\tHelvella esculenta\n\t\t\t\t<\/dd><\/dl><dl class='gallery-item'>\n\t\t\t<dt class='gallery-icon portrait'>\n\t\t\t\t<a href='https:\/\/www.ptmyk.pl\/?attachment_id=2275'><img loading=\"lazy\" decoding=\"async\" width=\"150\" height=\"150\" src=\"https:\/\/www.ptmyk.pl\/wp-content\/uploads\/2015\/04\/Helvella_leocophaea-150x150.jpg\" class=\"attachment-thumbnail size-thumbnail\" alt=\"\" aria-describedby=\"gallery-1-2275\" \/><\/a>\n\t\t\t<\/dt>\n\t\t\t\t<dd class='wp-caption-text gallery-caption' id='gallery-1-2275'>\n\t\t\t\tHelvella leocophaea\n\t\t\t\t<\/dd><\/dl><br style=\"clear: both\" \/><dl class='gallery-item'>\n\t\t\t<dt class='gallery-icon portrait'>\n\t\t\t\t<a href='https:\/\/www.ptmyk.pl\/?attachment_id=2276'><img loading=\"lazy\" decoding=\"async\" width=\"150\" height=\"150\" src=\"https:\/\/www.ptmyk.pl\/wp-content\/uploads\/2015\/04\/Hydnum_coralloides-150x150.jpg\" class=\"attachment-thumbnail size-thumbnail\" alt=\"\" aria-describedby=\"gallery-1-2276\" \/><\/a>\n\t\t\t<\/dt>\n\t\t\t\t<dd class='wp-caption-text gallery-caption' id='gallery-1-2276'>\n\t\t\t\tHydnum coralloides\n\t\t\t\t<\/dd><\/dl><dl class='gallery-item'>\n\t\t\t<dt class='gallery-icon portrait'>\n\t\t\t\t<a href='https:\/\/www.ptmyk.pl\/?attachment_id=2277'><img loading=\"lazy\" decoding=\"async\" width=\"150\" height=\"150\" src=\"https:\/\/www.ptmyk.pl\/wp-content\/uploads\/2015\/04\/Hydnum_erinaceus-150x150.jpg\" class=\"attachment-thumbnail size-thumbnail\" alt=\"\" aria-describedby=\"gallery-1-2277\" \/><\/a>\n\t\t\t<\/dt>\n\t\t\t\t<dd class='wp-caption-text gallery-caption' id='gallery-1-2277'>\n\t\t\t\tHydnum erinaceus\n\t\t\t\t<\/dd><\/dl><dl class='gallery-item'>\n\t\t\t<dt class='gallery-icon portrait'>\n\t\t\t\t<a href='https:\/\/www.ptmyk.pl\/?attachment_id=2278'><img loading=\"lazy\" decoding=\"async\" width=\"150\" height=\"150\" src=\"https:\/\/www.ptmyk.pl\/wp-content\/uploads\/2015\/04\/Hydnum_imbricatum-150x150.jpg\" class=\"attachment-thumbnail size-thumbnail\" alt=\"\" aria-describedby=\"gallery-1-2278\" \/><\/a>\n\t\t\t<\/dt>\n\t\t\t\t<dd class='wp-caption-text gallery-caption' id='gallery-1-2278'>\n\t\t\t\tHydnym imbricatum\n\t\t\t\t<\/dd><\/dl><br style=\"clear: both\" \/><dl class='gallery-item'>\n\t\t\t<dt class='gallery-icon portrait'>\n\t\t\t\t<a href='https:\/\/www.ptmyk.pl\/?attachment_id=2279'><img loading=\"lazy\" decoding=\"async\" width=\"150\" height=\"150\" src=\"https:\/\/www.ptmyk.pl\/wp-content\/uploads\/2015\/04\/Morchella_esculenta-150x150.jpg\" class=\"attachment-thumbnail size-thumbnail\" alt=\"\" aria-describedby=\"gallery-1-2279\" \/><\/a>\n\t\t\t<\/dt>\n\t\t\t\t<dd class='wp-caption-text gallery-caption' id='gallery-1-2279'>\n\t\t\t\tMorchella esculenta\n\t\t\t\t<\/dd><\/dl><dl class='gallery-item'>\n\t\t\t<dt class='gallery-icon portrait'>\n\t\t\t\t<a href='https:\/\/www.ptmyk.pl\/?attachment_id=2280'><img loading=\"lazy\" decoding=\"async\" width=\"150\" height=\"150\" src=\"https:\/\/www.ptmyk.pl\/wp-content\/uploads\/2015\/04\/Morchella_patula-150x150.jpg\" class=\"attachment-thumbnail size-thumbnail\" alt=\"\" aria-describedby=\"gallery-1-2280\" \/><\/a>\n\t\t\t<\/dt>\n\t\t\t\t<dd class='wp-caption-text gallery-caption' id='gallery-1-2280'>\n\t\t\t\tMorchella patula\n\t\t\t\t<\/dd><\/dl>\n\t\t\t<br style='clear: both' \/>\n\t\t<\/div>\n\n<p>Nazwy grzyb\u00f3w zosta\u0142y podane tak jak w oryginalnej pracy.<\/p>\n<p>Zdj\u0119cia miedzioryt\u00f3w udost\u0119pni\u0142 Zielnik Uniwersytetu Warszawskiego.<\/p>\n","protected":false},"excerpt":{"rendered":"<p>Miedzioryty grzyb\u00f3w z ksi\u0105\u017cki:\u00a0 Leopold Trattinnick (1830) Die e\u00dfbaren Schw\u00e4mme des Oesterreichischen Kaiserstaates [g\u0105bki jadalne imperialnego pa\u0144stwa austriackiego]. Nazwy grzyb\u00f3w zosta\u0142y podane tak jak w oryginalnej pracy. Zdj\u0119cia miedzioryt\u00f3w udost\u0119pni\u0142 Zielnik Uniwersytetu Warszawskiego.<\/p>\n","protected":false},"author":1,"featured_media":0,"parent":113,"menu_order":0,"comment_status":"closed","ping_status":"closed","template":"","meta":{"footnotes":""},"class_list":["post-2269","page","type-page","status-publish","hentry"],"_links":{"self":[{"href":"https:\/\/www.ptmyk.pl\/index.php?rest_route=\/wp\/v2\/pages\/2269","targetHints":{"allow":["GET"]}}],"collection":[{"href":"https:\/\/www.ptmyk.pl\/index.php?rest_route=\/wp\/v2\/pages"}],"about":[{"href":"https:\/\/www.ptmyk.pl\/index.php?rest_route=\/wp\/v2\/types\/page"}],"author":[{"embeddable":true,"href":"https:\/\/www.ptmyk.pl\/index.php?rest_route=\/wp\/v2\/users\/1"}],"replies":[{"embeddable":true,"href":"https:\/\/www.ptmyk.pl\/index.php?rest_route=%2Fwp%2Fv2%2Fcomments&post=2269"}],"version-history":[{"count":1,"href":"https:\/\/www.ptmyk.pl\/index.php?rest_route=\/wp\/v2\/pages\/2269\/revisions"}],"predecessor-version":[{"id":2281,"href":"https:\/\/www.ptmyk.pl\/index.php?rest_route=\/wp\/v2\/pages\/2269\/revisions\/2281"}],"up":[{"embeddable":true,"href":"https:\/\/www.ptmyk.pl\/index.php?rest_route=\/wp\/v2\/pages\/113"}],"wp:attachment":[{"href":"https:\/\/www.ptmyk.pl\/index.php?rest_route=%2Fwp%2Fv2%2Fmedia&parent=2269"}],"curies":[{"name":"wp","href":"https:\/\/api.w.org\/{rel}","templated":true}]}}