{"id":219,"date":"2012-10-02T16:33:28","date_gmt":"2012-10-02T14:33:28","guid":{"rendered":"https:\/\/www.ptmyk.pl\/?page_id=219"},"modified":"2017-01-04T17:16:33","modified_gmt":"2017-01-04T16:16:33","slug":"beata-sumorok","status":"publish","type":"page","link":"https:\/\/www.ptmyk.pl\/?page_id=219","title":{"rendered":"Beata Sumorok"},"content":{"rendered":"<p><a href=\"https:\/\/www.ptmyk.pl\/wp-content\/uploads\/2012\/10\/Sumorok.jpg\"><img loading=\"lazy\" decoding=\"async\" class=\"alignleft size-full wp-image-220\" title=\"Sumorok\" alt=\"\" src=\"https:\/\/www.ptmyk.pl\/wp-content\/uploads\/2012\/10\/Sumorok.jpg\" width=\"251\" height=\"256\" \/><\/a>Oddzia\u0142 Sadownictwa, Pracownia Rizosfery<br \/>\nInstytut Ogrodnictwa<br \/>\nul. Pomologiczna 18<br \/>\n96-100 Skierniewice<\/p>\n<p>Numer telefonu: (48) 46 834 53 21<\/p>\n<p>Email: Beata.Sumorok@inhort.pl, bsumorok@biol.uni.lodz.pl.<\/p>\n<p>Strona internetowa:<a href=\"http:\/\/www.inhort.pl\/prac_rizo_bs.html\" target=\"_blank\"> http:\/\/www.inhort.pl\/prac_rizo_bs.html<\/a><br \/>\n<span style=\"text-decoration: underline;\">Tematyka badawcza<\/span>:<br \/>\n&#8211; Arbuskularne grzyby mikoryzowe AMF wyst\u0119puj\u0105ce w strefach ekotonowych woda\/l\u0105d i teren\u00f3w podmok\u0142ych.<br \/>\n&#8211; AMF energetycznych gatunk\u00f3w wierzby wykorzystywanych w fitoremediacji.<br \/>\n&#8211; Analiza frekwencji mikoryzowej AMF w korzeniach ro\u015blin sadowniczych.<br \/>\n&#8211; Kultury pu\u0142apkowe arbuskularnych grzyb\u00f3w mikoryzowych.<br \/>\n&#8211; Selekcja i identyfikacja najbardziej efektywnych szczep\u00f3w grzyb\u00f3w mikoryzowych naturalnie zasiedlaj\u0105cych korzenie ro\u015blin sadowniczych.<br \/>\n&#8211; Oznaczanie respiracji mikroorganizm\u00f3w glebowych przy u\u017cyciu zestawu OxiTop Control.<br \/>\nDzia\u0142alno\u015b\u0107 popularyzatorska:<br \/>\n&#8211; Warsztaty mykologiczne i wystawy grzyb\u00f3w w Tucholi (2002-2009).<\/p>\n<p><span style=\"text-decoration: underline;\">Projekty i publikacje<\/span> [<a href=\"https:\/\/www.ptmyk.pl\/wp-content\/uploads\/2012\/10\/Sumorok.pdf\" target=\"_blank\">pobierz plik pdf<\/a>]<\/p>\n<p>&nbsp;<\/p>\n","protected":false},"excerpt":{"rendered":"<p>Oddzia\u0142 Sadownictwa, Pracownia Rizosfery Instytut Ogrodnictwa ul. Pomologiczna 18 96-100 Skierniewice Numer telefonu: (48) 46 834 53 21 Email: Beata.Sumorok@inhort.pl, bsumorok@biol.uni.lodz.pl. Strona internetowa: http:\/\/www.inhort.pl\/prac_rizo_bs.html Tematyka badawcza: &#8211; Arbuskularne grzyby mikoryzowe AMF wyst\u0119puj\u0105ce w strefach ekotonowych woda\/l\u0105d i teren\u00f3w podmok\u0142ych. &#8211; &hellip; <a href=\"https:\/\/www.ptmyk.pl\/?page_id=219\">Czytaj dalej <span class=\"meta-nav\">&rarr;<\/span><\/a><\/p>\n","protected":false},"author":1,"featured_media":0,"parent":34,"menu_order":0,"comment_status":"closed","ping_status":"closed","template":"","meta":{"footnotes":""},"class_list":["post-219","page","type-page","status-publish","hentry"],"_links":{"self":[{"href":"https:\/\/www.ptmyk.pl\/index.php?rest_route=\/wp\/v2\/pages\/219","targetHints":{"allow":["GET"]}}],"collection":[{"href":"https:\/\/www.ptmyk.pl\/index.php?rest_route=\/wp\/v2\/pages"}],"about":[{"href":"https:\/\/www.ptmyk.pl\/index.php?rest_route=\/wp\/v2\/types\/page"}],"author":[{"embeddable":true,"href":"https:\/\/www.ptmyk.pl\/index.php?rest_route=\/wp\/v2\/users\/1"}],"replies":[{"embeddable":true,"href":"https:\/\/www.ptmyk.pl\/index.php?rest_route=%2Fwp%2Fv2%2Fcomments&post=219"}],"version-history":[{"count":3,"href":"https:\/\/www.ptmyk.pl\/index.php?rest_route=\/wp\/v2\/pages\/219\/revisions"}],"predecessor-version":[{"id":2967,"href":"https:\/\/www.ptmyk.pl\/index.php?rest_route=\/wp\/v2\/pages\/219\/revisions\/2967"}],"up":[{"embeddable":true,"href":"https:\/\/www.ptmyk.pl\/index.php?rest_route=\/wp\/v2\/pages\/34"}],"wp:attachment":[{"href":"https:\/\/www.ptmyk.pl\/index.php?rest_route=%2Fwp%2Fv2%2Fmedia&parent=219"}],"curies":[{"name":"wp","href":"https:\/\/api.w.org\/{rel}","templated":true}]}}