{"id":213,"date":"2012-10-02T16:21:55","date_gmt":"2012-10-02T14:21:55","guid":{"rendered":"https:\/\/www.ptmyk.pl\/?page_id=213"},"modified":"2017-01-04T21:22:00","modified_gmt":"2017-01-04T20:22:00","slug":"zbigniew-sierota","status":"publish","type":"page","link":"https:\/\/www.ptmyk.pl\/?page_id=213","title":{"rendered":"Zbigniew Sierota"},"content":{"rendered":"<p><a href=\"https:\/\/www.ptmyk.pl\/wp-content\/uploads\/2012\/10\/Sierota.jpg\"><img loading=\"lazy\" decoding=\"async\" class=\"alignleft size-medium wp-image-214\" title=\"Sierota\" alt=\"\" src=\"https:\/\/www.ptmyk.pl\/wp-content\/uploads\/2012\/10\/Sierota-248x300.jpg\" width=\"248\" height=\"300\" srcset=\"https:\/\/www.ptmyk.pl\/wp-content\/uploads\/2012\/10\/Sierota-248x300.jpg 248w, https:\/\/www.ptmyk.pl\/wp-content\/uploads\/2012\/10\/Sierota-848x1024.jpg 848w, https:\/\/www.ptmyk.pl\/wp-content\/uploads\/2012\/10\/Sierota.jpg 1072w\" sizes=\"auto, (max-width: 248px) 100vw, 248px\" \/><\/a>Instytut Badawczy Le\u015bnictwa<br \/>\nS\u0119kocin Stary, ul. Braci Le\u015bnej 3<br \/>\n05-090 Raszyn<\/p>\n<p>Numer telefonu: (48) 22 715 38 24<\/p>\n<p>Email: z.sierota@ibles.waw.pl<\/p>\n<p>Strona internetowa: <a href=\"http:\/\/www.ibles.pl\/struktura-10\/kom-naukowo-badawcze\/ol\/info-zakl\/personalne\/Z_Sierota\" target=\"_blank\">http:\/\/www.ibles.pl\/struktura-10\/kom-naukowo-badawcze\/ol\/info-zakl\/personalne\/Z_Sierota<\/a><\/p>\n<p>&nbsp;<\/p>\n<p><span style=\"text-decoration: underline;\">Tematyka badawcza<\/span>:<br \/>\n&#8211; Mechanizmy infekcji i przebieg proces\u00f3w chorobowych z udzia\u0142em patogen\u00f3w korzeni, zw\u0142aszcza w drzewostanach na gruntach porolnych.<br \/>\n&#8211; Ocena wp\u0142ywu chor\u00f3b infekcyjnych na drzewa oraz drzewostany; \u201echoroby lasu\u201d.<br \/>\n&#8211; Monitoring fitopatologiczny.<br \/>\n&#8211; Mikoryzy i mikoryzacja.<\/p>\n<p><span style=\"text-decoration: underline;\">Projekty i publikacje<\/span> [<a href=\"https:\/\/www.ptmyk.pl\/wp-content\/uploads\/2012\/10\/Z.-Sierota-publikacje-do-2016.pdf\" target=\"_blank\">pobierz plik pdf<\/a>]<\/p>\n<p>&nbsp;<\/p>\n","protected":false},"excerpt":{"rendered":"<p>Instytut Badawczy Le\u015bnictwa S\u0119kocin Stary, ul. Braci Le\u015bnej 3 05-090 Raszyn Numer telefonu: (48) 22 715 38 24 Email: z.sierota@ibles.waw.pl Strona internetowa: http:\/\/www.ibles.pl\/struktura-10\/kom-naukowo-badawcze\/ol\/info-zakl\/personalne\/Z_Sierota &nbsp; Tematyka badawcza: &#8211; Mechanizmy infekcji i przebieg proces\u00f3w chorobowych z udzia\u0142em patogen\u00f3w korzeni, zw\u0142aszcza w drzewostanach &hellip; <a href=\"https:\/\/www.ptmyk.pl\/?page_id=213\">Czytaj dalej <span class=\"meta-nav\">&rarr;<\/span><\/a><\/p>\n","protected":false},"author":1,"featured_media":0,"parent":34,"menu_order":0,"comment_status":"closed","ping_status":"closed","template":"","meta":{"footnotes":""},"class_list":["post-213","page","type-page","status-publish","hentry"],"_links":{"self":[{"href":"https:\/\/www.ptmyk.pl\/index.php?rest_route=\/wp\/v2\/pages\/213","targetHints":{"allow":["GET"]}}],"collection":[{"href":"https:\/\/www.ptmyk.pl\/index.php?rest_route=\/wp\/v2\/pages"}],"about":[{"href":"https:\/\/www.ptmyk.pl\/index.php?rest_route=\/wp\/v2\/types\/page"}],"author":[{"embeddable":true,"href":"https:\/\/www.ptmyk.pl\/index.php?rest_route=\/wp\/v2\/users\/1"}],"replies":[{"embeddable":true,"href":"https:\/\/www.ptmyk.pl\/index.php?rest_route=%2Fwp%2Fv2%2Fcomments&post=213"}],"version-history":[{"count":5,"href":"https:\/\/www.ptmyk.pl\/index.php?rest_route=\/wp\/v2\/pages\/213\/revisions"}],"predecessor-version":[{"id":3015,"href":"https:\/\/www.ptmyk.pl\/index.php?rest_route=\/wp\/v2\/pages\/213\/revisions\/3015"}],"up":[{"embeddable":true,"href":"https:\/\/www.ptmyk.pl\/index.php?rest_route=\/wp\/v2\/pages\/34"}],"wp:attachment":[{"href":"https:\/\/www.ptmyk.pl\/index.php?rest_route=%2Fwp%2Fv2%2Fmedia&parent=213"}],"curies":[{"name":"wp","href":"https:\/\/api.w.org\/{rel}","templated":true}]}}