{"id":1968,"date":"2015-01-21T21:49:24","date_gmt":"2015-01-21T20:49:24","guid":{"rendered":"https:\/\/www.ptmyk.pl\/?page_id=1968"},"modified":"2015-03-09T22:44:16","modified_gmt":"2015-03-09T21:44:16","slug":"tab-4-gatunki-grzybow-wielkoowocnikowych-wlaczone-do-kategorii-ochrony-czesciowej-w-stosunku-do-listy-poprzedniego-rozporzadzenia","status":"publish","type":"page","link":"https:\/\/www.ptmyk.pl\/?page_id=1968","title":{"rendered":"Tab. 4. Gatunki grzyb\u00f3w wielkoowocnikowych w\u0142\u0105czone do kategorii ochrony cz\u0119\u015bciowej w stosunku do listy poprzedniego Rozporz\u0105dzenia."},"content":{"rendered":"<div>\n<table width=\"606\" border=\"0\" cellspacing=\"0\" cellpadding=\"0\">\n<tbody>\n<tr>\n<td width=\"29\">\n<p align=\"center\">Lp.<\/p>\n<\/td>\n<td width=\"312\">\n<p align=\"center\">Nazwa gatunku i nr pozycji listy Rozporz\u0105dzenia<\/p>\n<\/td>\n<td width=\"265\">\n<p align=\"center\">Gdzie mo\u017cna spotka\u0107 ten gatunek? (siedliska)<\/p>\n<\/td>\n<\/tr>\n<tr>\n<td valign=\"top\" width=\"29\"><\/td>\n<td valign=\"top\" width=\"312\"><b>dzwonk\u00f3wkowate <i>Entolomataceae<\/i><\/b><\/td>\n<td valign=\"top\" width=\"265\"><\/td>\n<\/tr>\n<tr>\n<td valign=\"top\" width=\"29\">\n<p align=\"center\">1<\/p>\n<\/td>\n<td valign=\"top\" width=\"312\">4. <b>Dzwonk\u00f3wka*<\/b> (1) <i>Entoloma sphagnorum<\/i><\/td>\n<td valign=\"top\" width=\"265\">torfowiska, w\u015br\u00f3d <i>Sphagnum<\/i><\/td>\n<\/tr>\n<tr>\n<td valign=\"top\" width=\"29\">\n<p align=\"center\">2<\/p>\n<\/td>\n<td valign=\"top\" width=\"312\">5. <b>Dzwonk\u00f3wka bagienna<\/b> (1)<i> Entoloma cuspidiferum<\/i><\/td>\n<td valign=\"top\" width=\"265\">torfowiska, w\u015br\u00f3d <i>Sphagnum<\/i><\/td>\n<\/tr>\n<tr>\n<td valign=\"top\" width=\"29\">\n<p align=\"center\">3<\/p>\n<\/td>\n<td valign=\"top\" width=\"312\">6. <b>Dzwonk\u00f3wka ciemniej\u0105ca<\/b> (1) <i>Entoloma turci<\/i><\/td>\n<td valign=\"top\" width=\"265\">\u0142\u0105ki, torfowiska<\/td>\n<\/tr>\n<tr>\n<td valign=\"top\" width=\"29\">\n<p align=\"center\">4<\/p>\n<\/td>\n<td valign=\"top\" width=\"312\">7. <b>Dzwonk\u00f3wka szarofioletowa<\/b> (1) <i>Entoloma bloxamii<\/i><\/td>\n<td valign=\"top\" width=\"265\">nienawo\u017cone \u0142\u0105ki<\/td>\n<\/tr>\n<tr>\n<td valign=\"top\" width=\"29\"><\/td>\n<td valign=\"top\" width=\"312\"><b>g\u0105skowate <i>Tricholomataceae<\/i><\/b><\/td>\n<td valign=\"top\" width=\"265\"><\/td>\n<\/tr>\n<tr>\n<td valign=\"top\" width=\"29\">\n<p align=\"center\">5<\/p>\n<\/td>\n<td valign=\"top\" width=\"312\">8. <b>Bia\u0142okrowiak tr\u00f3jbarwny<\/b> (1) <i>Leucopaxillus compactus<\/i><\/td>\n<td valign=\"top\" width=\"265\">lasy li\u015bciaste (\u0142\u0119gi, gr\u0105dy)<\/td>\n<\/tr>\n<tr>\n<td valign=\"top\" width=\"29\">\n<p align=\"center\">6<\/p>\n<\/td>\n<td valign=\"top\" width=\"312\"><a href=\"https:\/\/www.ptmyk.pl\/wp-content\/uploads\/2015\/01\/Tricholoma-aurantium-foto-P.-Chachu\u0142a.jpg\">9. <b>G\u0105ska pomara\u0144czowa<\/b> (1) <i>Tricholoma aurantium<\/i><\/a><\/td>\n<td valign=\"top\" width=\"265\">lasy iglaste i mieszane na glebach wapiennych, szczeg\u00f3lnie pod \u015bwierkami, jod\u0142ami, bukami i d\u0119bami,<\/td>\n<\/tr>\n<tr>\n<td valign=\"top\" width=\"29\">\n<p align=\"center\">7<\/p>\n<\/td>\n<td valign=\"top\" width=\"312\"><a href=\"https:\/\/www.ptmyk.pl\/wp-content\/uploads\/2015\/01\/Hygrocybe-citrinovirens-foto-W.-Czerniawski.jpg\">10. <b>Wilgotnica cytrynowozielona<\/b> (1) <i>Hygrocybe citrinovirens<\/i><\/a><\/td>\n<td valign=\"top\" width=\"265\">nienawo\u017cone \u0142\u0105ki<\/td>\n<\/tr>\n<tr>\n<td valign=\"top\" width=\"29\">\n<p align=\"center\">8<\/p>\n<\/td>\n<td valign=\"top\" width=\"312\"><a href=\"https:\/\/www.ptmyk.pl\/wp-content\/uploads\/2015\/01\/Hygrocybe-splendidissima-foto-R.-Rutkowski.jpg\">11. <b>Wilgotnica okaza\u0142a<\/b> (1) <i>Hygrocybe splendidissima<\/i><\/a><\/td>\n<td valign=\"top\" width=\"265\">nienawo\u017cone \u0142\u0105ki<\/td>\n<\/tr>\n<tr>\n<td valign=\"top\" width=\"29\">\n<p align=\"center\">9<\/p>\n<\/td>\n<td valign=\"top\" width=\"312\">12. <b>Wilgotnica ozdobna<\/b> (1) <i>Hygrocybe aurantiosplendens<\/i><\/td>\n<td valign=\"top\" width=\"265\">nienawo\u017cone \u0142\u0105ki, rzadko &#8211; \u017cyzne lasy li\u015bciaste<\/td>\n<\/tr>\n<tr>\n<td valign=\"top\" width=\"29\">\n<p align=\"center\">10<\/p>\n<\/td>\n<td valign=\"top\" width=\"312\"><a href=\"https:\/\/www.ptmyk.pl\/wp-content\/uploads\/2015\/01\/Hygrocybe-fornicata-foto-W.-Czerniawski.jpg\">13. <b>Wilgotnica sklepiona<\/b> (1) <i>Hygrocybe fornicata<\/i><\/a><\/td>\n<td valign=\"top\" width=\"265\">\u0142\u0105ki, wydmy, lasy li\u015bciaste<\/td>\n<\/tr>\n<tr>\n<td valign=\"top\" width=\"29\">\n<p align=\"center\">11<\/p>\n<\/td>\n<td valign=\"top\" width=\"312\">14. <b>Wilgotnica w\u0142oska<\/b> (1) <i>Hygrocybe reidii<\/i><\/td>\n<td valign=\"top\" width=\"265\">nienawo\u017cone \u0142\u0105ki, wydmy, lasy li\u015bciaste<\/td>\n<\/tr>\n<tr>\n<td valign=\"top\" width=\"29\">\n<p align=\"center\">12<\/p>\n<\/td>\n<td valign=\"top\" width=\"312\"><a href=\"https:\/\/www.ptmyk.pl\/wp-content\/uploads\/2015\/01\/Hygrocybe-ingrata-foto-R.-Rutkowski.jpg\">15. <b>Wilgotnica zasadowa<\/b> (1) <i>Hygrocybe ingrata<\/i><\/a><\/td>\n<td valign=\"top\" width=\"265\">nienawo\u017cone \u0142\u0105ki<\/td>\n<\/tr>\n<tr>\n<td valign=\"top\" width=\"29\">\n<p align=\"center\">13<\/p>\n<\/td>\n<td valign=\"top\" width=\"312\">16. <b>Wodnicha atramentowa<\/b> (1) <i>Hygrophorus atramentosus<\/i><\/td>\n<td valign=\"top\" width=\"265\">lasy iglaste na wapiennym pod\u0142o\u017cu<\/td>\n<\/tr>\n<tr>\n<td valign=\"top\" width=\"29\">\n<p align=\"center\">14<\/p>\n<\/td>\n<td valign=\"top\" width=\"312\"><a href=\"https:\/\/www.ptmyk.pl\/wp-content\/uploads\/2015\/01\/Hygrophorus-latibundus-foto-R.-Rutkowski.jpg\">17. <b>Wodnicha brunatnobia\u0142a<\/b> (1)<i> Hygrophorus latitabundus<\/i><\/a><\/td>\n<td valign=\"top\" width=\"265\">lasy iglaste (pod sosnami) na wapiennym pod\u0142o\u017cu<\/td>\n<\/tr>\n<tr>\n<td valign=\"top\" width=\"29\">\n<p align=\"center\">15<\/p>\n<\/td>\n<td valign=\"top\" width=\"312\"><a href=\"https:\/\/www.ptmyk.pl\/wp-content\/uploads\/2015\/01\/Hygrophorus-capreolarius-foto-W.-Czerniawski.jpg\">18. <b>Wodnicha kozia<\/b> (1) <i>Hygrophorus capreolarius<\/i><\/a><\/td>\n<td valign=\"top\" width=\"265\">lasy iglaste<\/td>\n<\/tr>\n<tr>\n<td valign=\"top\" width=\"29\">\n<p align=\"center\">16<\/p>\n<\/td>\n<td valign=\"top\" width=\"312\"><a href=\"https:\/\/www.ptmyk.pl\/wp-content\/uploads\/2015\/01\/Hygrophorus-persoonii-foto-R.-Rutkowski.jpg\">19. <b>Wodnicha oliwkobr\u0105zowa<\/b> (1) <i>Hygrophorus persoonii<\/i><\/a><\/td>\n<td valign=\"top\" width=\"265\">lasy li\u015bciaste (pod d\u0119bami)<\/td>\n<\/tr>\n<tr>\n<td valign=\"top\" width=\"29\">\n<p align=\"center\">17<\/p>\n<\/td>\n<td valign=\"top\" width=\"312\">20. <b>Wodnicha r\u00f3\u017cowoblaszkowa<\/b> (1) <i>Hygrophorus calophyllus<\/i><\/td>\n<td valign=\"top\" width=\"265\">lasy iglaste (pod sosnami) na wapiennym pod\u0142o\u017cu<\/td>\n<\/tr>\n<tr>\n<td valign=\"top\" width=\"29\">\n<p align=\"center\">18<\/p>\n<\/td>\n<td valign=\"top\" width=\"312\"><a href=\"https:\/\/www.ptmyk.pl\/wp-content\/uploads\/2015\/01\/Hygrophorus-erubescens-foto-W.-Czerniawski.jpg\">21. <b>Wodnicha zar\u00f3\u017cowiona<\/b> (1) <i>Hygrophorus erubescens<\/i><\/a><\/td>\n<td valign=\"top\" width=\"265\">lasy iglaste (pod \u015bwierkami) na wapiennym pod\u0142o\u017cu<\/td>\n<\/tr>\n<tr>\n<td valign=\"top\" width=\"29\"><\/td>\n<td valign=\"top\" width=\"312\"><b>go\u0142\u0105bkowate <i>Russulaceae<\/i><\/b><\/td>\n<td valign=\"top\" width=\"265\"><\/td>\n<\/tr>\n<tr>\n<td valign=\"top\" width=\"29\">\n<p align=\"center\">19<\/p>\n<\/td>\n<td valign=\"top\" width=\"312\"><a href=\"https:\/\/www.ptmyk.pl\/wp-content\/uploads\/2015\/01\/Lactarius-zonarioides-foto-M.-Kozak.jpg\">22. <b>Mleczaj strefowany<\/b> (1) <i>Lactarius zonarioides<\/i><\/a><\/td>\n<td valign=\"top\" width=\"265\">lasy iglaste (pod \u015bwierkami)<\/td>\n<\/tr>\n<tr>\n<td valign=\"top\" width=\"29\">\n<p align=\"center\">20<\/p>\n<\/td>\n<td valign=\"top\" width=\"312\"><a href=\"https:\/\/www.ptmyk.pl\/wp-content\/uploads\/2015\/01\/Lactarius-repraesentaneus-foto-W.-Czerniawski.jpg\">23. <b>Mleczaj \u017c\u00f3\u0142tofioletowy<\/b> (1) <i>Lactarius repraesentaneus<\/i><\/a><\/td>\n<td valign=\"top\" width=\"265\">lasy iglaste (pod \u015bwierkami, sosnami i brzozami) na kwa\u015bnym pod\u0142o\u017cu<\/td>\n<\/tr>\n<tr>\n<td valign=\"top\" width=\"29\"><\/td>\n<td valign=\"top\" width=\"312\">kr\u0105\u017ckownicowate Discinaceae<\/td>\n<td valign=\"top\" width=\"265\"><\/td>\n<\/tr>\n<tr>\n<td valign=\"top\" width=\"29\">\n<p align=\"center\">21<\/p>\n<\/td>\n<td valign=\"top\" width=\"312\"><a href=\"https:\/\/www.ptmyk.pl\/wp-content\/uploads\/2015\/03\/Gyromitra-ambigua-foto-M.-Gryc.jpg\">28. <b>Piestrzenica*<\/b> (1) <i>Gyromitra ambigua<\/i><\/a><\/td>\n<td valign=\"top\" width=\"265\">lasy iglaste (pod sosnami)<\/td>\n<\/tr>\n<tr>\n<td valign=\"top\" width=\"29\">\n<p align=\"center\">22<\/p>\n<\/td>\n<td valign=\"top\" width=\"312\"><a href=\"https:\/\/www.ptmyk.pl\/wp-content\/uploads\/2015\/03\/Gyromitra-fastigiata-foto-M.-Zajdek.jpg\">29. <b>Piestrzenica*<\/b> (1) <i>Gyromitra fastigiata<\/i><\/a><\/td>\n<td valign=\"top\" width=\"265\">lasy li\u015bciaste (gr\u0105dy)<\/td>\n<\/tr>\n<tr>\n<td valign=\"top\" width=\"29\"><\/td>\n<td valign=\"top\" width=\"312\"><b>kruchaweczkowate <i>Psathyrellaceae<\/i><\/b><\/td>\n<td valign=\"top\" width=\"265\"><\/td>\n<\/tr>\n<tr>\n<td valign=\"top\" width=\"29\">\n<p align=\"center\">23<\/p>\n<\/td>\n<td valign=\"top\" width=\"312\"><a href=\"https:\/\/www.ptmyk.pl\/wp-content\/uploads\/2015\/01\/Psathyrella-maculata-foto-M.-Wantoch-Rekowski.jpg\">30.<b> Kruchaweczka*<\/b> (1) <i>Psathyrella maculata<\/i><\/a><\/td>\n<td valign=\"top\" width=\"265\">lasy li\u015bciaste (martwe drewno drzew li\u015bciastych)<\/td>\n<\/tr>\n<tr>\n<td valign=\"top\" width=\"29\">\n<p align=\"center\">24<\/p>\n<\/td>\n<td valign=\"top\" width=\"312\"><a href=\"https:\/\/www.ptmyk.pl\/wp-content\/uploads\/2015\/01\/Psathyrella-caput-medusae-foto-W.-Czerniawski.jpg\">31. <b>Kruchaweczka meduzog\u0142owa <\/b>(1) <i>Psathyrella caput-medusae<\/i><\/a><\/td>\n<td valign=\"top\" width=\"265\">lasy iglaste (martwe drewno drzew iglastych)<\/td>\n<\/tr>\n<tr>\n<td valign=\"top\" width=\"29\"><\/td>\n<td valign=\"top\" width=\"312\"><b>\u0142\u0119gotowate <i>Geoglossaceae<\/i><\/b><\/td>\n<td valign=\"top\" width=\"265\"><\/td>\n<\/tr>\n<tr>\n<td valign=\"top\" width=\"29\">\n<p align=\"center\">25<\/p>\n<\/td>\n<td valign=\"top\" width=\"312\"><a href=\"https:\/\/www.ptmyk.pl\/wp-content\/uploads\/2015\/01\/Microglossum-viride-obok-Leotia-lubrica-foto-B.-Kud\u0142awiec.jpg\">33. <b>Ma\u0142ozorek zielony<\/b> (1) <i>Microglossum viride<\/i><\/a><\/td>\n<td valign=\"top\" width=\"265\">wilgotne lasy iglaste, \u0142\u0105ki, na lekko kwa\u015bnym pod\u0142o\u017cu<\/td>\n<\/tr>\n<tr>\n<td valign=\"top\" width=\"29\">\n<p align=\"center\">26<\/p>\n<\/td>\n<td valign=\"top\" width=\"312\"><a href=\"https:\/\/www.ptmyk.pl\/wp-content\/uploads\/2015\/01\/Trichoglossum-hirsutum-foto-W.-Czerniawski.jpg\">34. <b>W\u0142osoj\u0119zyk szorstki<\/b> (1) <i>Trichoglossum hirsutum<\/i><\/a><\/td>\n<td valign=\"top\" width=\"265\">lasy, \u0142\u0105ki<\/td>\n<\/tr>\n<tr>\n<td valign=\"top\" width=\"29\"><\/td>\n<td valign=\"top\" width=\"312\"><b>ma\u015blakowate <i>Suillaceae<\/i><\/b><\/td>\n<td valign=\"top\" width=\"265\"><\/td>\n<\/tr>\n<tr>\n<td valign=\"top\" width=\"29\">\n<p align=\"center\">27<\/p>\n<\/td>\n<td valign=\"top\" width=\"312\"><a href=\"https:\/\/www.ptmyk.pl\/wp-content\/uploads\/2015\/01\/Suillus-sibiricus-foto-R.-Rutkowski.jpg\">37. <b>Ma\u015blak syberyjski<\/b> <i>Suillus sibiricus<\/i><\/a><\/td>\n<td valign=\"top\" width=\"265\">lasy iglaste (pod limbami)<\/td>\n<\/tr>\n<tr>\n<td valign=\"top\" width=\"29\"><\/td>\n<td valign=\"top\" width=\"312\"><b>pier\u015bcieniakowate <i>Strophariaceae<\/i><\/b><\/td>\n<td valign=\"top\" width=\"265\"><\/td>\n<\/tr>\n<tr>\n<td valign=\"top\" width=\"29\">\n<p align=\"center\">28<\/p>\n<\/td>\n<td valign=\"top\" width=\"312\"><a href=\"https:\/\/www.ptmyk.pl\/wp-content\/uploads\/2015\/03\/Pholitoa-heteroclita-foto-J.-Nowicki.jpg\">40. <b>\u0141uskwiak w\u0142\u00f3knisto\u0142uskowaty<\/b> <i>Pholiota heteroclita<\/i><\/a><\/td>\n<td valign=\"top\" width=\"265\">lasy li\u015bciaste (na brzozach)<\/td>\n<\/tr>\n<tr>\n<td valign=\"top\" width=\"29\">\n<p align=\"center\">29<\/p>\n<\/td>\n<td valign=\"top\" width=\"312\">41. <b>Pol\u00f3wka po\u0142udniowa<\/b> (1) <i>Agrocybe cylindracea<\/i><\/td>\n<td valign=\"top\" width=\"265\">lasy li\u015bciaste (na drewnie topoli)<\/td>\n<\/tr>\n<tr>\n<td valign=\"top\" width=\"29\"><\/td>\n<td valign=\"top\" width=\"312\"><b>pniarkowate <i>Fomitopsidaceae<\/i><\/b><\/td>\n<td valign=\"top\" width=\"265\"><\/td>\n<\/tr>\n<tr>\n<td valign=\"top\" width=\"29\">\n<p align=\"center\">30<\/p>\n<\/td>\n<td valign=\"top\" width=\"312\"><a href=\"https:\/\/www.ptmyk.pl\/wp-content\/uploads\/2015\/01\/Antrodia-ramentacea-2-foto-M.-Wantoch-Rekowski.jpg\">42. <b>Jamk\u00f3wka kurczliwa<\/b> (1) <i>Antrodia ramentacea<\/i><\/a><\/td>\n<td valign=\"top\" width=\"265\">lasy iglaste (na drewnie sosny i \u015bwierka)<\/td>\n<\/tr>\n<tr>\n<td valign=\"top\" width=\"29\"><\/td>\n<td valign=\"top\" width=\"312\"><b>sk\u00f3rnikowate <i>Stereaceae<\/i><\/b><\/td>\n<td valign=\"top\" width=\"265\"><\/td>\n<\/tr>\n<tr>\n<td valign=\"top\" width=\"29\">\n<p align=\"center\">31<\/p>\n<\/td>\n<td valign=\"top\" width=\"312\">50. <b>Tarcz\u00f3weczka wielkozarodnikowa <\/b>(1)<i> Aleurocystidiellum subcruentatum<\/i><\/td>\n<td valign=\"top\" width=\"265\">lasy iglaste (na drewnie sosny, jod\u0142y i \u015bwierka)<\/td>\n<\/tr>\n<tr>\n<td valign=\"top\" width=\"29\"><\/td>\n<td valign=\"top\" width=\"312\"><b>smardzowate <i>Morchellaceae<\/i><\/b><\/td>\n<td valign=\"top\" width=\"265\"><\/td>\n<\/tr>\n<tr>\n<td valign=\"top\" width=\"29\">\n<p align=\"center\">32<\/p>\n<\/td>\n<td valign=\"top\" width=\"312\">53. <b>Smardz grubonogi<\/b> <i>Morchella crassipes<\/i>\u2013 okazy rosn\u0105ce poza terenem ogrod\u00f3w, upraw ogrodniczych, szk\u00f3\u0142ek le\u015bnych oraz poza terenami zieleni<\/td>\n<td valign=\"top\" width=\"265\">\u017cyzne lasy li\u015bciaste (\u0142\u0119gi)<\/td>\n<\/tr>\n<tr>\n<td valign=\"top\" width=\"29\"><\/td>\n<td valign=\"top\" width=\"312\"><b>tocznikowate <i>Helotiaceae<\/i><\/b><\/td>\n<td valign=\"top\" width=\"265\"><\/td>\n<\/tr>\n<tr>\n<td valign=\"top\" width=\"29\">\n<p align=\"center\">33<\/p>\n<\/td>\n<td valign=\"top\" width=\"312\"><a href=\"https:\/\/www.ptmyk.pl\/wp-content\/uploads\/2015\/01\/Holwaya-mucida-foto-G.-Domian.jpg\">61. <b>Lipnik lepki<\/b>**<b> <\/b><i>Holwaya mucida<\/i><b> <\/b>(1)<\/a><\/td>\n<td valign=\"top\" width=\"265\">lasy li\u015bciaste (gr\u0105dy &#8211; na drewnie lip)<\/td>\n<\/tr>\n<tr>\n<td valign=\"top\" width=\"29\"><\/td>\n<td valign=\"top\" width=\"312\"><b>zas\u0142onakowate <i>Cortinariaceae<\/i><\/b><\/td>\n<td valign=\"top\" width=\"265\"><\/td>\n<\/tr>\n<tr>\n<td valign=\"top\" width=\"29\">\n<p align=\"center\">34<\/p>\n<\/td>\n<td valign=\"top\" width=\"312\">62. <b>Zas\u0142onak s\u0142omkowo\u017c\u00f3\u0142ty<\/b> (1) <i>Cortinarius elegantior<\/i><\/td>\n<td valign=\"top\" width=\"265\">lasy mieszane i iglaste<\/td>\n<\/tr>\n<\/tbody>\n<\/table>\n<\/div>\n<div>\n<p>* Brak nazwy gatunkowej polskiej,<\/p>\n<\/div>\n<div>\n<p>** Nazwa polska zosta\u0142a zaproponowana przez autor\u00f3w artyku\u0142u: <a href=\"http:\/\/www.kp.org.pl\/pp\/pdf2\/przeglad%204-2010_wilga-chojnacki.pdf,\">http:\/\/www.kp.org.pl\/pp\/pdf2\/przeglad%204-2010_wilga-chojnacki.pdf,<\/a>\u00a0a nast\u0119pnie zosta\u0142a zatwierdzona przez Komisj\u0119 PTMyk ds. nazewnictwa (st\u0105d nazwa nieuj\u0119ta w Rozporz\u0105dzeniu).<\/p>\n<\/div>\n<div>\n<p>(1) \u2013 gatunek, dla kt\u00f3rego nie stosuje si\u0119 odst\u0119pstwa od zakaz\u00f3w okre\u015blonego w \u00a7 7 pkt 1 Rozporz\u0105dzenia Ministra \u015arodowiska z dnia 9 pa\u017adziernika 2014 r. w sprawie ochrony gatunkowej grzyb\u00f3w (Dz. U. poz. 1408).<\/p>\n<\/div>\n","protected":false},"excerpt":{"rendered":"<p>Lp. Nazwa gatunku i nr pozycji listy Rozporz\u0105dzenia Gdzie mo\u017cna spotka\u0107 ten gatunek? (siedliska) dzwonk\u00f3wkowate Entolomataceae 1 4. Dzwonk\u00f3wka* (1) Entoloma sphagnorum torfowiska, w\u015br\u00f3d Sphagnum 2 5. Dzwonk\u00f3wka bagienna (1) Entoloma cuspidiferum torfowiska, w\u015br\u00f3d Sphagnum 3 6. Dzwonk\u00f3wka ciemniej\u0105ca (1) &hellip; <a href=\"https:\/\/www.ptmyk.pl\/?page_id=1968\">Czytaj dalej <span class=\"meta-nav\">&rarr;<\/span><\/a><\/p>\n","protected":false},"author":1,"featured_media":0,"parent":7,"menu_order":0,"comment_status":"closed","ping_status":"closed","template":"","meta":{"footnotes":""},"class_list":["post-1968","page","type-page","status-publish","hentry"],"_links":{"self":[{"href":"https:\/\/www.ptmyk.pl\/index.php?rest_route=\/wp\/v2\/pages\/1968","targetHints":{"allow":["GET"]}}],"collection":[{"href":"https:\/\/www.ptmyk.pl\/index.php?rest_route=\/wp\/v2\/pages"}],"about":[{"href":"https:\/\/www.ptmyk.pl\/index.php?rest_route=\/wp\/v2\/types\/page"}],"author":[{"embeddable":true,"href":"https:\/\/www.ptmyk.pl\/index.php?rest_route=\/wp\/v2\/users\/1"}],"replies":[{"embeddable":true,"href":"https:\/\/www.ptmyk.pl\/index.php?rest_route=%2Fwp%2Fv2%2Fcomments&post=1968"}],"version-history":[{"count":10,"href":"https:\/\/www.ptmyk.pl\/index.php?rest_route=\/wp\/v2\/pages\/1968\/revisions"}],"predecessor-version":[{"id":2219,"href":"https:\/\/www.ptmyk.pl\/index.php?rest_route=\/wp\/v2\/pages\/1968\/revisions\/2219"}],"up":[{"embeddable":true,"href":"https:\/\/www.ptmyk.pl\/index.php?rest_route=\/wp\/v2\/pages\/7"}],"wp:attachment":[{"href":"https:\/\/www.ptmyk.pl\/index.php?rest_route=%2Fwp%2Fv2%2Fmedia&parent=1968"}],"curies":[{"name":"wp","href":"https:\/\/api.w.org\/{rel}","templated":true}]}}