{"id":1681,"date":"2014-08-05T14:49:58","date_gmt":"2014-08-05T12:49:58","guid":{"rendered":"https:\/\/www.ptmyk.pl\/?page_id=1681"},"modified":"2017-01-05T09:52:25","modified_gmt":"2017-01-05T08:52:25","slug":"inwentaryzacja-grzybow-biebrzanskiego-parku-narodowego","status":"publish","type":"page","link":"https:\/\/www.ptmyk.pl\/?page_id=1681","title":{"rendered":"Inwentaryzacja grzyb\u00f3w Biebrza\u0144skiego Parku Narodowego"},"content":{"rendered":"<p>Polskie Towarzystwo Mykologiczne w ramach oboz\u00f3w terenowych w Biebrza\u0144skim Parku Narodowym w latach 2012-2013 prowadzi\u0142o wst\u0119pn\u0105 inwentaryzacj\u0119 grzyb\u00f3w wyst\u0119puj\u0105cych na tym obszarze. Wyniki prac zosta\u0142y opublikowane w nast\u0119puj\u0105cych pracach:<\/p>\n<p>1) Ruszkiewicz Michalska M., Tkaczuk C., Dynowska M.,\u00a0 Sucharzewska E., Szkodzik J., Wrzosek M. (2012) Preliminary studies of fungi in the Biebrza National Park (NE Poland). I. Micromycetes. Acta Mycologica 47(2): 213-234. [<a href=\"http:\/\/pbsociety.org.pl\/journals\/index.php\/am\/article\/view\/am.2012.026\" target=\"_blank\">pobierz plik pdf<\/a>]<\/p>\n<p>2) Kujawa A., Wrzosek M., Domian G., K\u0119dra K., Szkodzik J., Rudawska M., Leski T., Karli\u0144ski L., Pietras M., Gierczyk B., Dynowska M., \u015alusarczyk D., Ka\u0142ucka I., \u0141awrynowicz M. (2012) Preliminary studies of fungi in the Biebrza National Park (NE Poland). II.Macromycetes. Acta Mycologica 47(2): 235-264. [<a href=\"http:\/\/pbsociety.org.pl\/journals\/index.php\/am\/article\/view\/am.2012.027\" target=\"_blank\">pobierz plik pdf<\/a>]<\/p>\n<p>3) Ruszkiewicz-Michalska M.,S.Ba\u0142azy, J. Che\u0142kowski, M.Dynowska, J.Paw\u0142owska, E.Sucharzewska, J.Szkodzik, C.Tkaczuk. M.Wilk, M.Wrzosek (2015). Preliminary studies of fungi in the Biebrza National Park (NE Poland). Part III. Micromycetes \u2013 new data, Acta Mycologica, 50(2): 1067 <a href=\"https:\/\/pbsociety.org.pl\/journals\/index.php\/am\/article\/view\/am.1067\" target=\"_blank\">[pobierz plik pdf]<\/a>.<\/p>\n<p>4) Kujawa A., Gierczyk B., Domian G., Wrzosek M., Stasi\u0144ska M., Szkodzik J., Leski T., Karli\u0144ski L., Pietras M., Dynowska M., Henel A., \u015alusarczyk D., Kubiak D. (2015) Preliminary studies of fungi in the Biebrza National Park. Part IV. Macromycetes \u2013 new data and the synthesis. Acta Mycologica, 50(2): 1070 [<a href=\"https:\/\/pbsociety.org.pl\/journals\/index.php\/am\/article\/view\/am.1070\/5781\" target=\"_blank\">pobierz plik pdf<\/a>].<\/p>\n<p>5) Sprawozdanie dla Dyrekcji Parku &#8211; 2012 rok [<a href=\"https:\/\/www.ptmyk.pl\/wp-content\/uploads\/2014\/08\/Raport-BbPN-ostateczny.pdf\" target=\"_blank\">pobierz plik pdf<\/a>]<\/p>\n<p>6) Sprawozdanie dla Ministerstwa \u015arodowiska &#8211; 2013 rok [<a href=\"https:\/\/www.ptmyk.pl\/wp-content\/uploads\/2014\/08\/raport2013.pdf\" target=\"_blank\">pobierz plik pdf<\/a>]<\/p>\n","protected":false},"excerpt":{"rendered":"<p>Polskie Towarzystwo Mykologiczne w ramach oboz\u00f3w terenowych w Biebrza\u0144skim Parku Narodowym w latach 2012-2013 prowadzi\u0142o wst\u0119pn\u0105 inwentaryzacj\u0119 grzyb\u00f3w wyst\u0119puj\u0105cych na tym obszarze. Wyniki prac zosta\u0142y opublikowane w nast\u0119puj\u0105cych pracach: 1) Ruszkiewicz Michalska M., Tkaczuk C., Dynowska M.,\u00a0 Sucharzewska E., Szkodzik &hellip; <a href=\"https:\/\/www.ptmyk.pl\/?page_id=1681\">Czytaj dalej <span class=\"meta-nav\">&rarr;<\/span><\/a><\/p>\n","protected":false},"author":1,"featured_media":0,"parent":3022,"menu_order":0,"comment_status":"closed","ping_status":"closed","template":"","meta":{"footnotes":""},"class_list":["post-1681","page","type-page","status-publish","hentry"],"_links":{"self":[{"href":"https:\/\/www.ptmyk.pl\/index.php?rest_route=\/wp\/v2\/pages\/1681","targetHints":{"allow":["GET"]}}],"collection":[{"href":"https:\/\/www.ptmyk.pl\/index.php?rest_route=\/wp\/v2\/pages"}],"about":[{"href":"https:\/\/www.ptmyk.pl\/index.php?rest_route=\/wp\/v2\/types\/page"}],"author":[{"embeddable":true,"href":"https:\/\/www.ptmyk.pl\/index.php?rest_route=\/wp\/v2\/users\/1"}],"replies":[{"embeddable":true,"href":"https:\/\/www.ptmyk.pl\/index.php?rest_route=%2Fwp%2Fv2%2Fcomments&post=1681"}],"version-history":[{"count":4,"href":"https:\/\/www.ptmyk.pl\/index.php?rest_route=\/wp\/v2\/pages\/1681\/revisions"}],"predecessor-version":[{"id":3046,"href":"https:\/\/www.ptmyk.pl\/index.php?rest_route=\/wp\/v2\/pages\/1681\/revisions\/3046"}],"up":[{"embeddable":true,"href":"https:\/\/www.ptmyk.pl\/index.php?rest_route=\/wp\/v2\/pages\/3022"}],"wp:attachment":[{"href":"https:\/\/www.ptmyk.pl\/index.php?rest_route=%2Fwp%2Fv2%2Fmedia&parent=1681"}],"curies":[{"name":"wp","href":"https:\/\/api.w.org\/{rel}","templated":true}]}}