{"id":162,"date":"2012-10-02T14:50:58","date_gmt":"2012-10-02T12:50:58","guid":{"rendered":"https:\/\/www.ptmyk.pl\/?page_id=162"},"modified":"2017-03-10T14:27:32","modified_gmt":"2017-03-10T13:27:32","slug":"wieslaw-mulenko","status":"publish","type":"page","link":"https:\/\/www.ptmyk.pl\/?page_id=162","title":{"rendered":"Wies\u0142aw Mu\u0142enko"},"content":{"rendered":"<p><a href=\"https:\/\/www.ptmyk.pl\/wp-content\/uploads\/2012\/10\/Mu\u0142enko.jpg\"><img loading=\"lazy\" decoding=\"async\" class=\"alignleft size-medium wp-image-163\" title=\"Mu\u0142enko\" alt=\"\" src=\"https:\/\/www.ptmyk.pl\/wp-content\/uploads\/2012\/10\/Mu\u0142enko-243x300.jpg\" width=\"243\" height=\"300\" srcset=\"https:\/\/www.ptmyk.pl\/wp-content\/uploads\/2012\/10\/Mu\u0142enko-243x300.jpg 243w, https:\/\/www.ptmyk.pl\/wp-content\/uploads\/2012\/10\/Mu\u0142enko-830x1024.jpg 830w, https:\/\/www.ptmyk.pl\/wp-content\/uploads\/2012\/10\/Mu\u0142enko.jpg 913w\" sizes=\"auto, (max-width: 243px) 100vw, 243px\" \/><\/a>Zak\u0142ad Botaniki i Mykologii<br \/>\nInstytut Biologii i Biochemii<br \/>\nWydzia\u0142 Biologii i Biotechnologii<br \/>\nUniwersytet Marii Curie-Sk\u0142odowskiej<br \/>\nAkademicka 19<br \/>\n20-033 Lublin, PL<\/p>\n<p>Numer telefonu: (48) 81 537 59 38<\/p>\n<p>Email: wies\u0142aw.mulenko@poczta.umcs.lublin.pl<\/p>\n<p>Strona internetowa: <a href=\"http:\/\/www.zbm.umcs.lublin.pl\" target=\"_blank\">www.zbm.umcs.lublin.pl<\/a><\/p>\n<p>&nbsp;<\/p>\n<p><span style=\"text-decoration: underline;\">Tematyka badawcza:<\/span><br \/>\nGrzyby mikroskopijne (w tym paso\u017cyty ro\u015blin): biologia, taksonomia, ekologia, rozmieszczenie geograficzne oraz udzia\u0142 i rola w strukturze zbiorowisk ro\u015blinnych.<\/p>\n<p><span style=\"text-decoration: underline;\">Projekty [<a href=\"https:\/\/www.ptmyk.pl\/wp-content\/uploads\/2012\/10\/Mu\u0142enko_granty.pdf\" target=\"_blank\">pobierz plik pdf<\/a>] <\/span><\/p>\n<p><em>A) Kierownictwo grant\u00f3w<\/em><br \/>\n\u2022 2004 \u2013 MNiSW (KBN), IV Og\u00f3lnopolskie Sympozjum Mikologiczne, Sandomierz, 23-26.IX.2004. Temat: \u201eGrzyby w \u015brodowisku naturalnym. Metody bada\u0144 terenowych\u201d. Sympozjum zorganizowane przy wsp\u00f3\u0142pracy z Lubelskim Towarzystwem Naukowym (wnioskodawca, organizator sympozjum).<br \/>\n\u2022 2004\u20132007 \u2013 MNiSW (KBN) Nr 2\/P04C\/089\/27 \u201eGrzyby paso\u017cytnicze ro\u015blin naczyniowych na tle geobotanicznego zr\u00f3\u017cnicowania Tatrza\u0144skiego Parku Narodowego\u201d.<br \/>\n\u2022 2009\u20132012. MNiSW \u2013 Nr N\/N304\/172436. Temat: \u201eGrzyby paso\u017cytnicze w strukturze g\u00f3rskich zbiorowisk le\u015bnych podlegaj\u0105cych sukcesji wt\u00f3rnej\u201d.<br \/>\n<em>B) Uczestnictwo w grantach (wykonawca)<\/em><br \/>\n\u2022 2004-2007 \u2013 KBN nr 2 P04G 076 26p02 (Instytutu Botaniki PAN w Krakowie) \u201eObce gatunki inwazyjne we florze Polski \u2013 ich wp\u0142yw na r\u00f3\u017cnorodno\u015b\u0107 biologiczn\u0105 i funkcjonowanie ekosystem\u00f3w\u201d (redakcja i opracowanie dzia\u0142u \u2013 \u201eGrzyby inwazyjne\u201d).<br \/>\n\u2022 2013-2014 \u2013 grant NCBR (Nr VKCh\/GE-P\/5; wsp\u00f3lnie z Uniw. Przyrodniczym w Lublinie) \u201eNowy \u015brodek biob\u00f3jczy z funkcj\u0105 blokowania cyklu rozrodczego Varroa destructor do walki z warroz\u0105 pszczo\u0142y miodnej\u201d (opracowanie dzia\u0142u dotycz\u0105cego nosemozy pszcz\u00f3\u0142 miodnych).<br \/>\n<em>C) Grant Fundacji na rzecz Nauki Polskiej<\/em><br \/>\n\u2022 2005 \u2013 Program BIOS \u2013 Wyposa\u017cenia zielnika w Instytucie Biologii UMCS (g\u0142\u00f3wny wnioskodawca). Wsp\u00f3\u0142wnioskodawcy: Zak\u0142ad Geobotaniki, Zak\u0142ad Ochrony Przyrody UMCS.<br \/>\n<em>D) Dofinansowanie MNiSW (SPUB \u2013 specjalne urz\u0105dzenie badawcze)<\/em><br \/>\n\u2022 2011, 2013, 2014, 2015 \u2013 Naukowe kolekcje botaniczne, mykologiczne oraz faunistyczne Wydzia\u0142u Biologii i Biotechnologii UMCS w Lublinie.<\/p>\n<p><span style=\"text-decoration: underline;\">Publikacje <\/span>[<a href=\"https:\/\/www.ptmyk.pl\/wp-content\/uploads\/2012\/10\/PTMyk_WM_publikacje_aktualizacja.pdf\" target=\"_blank\">pobierz plik pdf<\/a>]<\/p>\n<p>&nbsp;<\/p>\n","protected":false},"excerpt":{"rendered":"<p>Zak\u0142ad Botaniki i Mykologii Instytut Biologii i Biochemii Wydzia\u0142 Biologii i Biotechnologii Uniwersytet Marii Curie-Sk\u0142odowskiej Akademicka 19 20-033 Lublin, PL Numer telefonu: (48) 81 537 59 38 Email: wies\u0142aw.mulenko@poczta.umcs.lublin.pl Strona internetowa: www.zbm.umcs.lublin.pl &nbsp; Tematyka badawcza: Grzyby mikroskopijne (w tym paso\u017cyty &hellip; <a href=\"https:\/\/www.ptmyk.pl\/?page_id=162\">Czytaj dalej <span class=\"meta-nav\">&rarr;<\/span><\/a><\/p>\n","protected":false},"author":1,"featured_media":0,"parent":34,"menu_order":0,"comment_status":"closed","ping_status":"closed","template":"","meta":{"footnotes":""},"class_list":["post-162","page","type-page","status-publish","hentry"],"_links":{"self":[{"href":"https:\/\/www.ptmyk.pl\/index.php?rest_route=\/wp\/v2\/pages\/162","targetHints":{"allow":["GET"]}}],"collection":[{"href":"https:\/\/www.ptmyk.pl\/index.php?rest_route=\/wp\/v2\/pages"}],"about":[{"href":"https:\/\/www.ptmyk.pl\/index.php?rest_route=\/wp\/v2\/types\/page"}],"author":[{"embeddable":true,"href":"https:\/\/www.ptmyk.pl\/index.php?rest_route=\/wp\/v2\/users\/1"}],"replies":[{"embeddable":true,"href":"https:\/\/www.ptmyk.pl\/index.php?rest_route=%2Fwp%2Fv2%2Fcomments&post=162"}],"version-history":[{"count":11,"href":"https:\/\/www.ptmyk.pl\/index.php?rest_route=\/wp\/v2\/pages\/162\/revisions"}],"predecessor-version":[{"id":3150,"href":"https:\/\/www.ptmyk.pl\/index.php?rest_route=\/wp\/v2\/pages\/162\/revisions\/3150"}],"up":[{"embeddable":true,"href":"https:\/\/www.ptmyk.pl\/index.php?rest_route=\/wp\/v2\/pages\/34"}],"wp:attachment":[{"href":"https:\/\/www.ptmyk.pl\/index.php?rest_route=%2Fwp%2Fv2%2Fmedia&parent=162"}],"curies":[{"name":"wp","href":"https:\/\/api.w.org\/{rel}","templated":true}]}}