{"id":1570,"date":"2014-03-31T11:45:02","date_gmt":"2014-03-31T09:45:02","guid":{"rendered":"https:\/\/www.ptmyk.pl\/?page_id=1570"},"modified":"2019-03-27T21:01:57","modified_gmt":"2019-03-27T20:01:57","slug":"barbara-kudlawiec","status":"publish","type":"page","link":"https:\/\/www.ptmyk.pl\/?page_id=1570","title":{"rendered":"Barbara Kud\u0142awiec"},"content":{"rendered":"<p><a href=\"https:\/\/www.ptmyk.pl\/wp-content\/uploads\/2019\/03\/Kudlawiec.jpg\"><img loading=\"lazy\" decoding=\"async\" class=\"alignleft  wp-image-3631\" src=\"https:\/\/www.ptmyk.pl\/wp-content\/uploads\/2019\/03\/Kudlawiec.jpg\" alt=\"\" width=\"334\" height=\"333\" srcset=\"https:\/\/www.ptmyk.pl\/wp-content\/uploads\/2019\/03\/Kudlawiec.jpg 400w, https:\/\/www.ptmyk.pl\/wp-content\/uploads\/2019\/03\/Kudlawiec-150x150.jpg 150w, https:\/\/www.ptmyk.pl\/wp-content\/uploads\/2019\/03\/Kudlawiec-300x300.jpg 300w\" sizes=\"auto, (max-width: 334px) 100vw, 334px\" \/><\/a>Numer telefonu: (48) 607\u00a0869 472<\/p>\n<p>Email: topaz4@poczta.fm<\/p>\n<p>Strona internetowa: blog popularyzuj\u0105cy r\u00f3\u017cnorodno\u015b\u0107 \u015bwiata grzyb\u00f3w <a href=\"http:\/\/www.grzybowisko.wordpress.com\/\">www.grzybowisko.wordpress.com<\/a><\/p>\n<p>&nbsp;<\/p>\n<p>&nbsp;<\/p>\n<p>&nbsp;<\/p>\n<p>Tematyka badawcza:<\/p>\n<p>Praca zawodowa:<br \/>\nInstytut W\u0142\u00f3kien Naturalnych i Ro\u015blin Zielarskich w Poznaniu<br \/>\nSystemy jako\u015bci w produkcji \u015brodk\u00f3w spo\u017cywczych oraz API<\/p>\n<p>Zainteresowania:<br \/>\nMacromycetes powiatu gnie\u017anie\u0144skiego i s\u0105siednich oraz wybranych miejsc Polski.<br \/>\nRzadkie i zagro\u017cone gatunki grzyb\u00f3w w Wielkopolsce.<br \/>\nSuchog\u0142\u00f3wka korowa Phleogena faginea w Wielkopolsce.<\/p>\n<p>R\u00f3\u017cne formy popularyzowania \u015bwiata grzyb\u00f3w.<\/p>\n<p>Projekty i publikacje [<a href=\"https:\/\/www.ptmyk.pl\/wp-content\/uploads\/2019\/03\/Kudlawiec_2019.pdf\" target=\"_blank\" rel=\"noopener\">pobierz plik pdf<\/a>]<\/p>\n<p>&nbsp;<\/p>\n","protected":false},"excerpt":{"rendered":"<p>Numer telefonu: (48) 607\u00a0869 472 Email: topaz4@poczta.fm Strona internetowa: blog popularyzuj\u0105cy r\u00f3\u017cnorodno\u015b\u0107 \u015bwiata grzyb\u00f3w www.grzybowisko.wordpress.com &nbsp; &nbsp; &nbsp; Tematyka badawcza: Praca zawodowa: Instytut W\u0142\u00f3kien Naturalnych i Ro\u015blin Zielarskich w Poznaniu Systemy jako\u015bci w produkcji \u015brodk\u00f3w spo\u017cywczych oraz API Zainteresowania: Macromycetes &hellip; <a href=\"https:\/\/www.ptmyk.pl\/?page_id=1570\">Czytaj dalej <span class=\"meta-nav\">&rarr;<\/span><\/a><\/p>\n","protected":false},"author":1,"featured_media":0,"parent":34,"menu_order":0,"comment_status":"closed","ping_status":"closed","template":"","meta":{"footnotes":""},"class_list":["post-1570","page","type-page","status-publish","hentry"],"_links":{"self":[{"href":"https:\/\/www.ptmyk.pl\/index.php?rest_route=\/wp\/v2\/pages\/1570","targetHints":{"allow":["GET"]}}],"collection":[{"href":"https:\/\/www.ptmyk.pl\/index.php?rest_route=\/wp\/v2\/pages"}],"about":[{"href":"https:\/\/www.ptmyk.pl\/index.php?rest_route=\/wp\/v2\/types\/page"}],"author":[{"embeddable":true,"href":"https:\/\/www.ptmyk.pl\/index.php?rest_route=\/wp\/v2\/users\/1"}],"replies":[{"embeddable":true,"href":"https:\/\/www.ptmyk.pl\/index.php?rest_route=%2Fwp%2Fv2%2Fcomments&post=1570"}],"version-history":[{"count":6,"href":"https:\/\/www.ptmyk.pl\/index.php?rest_route=\/wp\/v2\/pages\/1570\/revisions"}],"predecessor-version":[{"id":3632,"href":"https:\/\/www.ptmyk.pl\/index.php?rest_route=\/wp\/v2\/pages\/1570\/revisions\/3632"}],"up":[{"embeddable":true,"href":"https:\/\/www.ptmyk.pl\/index.php?rest_route=\/wp\/v2\/pages\/34"}],"wp:attachment":[{"href":"https:\/\/www.ptmyk.pl\/index.php?rest_route=%2Fwp%2Fv2%2Fmedia&parent=1570"}],"curies":[{"name":"wp","href":"https:\/\/api.w.org\/{rel}","templated":true}]}}