{"id":13,"date":"2012-06-28T15:38:22","date_gmt":"2012-06-28T15:38:22","guid":{"rendered":"https:\/\/www.ptmyk.pl\/?page_id=13"},"modified":"2026-03-18T16:54:15","modified_gmt":"2026-03-18T15:54:15","slug":"kontakt","status":"publish","type":"page","link":"https:\/\/www.ptmyk.pl\/?page_id=13","title":{"rendered":"Kontakt"},"content":{"rendered":"<p>Polskie Towarzystwo Mykologiczne<br \/>\nAl. Jerozolimskie 89\/43<br \/>\n02-001 Warszawa<\/p>\n<p><a href=\"mailto:polskietowarzystwomykologiczne@gmail.com\">polskietowarzystwomykologiczne@gmail.com<\/a><\/p>\n<p>Rzecznik prasowy Polskiego Towarzystwa Mykologicznego:\u00a0 \u00a0 \u00a0 \u00a0 \u00a0 \u00a0 \u00a0 \u00a0 \u00a0 \u00a0 \u00a0 \u00a0 \u00a0 \u00a0 \u00a0 \u00a0 \u00a0 \u00a0 \u00a0 \u00a0 \u00a0 \u00a0 \u00a0 \u00a0 \u00a0 \u00a0 \u00a0 \u00a0 \u00a0 \u00a0mgr Sebastian Piskorski, dr Micha\u0142 Gorczak\u00a0 \u00a0 \u00a0 \u00a0 \u00a0 \u00a0 \u00a0 \u00a0 \u00a0 \u00a0 \u00a0 \u00a0 \u00a0 \u00a0 \u00a0 \u00a0 \u00a0 \u00a0 \u00a0 \u00a0 \u00a0 \u00a0 \u00a0 \u00a0 \u00a0 \u00a0 \u00a0 \u00a0 \u00a0 \u00a0 \u00a0 \u00a0 \u00a0 \u00a0 \u00a0 \u00a0 \u00a0 \u00a0 \u00a0 \u00a0 \u00a0 \u00a0kontakt: <a href=\"mailto:rzecznik.ptmyk@gmail.com\" target=\"_blank\" rel=\"noopener\">rzecznik.ptmyk@gmail.com<\/a><\/p>\n<p>Bank PKO BP SA 3 oddzia\u0142 \u0141\u00f3d\u017a<br \/>\nNr konta: 39 1020 3352 0000 1902 0192 8951<\/p>\n<p>KRS: 0000422681<br \/>\nREGON: 146207334<br \/>\nNIP: 7010348613<br \/>\nEU PIC: 884410014<\/p>\n<p><span style=\"text-decoration: underline;\"><strong>Informacja o sk\u0142adkach cz\u0142onkowskich:<\/strong><\/span><\/p>\n<p>Obowi\u0105zuj\u0105ce kwoty jednorazowego wpisowego (dla nowych cz\u0142onk\u00f3w) to 30 z\u0142 lub 15 z\u0142 dla student\u00f3w i doktorant\u00f3w, natomiast sk\u0142adka roczna dla wszystkich cz\u0142onk\u00f3w to 50 z\u0142. Sk\u0142adk\u0119 roczn\u0105 prosimy wp\u0142aca\u0107 na konto PTMyk (podane powy\u017cej), najp\u00f3\u017aniej do ko\u0144ca grudnia ka\u017cdego roku. Sk\u0142adki obowi\u0105zuj\u0105 cz\u0142onk\u00f3w pocz\u0105wszy od roku przyj\u0119cia do PTMyk.<\/p>\n<p>Cz\u0142onkowie zwyczajni mog\u0105 op\u0142aci\u0107 sk\u0142adki cz\u0142onkowskie w formie jednorazowej kwoty umo\u017cliwiaj\u0105cej do\u017cywotnie cz\u0142onkostwo w Towarzystwie. Wysoko\u015b\u0107 tej kwoty jest r\u00f3wna 15-krotnej, pe\u0142nej sk\u0142adce rocznej (=750 z\u0142) i nie podlega zwrotowi.<\/p>\n<p>Pytania prosz\u0119 kierowa\u0107 na adres mailowy: <a href=\"mailto:skarbnik.ptmyk@gmail.com\">skarbnik.ptmyk@gmail.com<\/a><\/p>\n","protected":false},"excerpt":{"rendered":"<p>Polskie Towarzystwo Mykologiczne Al. Jerozolimskie 89\/43 02-001 Warszawa polskietowarzystwomykologiczne@gmail.com Rzecznik prasowy Polskiego Towarzystwa Mykologicznego:\u00a0 \u00a0 \u00a0 \u00a0 \u00a0 \u00a0 \u00a0 \u00a0 \u00a0 \u00a0 \u00a0 \u00a0 \u00a0 \u00a0 \u00a0 \u00a0 \u00a0 \u00a0 \u00a0 \u00a0 \u00a0 \u00a0 \u00a0 \u00a0 \u00a0 \u00a0 \u00a0 &hellip; <a href=\"https:\/\/www.ptmyk.pl\/?page_id=13\">Czytaj dalej <span class=\"meta-nav\">&rarr;<\/span><\/a><\/p>\n","protected":false},"author":1,"featured_media":0,"parent":0,"menu_order":0,"comment_status":"open","ping_status":"open","template":"","meta":{"footnotes":""},"class_list":["post-13","page","type-page","status-publish","hentry"],"_links":{"self":[{"href":"https:\/\/www.ptmyk.pl\/index.php?rest_route=\/wp\/v2\/pages\/13","targetHints":{"allow":["GET"]}}],"collection":[{"href":"https:\/\/www.ptmyk.pl\/index.php?rest_route=\/wp\/v2\/pages"}],"about":[{"href":"https:\/\/www.ptmyk.pl\/index.php?rest_route=\/wp\/v2\/types\/page"}],"author":[{"embeddable":true,"href":"https:\/\/www.ptmyk.pl\/index.php?rest_route=\/wp\/v2\/users\/1"}],"replies":[{"embeddable":true,"href":"https:\/\/www.ptmyk.pl\/index.php?rest_route=%2Fwp%2Fv2%2Fcomments&post=13"}],"version-history":[{"count":25,"href":"https:\/\/www.ptmyk.pl\/index.php?rest_route=\/wp\/v2\/pages\/13\/revisions"}],"predecessor-version":[{"id":6207,"href":"https:\/\/www.ptmyk.pl\/index.php?rest_route=\/wp\/v2\/pages\/13\/revisions\/6207"}],"wp:attachment":[{"href":"https:\/\/www.ptmyk.pl\/index.php?rest_route=%2Fwp%2Fv2%2Fmedia&parent=13"}],"curies":[{"name":"wp","href":"https:\/\/api.w.org\/{rel}","templated":true}]}}