{"id":115,"date":"2012-07-09T16:36:04","date_gmt":"2012-07-09T14:36:04","guid":{"rendered":"https:\/\/www.ptmyk.pl\/?page_id=115"},"modified":"2017-12-12T20:09:39","modified_gmt":"2017-12-12T19:09:39","slug":"strony-internetowe","status":"publish","type":"page","link":"https:\/\/www.ptmyk.pl\/?page_id=115","title":{"rendered":"Strony internetowe"},"content":{"rendered":"<p>&nbsp;<\/p>\n<table border=\"0\">\n<tbody>\n<tr>\n<td>Atlas grzyb\u00f3w Polski<\/td>\n<td><a href=\"http:\/\/www.grzyby.pl\" target=\"_blank\">www.grzyby.pl<\/a><\/td>\n<\/tr>\n<tr>\n<td>Polskie Towarzystwo Botaniczne<\/td>\n<td><a href=\"http:\/\/pbsociety.org.pl\/\" target=\"_blank\">http:\/\/pbsociety.org.pl<\/a><\/td>\n<\/tr>\n<tr>\n<td>Polskie Towarzystwo Fitopatologiczne<\/td>\n<td><a href=\"http:\/\/www1.up.poznan.pl\/ptfit\/\" target=\"_blank\">http:\/\/www1.up.poznan.pl\/ptfit\/<\/a><\/td>\n<\/tr>\n<tr>\n<td>Bio-forum<\/td>\n<td><a href=\"http:\/\/www.bio-forum.pl\" target=\"_blank\">www.bio-forum.pl<\/a><\/td>\n<\/tr>\n<tr>\n<td>Grzybland<\/td>\n<td><a href=\"http:\/\/www.grzybland.pl\/\" target=\"_blank\">www.grzybland.pl<\/a><\/td>\n<\/tr>\n<tr>\n<td>Krajowa Sie\u0107 Informacji o Bior\u00f3\u017cnorodno\u015bci<\/td>\n<td><a href=\"http:\/\/www.gbif.pl\" target=\"_blank\">www.gbif.pl<\/a><\/td>\n<\/tr>\n<tr>\n<td>wiemJAK logo Aleksander B\u0105k (strona autora logo PTMyk)<\/td>\n<td><a href=\"http:\/\/www.wiem-jak.com\/home\" target=\"_blank\">www.wiem-jak.com<\/a><\/td>\n<\/tr>\n<tr>\n<td>\u00a0&#8222;Wiedza i \u017bycie&#8221;<\/td>\n<td>\u00a0<a href=\"http:\/\/www.wiz.pl\/\" target=\"_blank\">www.wiz.pl<\/a><\/td>\n<\/tr>\n<tr>\n<td>\u00a0Ekolodzkie.pl &#8211; przyrodniczo-ekologiczny serwis makroregionu \u0142\u00f3dzkiego<\/td>\n<td>\u00a0<a href=\"http:\/\/www.ekolodzkie.pl\/\" target=\"_blank\">www.ekolodzkie.pl<\/a><\/td>\n<\/tr>\n<tr>\n<td>Stowarzyszenie Na Grzyby<\/td>\n<td>\u00a0<a href=\"http:\/\/www.grzybiarze.eu\" target=\"_blank\">www.grzybiarze.eu<\/a><\/td>\n<\/tr>\n<tr>\n<td>\u00a0Internetowy Klub Mi\u0142o\u015bnik\u00f3w Darz Grzyb<\/td>\n<td><a href=\"http:\/\/www.nagrzyby.pl\/\" target=\"_blank\">www.nagrzyby.pl <\/a><\/td>\n<\/tr>\n<tr>\n<td>Klub Przyrodnik\u00f3w<\/td>\n<td><a href=\"http:\/\/www.kp.org.pl\/index.php?option=com_content&amp;task=view&amp;id=111&amp;Itemid=211\" target=\"_blank\">www.kp.org.pl<\/a><\/td>\n<\/tr>\n<tr>\n<td>International Society for Fungal Conservation<\/td>\n<td><a href=\"http:\/\/www.fungal-conservation.org\/\" target=\"_blank\">www.fungal-conservation.org<\/a><\/td>\n<\/tr>\n<tr>\n<td>Bia\u0142owieski Park Narodowy<\/td>\n<td>\u00a0<a href=\"http:\/\/www.bpn.com.pl\/\" target=\"_blank\">www.bpn.com.pl<\/a><\/td>\n<\/tr>\n<tr>\n<td>Geoportal (istnieje mo\u017cliwo\u015b\u0107 dodawania warstw ze wszystkimi formami ochrony obszarowej)<\/td>\n<td>\u00a0<a href=\"http:\/\/www.geoportal.gov.pl\/\" target=\"_blank\">http:\/\/www.geoportal.gov.pl\/<\/a><\/td>\n<\/tr>\n<tr>\n<td>Bank danych o lasach<\/td>\n<td>\u00a0<a href=\"http:\/\/www.bdl.info.pl\/portal\/\" target=\"_blank\">http:\/\/www.bdl.info.pl\/portal\/<\/a><\/td>\n<\/tr>\n<tr>\n<td>Baza danych mikologia.pl<\/td>\n<td><a href=\"http:\/\/wwkk.mikologia.pl\/new\/collection\" target=\"_blank\">http:\/\/www.mikologia.pl<\/a><\/td>\n<\/tr>\n<tr>\n<td>blog Mykologia medyczna &#8211; strona m.in. z wieloma przydatnymi linkami mykologicznymi<\/td>\n<td><a href=\"http:\/\/mykomed.blogspot.fr\/p\/przydatne-linki.html\" target=\"_blank\">http:\/\/mykomed.blogspot.fr\/p\/przydatne-linki.html<\/a><\/td>\n<\/tr>\n<tr>\n<td>seria film\u00f3w przyrodniczych &#8222;Las Story&#8221;<\/td>\n<td><a href=\"http:\/\/vod.tvp.pl\/audycje\/wiedza\/las-story\" target=\"_blank\">http:\/\/vod.tvp.pl\/audycje\/wiedza\/las-story<\/a><\/td>\n<\/tr>\n<\/tbody>\n<\/table>\n","protected":false},"excerpt":{"rendered":"<p>&nbsp; Atlas grzyb\u00f3w Polski www.grzyby.pl Polskie Towarzystwo Botaniczne http:\/\/pbsociety.org.pl Polskie Towarzystwo Fitopatologiczne http:\/\/www1.up.poznan.pl\/ptfit\/ Bio-forum www.bio-forum.pl Grzybland www.grzybland.pl Krajowa Sie\u0107 Informacji o Bior\u00f3\u017cnorodno\u015bci www.gbif.pl wiemJAK logo Aleksander B\u0105k (strona autora logo PTMyk) www.wiem-jak.com \u00a0&#8222;Wiedza i \u017bycie&#8221; \u00a0www.wiz.pl \u00a0Ekolodzkie.pl &#8211; przyrodniczo-ekologiczny serwis &hellip; <a href=\"https:\/\/www.ptmyk.pl\/?page_id=115\">Czytaj dalej <span class=\"meta-nav\">&rarr;<\/span><\/a><\/p>\n","protected":false},"author":1,"featured_media":0,"parent":11,"menu_order":0,"comment_status":"closed","ping_status":"closed","template":"","meta":{"footnotes":""},"class_list":["post-115","page","type-page","status-publish","hentry"],"_links":{"self":[{"href":"https:\/\/www.ptmyk.pl\/index.php?rest_route=\/wp\/v2\/pages\/115","targetHints":{"allow":["GET"]}}],"collection":[{"href":"https:\/\/www.ptmyk.pl\/index.php?rest_route=\/wp\/v2\/pages"}],"about":[{"href":"https:\/\/www.ptmyk.pl\/index.php?rest_route=\/wp\/v2\/types\/page"}],"author":[{"embeddable":true,"href":"https:\/\/www.ptmyk.pl\/index.php?rest_route=\/wp\/v2\/users\/1"}],"replies":[{"embeddable":true,"href":"https:\/\/www.ptmyk.pl\/index.php?rest_route=%2Fwp%2Fv2%2Fcomments&post=115"}],"version-history":[{"count":22,"href":"https:\/\/www.ptmyk.pl\/index.php?rest_route=\/wp\/v2\/pages\/115\/revisions"}],"predecessor-version":[{"id":3353,"href":"https:\/\/www.ptmyk.pl\/index.php?rest_route=\/wp\/v2\/pages\/115\/revisions\/3353"}],"up":[{"embeddable":true,"href":"https:\/\/www.ptmyk.pl\/index.php?rest_route=\/wp\/v2\/pages\/11"}],"wp:attachment":[{"href":"https:\/\/www.ptmyk.pl\/index.php?rest_route=%2Fwp%2Fv2%2Fmedia&parent=115"}],"curies":[{"name":"wp","href":"https:\/\/api.w.org\/{rel}","templated":true}]}}