{"id":113,"date":"2012-07-09T16:34:43","date_gmt":"2012-07-09T14:34:43","guid":{"rendered":"https:\/\/www.ptmyk.pl\/?page_id=113"},"modified":"2024-07-01T12:03:14","modified_gmt":"2024-07-01T10:03:14","slug":"literatura-mykologiczna","status":"publish","type":"page","link":"https:\/\/www.ptmyk.pl\/?page_id=113","title":{"rendered":"Do pobrania"},"content":{"rendered":"<p>1. <a href=\" https:\/\/www.ptmyk.pl\/?page_id=44\">Deklaracja cz\u0142onkowska<\/a><\/p>\n<p>2. <a href=\"https:\/\/www.ptmyk.pl\/?page_id=682\" target=\"_blank\" rel=\"noopener\">Kurier miesi\u0119czny Polskiego Towarzystwa Mykologicznego<\/a><\/p>\n<p>3. Wniosek o patronat Polskiego Towarzystwa Mykologicznego [<a href=\"https:\/\/www.ptmyk.pl\/wp-content\/uploads\/2013\/03\/wniosek-o-patronat-PTMyk.docx\" target=\"_blank\" rel=\"noopener\">pobierz plik docx<\/a>]<\/p>\n<p>4. Ksi\u0105\u017cka &#8222;Grzyby chronione Polski. Rozmieszczenie, zagro\u017cenia, rekomendacje ochronne&#8221; pod redakcj\u0105 Anny Kujawy, Ma\u0142gorzaty Ruszkiewicz-Michalskiej, Izabeli Ka\u0142uckiej [<a href=\"https:\/\/www.ptmyk.pl\/wp-content\/uploads\/2021\/07\/GrzybyChronione.pdf\" target=\"_blank\" rel=\"noopener\">pobierz plik pdf<\/a> na licencji CC BY-NC-ND 4.0]<\/p>\n<p><a href=\"https:\/\/www.ptmyk.pl\/wp-content\/uploads\/2021\/07\/GrzybyChronione.pdf\" target=\"_blank\" rel=\"noopener\"><img loading=\"lazy\" decoding=\"async\" class=\"wp-image-4461 alignnone\" src=\"https:\/\/www.ptmyk.pl\/wp-content\/uploads\/2021\/06\/Grzyby-chronione-Polskipp-196x300.png\" alt=\"\" width=\"143\" height=\"219\" srcset=\"https:\/\/www.ptmyk.pl\/wp-content\/uploads\/2021\/06\/Grzyby-chronione-Polskipp-196x300.png 196w, https:\/\/www.ptmyk.pl\/wp-content\/uploads\/2021\/06\/Grzyby-chronione-Polskipp.png 317w\" sizes=\"auto, (max-width: 143px) 100vw, 143px\" \/><\/a><a href=\"https:\/\/www.ptmyk.pl\/wp-content\/uploads\/2021\/07\/by-nc-nd.png\"><img loading=\"lazy\" decoding=\"async\" class=\"wp-image-4497 alignnone\" src=\"https:\/\/www.ptmyk.pl\/wp-content\/uploads\/2021\/07\/by-nc-nd-300x105.png\" alt=\"\" width=\"112\" height=\"39\" srcset=\"https:\/\/www.ptmyk.pl\/wp-content\/uploads\/2021\/07\/by-nc-nd-300x105.png 300w, https:\/\/www.ptmyk.pl\/wp-content\/uploads\/2021\/07\/by-nc-nd.png 403w\" sizes=\"auto, (max-width: 112px) 100vw, 112px\" \/><\/a><\/p>\n<p>5. Materia\u0142y z 18th Congress of European Mycologists, Warsaw-Bia\u0142owie\u017ca 16-21.09.2019:<\/p>\n<ul>\n<li><a href=\"https:\/\/www.ptmyk.pl\/wp-content\/uploads\/2019\/09\/Abstract_book_final_strona29.9.2019.pdf\" target=\"_blank\" rel=\"noopener\">abstract book<\/a><\/li>\n<li><a href=\"https:\/\/www.ptmyk.pl\/wp-content\/uploads\/2019\/09\/PROGRAM-BOOK-final-2019.pdf\" target=\"_blank\" rel=\"noopener\">programme book<\/a><\/li>\n<li><a href=\"https:\/\/www.ptmyk.pl\/wp-content\/uploads\/2019\/09\/Checkist-of-microfungi-BIALOWIEZA.pdf\" target=\"_blank\" rel=\"noopener\">Checklist of microfungi and larger ascomycetes of Bialowieza Forest<\/a><\/li>\n<li><a href=\"https:\/\/www.ptmyk.pl\/wp-content\/uploads\/2019\/09\/LOGOCEM.png\" target=\"_blank\" rel=\"noopener\">logo<\/a><\/li>\n<li><a href=\"https:\/\/www.ptmyk.pl\/wp-content\/uploads\/2019\/10\/2_Sprawozdanie_XVIII_CEM.pdf\" target=\"_blank\" rel=\"noopener\">sprawozdanie z Kongresu<\/a><\/li>\n<li><a href=\"https:\/\/www.ptmyk.pl\/wp-content\/uploads\/2019\/10\/1_Reporta\u017c-fotograficzny_XVIII_CEM.pdf\" target=\"_blank\" rel=\"noopener\">reporta\u017c fotograficzny<\/a><\/li>\n<\/ul>\n<p>6. Ulotka Polskiego Towarzystwa Mykologicznego [<a href=\"https:\/\/www.ptmyk.pl\/wp-content\/uploads\/2012\/07\/ulotkaPTMyk.pdf\" target=\"_blank\" rel=\"noopener\">pobierz plik pdf<\/a>].<\/p>\n<p>7. Katalog grzyb\u00f3w Roztocza [<a href=\"https:\/\/www.ptmyk.pl\/wp-content\/uploads\/2019\/05\/Annotated-Catalogue_2019.0002.pdf\">pobierz pliki pdf<\/a>].<\/p>\n<p>8. Ksi\u0105\u017cka abstrakt\u00f3w z konferencji &#8222;Polskie tradycje u\u017cytkowania grzyb\u00f3w oraz ich ochrony wk\u0142adem do europejskiego dziedzictwa kultury&#8221; [<a href=\"https:\/\/www.ptmyk.pl\/wp-content\/uploads\/2012\/07\/\u0141\u00f3d\u017a_abstrakty.pdf\" target=\"_blank\" rel=\"noopener\">pobierz plik pdf<\/a>].<\/p>\n<p>9. Plakat filmu &#8222;Tam, gdzie rosn\u0105 grzyby&#8221; Jasona Cortlunda [<a href=\"https:\/\/www.ptmyk.pl\/wp-content\/uploads\/2012\/10\/Tam-gdzie-rosn\u0105-grzyby.jpg\" target=\"_blank\" rel=\"noopener\">pobierz plik jpg<\/a>].<\/p>\n<p>10. Wywiad p. Marka Oramusa z dr. hab. prof. UMCS Krzysztofem Grzywnowiczem, opublikowany w numerze 10\/2012 &#8222;Wiedzy i \u017bycia&#8221; [<a href=\"https:\/\/www.ptmyk.pl\/wp-content\/uploads\/2012\/10\/wywiad_grzyby.pdf\" target=\"_blank\" rel=\"noopener\">pobierz plik pdf<\/a>], tak\u017ce w wersji pe\u0142nej [<a href=\"https:\/\/www.ptmyk.pl\/wp-content\/uploads\/2012\/10\/grzyw-pelny.pdf\" target=\"_blank\" rel=\"noopener\">pobierz plik pdf<\/a>].<\/p>\n<p>11. Decyzja Rady J\u0119zyka Polskiego przy Prezydium Polskiej Akademii Nauk [<a href=\"https:\/\/www.ptmyk.pl\/wp-content\/uploads\/2012\/07\/RJP_decyzja.pdf\" target=\"_blank\" rel=\"noopener\">pobierz plik pdf<\/a>].<\/p>\n<p>12. Plakat zach\u0119caj\u0105cy do udzia\u0142u w konkursie fotograficznym \u201c\u017bycie ukryte w drzewie \u2013 grzyby&#8221; [<a href=\"https:\/\/www.ptmyk.pl\/wp-content\/uploads\/2012\/07\/plakat-Zycie-ukryte-w-drzewie-A4.pdf\" target=\"_blank\" rel=\"noopener\">pobierz plakat w formacie A4<\/a>] lub [<a href=\"https:\/\/www.ptmyk.pl\/wp-content\/uploads\/2012\/07\/plakat-Zycie-ukryte-w-drzewie-A3.pdf\" target=\"_blank\" rel=\"noopener\">pobierz plakat w formacie A3<\/a>].<\/p>\n<p>13. Materia\u0142y edukacyjne do gry terenowej &#8222;GRZYBOWIDZENIE&#8221;, opracowanej w ramach projektu &#8222;\u017bycie ukryte w drzewie &#8211; grzyby&#8221;: a) wprowadzenie [<a href=\"https:\/\/www.ptmyk.pl\/wp-content\/uploads\/2012\/07\/grzybowidzenie_wej\u015bci\u00f3wka.pdf\" target=\"_blank\" rel=\"noopener\">pobierz plik pdf<\/a>] b) podsumowuj\u0105ce materia\u0142y edukacyjne [<a href=\"https:\/\/www.ptmyk.pl\/wp-content\/uploads\/2012\/07\/wyj\u015bci\u00f3wka_z\u0142o\u017cona_2.pdf\" target=\"_blank\" rel=\"noopener\">pobierz plik pdf<\/a>].<\/p>\n<p>14. Ksi\u0105\u017cka abstrakt\u00f3w z warsztat\u00f3w Polskiego Towarzystwa Mykologicznego, kt\u00f3re odby\u0142y si\u0119 w \u0141odzi i Spale w dniach 24-28 wrze\u015bnia 2014 (UWAGA! Numeracja stron jest inna ni\u017c w wersji drukowanej) [<a href=\"https:\/\/www.ptmyk.pl\/wp-content\/uploads\/2012\/07\/abstrakty-Grzyby-organizmy-kluczowe-dla-zycia-na-ziemi.pdf\" target=\"_blank\" rel=\"noopener\">pobierz plik pdf<\/a>]&nbsp; [<a href=\"https:\/\/www.ptmyk.pl\/wp-content\/uploads\/2012\/07\/1str_okladka-abstraktow-PTMyk.pdf\" target=\"_blank\" rel=\"noopener\">pobierz plik pdf z ok\u0142adk\u0105<\/a>].<\/p>\n<p>15. <a href=\"https:\/\/www.ptmyk.pl\/?page_id=454\">Materia\u0142y z Walnego Zgromadzenia cz\u0142onk\u00f3w Polskiego Towarzystwa Mykologicznego<\/a><\/p>\n<p>16. Stanowisko Zarz\u0105du Polskiego Towarzystwa Mykologicznego w sprawie plan\u00f3w intensyfikacji u\u017cytkowania r\u0119bnego Puszczy Bia\u0142owieskiej [<a href=\"https:\/\/www.ptmyk.pl\/wp-content\/uploads\/2013\/02\/pismo-do-ministra-ost.pdf\" target=\"_blank\" rel=\"noopener\">pobierz polik pdf<\/a>].<\/p>\n<p>17. <a href=\"https:\/\/www.ptmyk.pl\/?page_id=2269\" target=\"_blank\" rel=\"noopener\">Miedzioryty grzyb\u00f3w z 1830 roku<\/a><\/p>\n<p>18. Ksi\u0105\u017cka abstrakt\u00f3w z og\u00f3lnopolskiej konferencji mykologicznej dla student\u00f3w i doktorant\u00f3w &#8222;MycoRise Up! M\u0142odzi w mykologii&#8221;, kt\u00f3ra odby\u0142a si\u0119 w dniach 12-13 kwietnia 2019 roku w Spale [<a href=\"https:\/\/www.ptmyk.pl\/wp-content\/uploads\/2019\/11\/MycoRise-Up-2019_Ksiazka-abstraktow.pdf\" target=\"_blank\" rel=\"noopener\">pobierz plik pdf<\/a>].<\/p>\n<p>19. Ksi\u0105\u017cka abstrakt\u00f3w z og\u00f3lnopolskiej konferencji mykologicznej dla student\u00f3w i doktorant\u00f3w &#8222;MycoRise Up! M\u0142odzi w mykologii&#8221;, kt\u00f3ra odby\u0142a si\u0119 w dniach 23-25 kwietnia 2021 roku [<a href=\"https:\/\/www.ptmyk.pl\/wp-content\/uploads\/2021\/06\/Mycoriseup2021_ksiazka_abstraktow.pdf\">pobierz plik pdf<\/a>].<\/p>\n<p>20.&nbsp;Materia\u0142y z Og\u00f3lnopolskiej Konferencji Naukowej z okazji 10-lecia PTMyk:<\/p>\n<ul>\n<li><a href=\"https:\/\/www.ptmyk.pl\/?page_id=4735\">strona konferencji<\/a><\/li>\n<li><a href=\"https:\/\/www.ptmyk.pl\/wp-content\/uploads\/2022\/09\/Program.pdf\">program<\/a><\/li>\n<li><a href=\"https:\/\/www.ptmyk.pl\/wp-content\/uploads\/2022\/09\/Ksiazka-abstraktow-z-programem-warsztatow-i-sesji-tematycznych.pdf\">ksi\u0105\u017cka abstrakt\u00f3w<\/a><\/li>\n<li><a href=\"https:\/\/www.ptmyk.pl\/wp-content\/uploads\/2022\/12\/Sprawozdanie_10lecie_PTMyk.pdf\">sprawozdanie<\/a><\/li>\n<li><a href=\"https:\/\/drive.google.com\/drive\/u\/2\/folders\/1BRKF5JZMfpRw_etB0AwRwnZEGZmuUdic\">fotorelacja<\/a><\/li>\n<\/ul>\n\n\n<p>21. Ksi\u0105\u017cka abstrakt\u00f3w z og\u00f3lnopolskiej konferencji mykologicznej dla student\u00f3w i doktorant\u00f3w \u201eMycoRise Up! Youth in Mycology&#8221; 5<sup>th<\/sup>\u00a0edition, kt\u00f3ra odby\u0142a si\u0119 w dniach 25-26 maja 2024 roku [<a href=\"https:\/\/www.ptmyk.pl\/wp-content\/uploads\/2024\/07\/Book_of_abstracts_MycoRise-Up-2024_FINAL.pdf\" data-type=\"URL\" data-id=\"https:\/\/www.ptmyk.pl\/wp-content\/uploads\/2024\/07\/Book_of_abstracts_MycoRise-Up-2024_FINAL.pdf\">pobierz plik PDF<\/a>]<\/p>\n","protected":false},"excerpt":{"rendered":"<p>1. Deklaracja cz\u0142onkowska 2. Kurier miesi\u0119czny Polskiego Towarzystwa Mykologicznego 3. Wniosek o patronat Polskiego Towarzystwa Mykologicznego [pobierz plik docx] 4. Ksi\u0105\u017cka &#8222;Grzyby chronione Polski. Rozmieszczenie, zagro\u017cenia, rekomendacje ochronne&#8221; pod redakcj\u0105 Anny Kujawy, Ma\u0142gorzaty Ruszkiewicz-Michalskiej, Izabeli Ka\u0142uckiej [pobierz plik pdf na &hellip; <a href=\"https:\/\/www.ptmyk.pl\/?page_id=113\">Czytaj dalej <span class=\"meta-nav\">&rarr;<\/span><\/a><\/p>\n","protected":false},"author":1,"featured_media":0,"parent":0,"menu_order":0,"comment_status":"closed","ping_status":"closed","template":"","meta":{"footnotes":""},"class_list":["post-113","page","type-page","status-publish","hentry"],"_links":{"self":[{"href":"https:\/\/www.ptmyk.pl\/index.php?rest_route=\/wp\/v2\/pages\/113","targetHints":{"allow":["GET"]}}],"collection":[{"href":"https:\/\/www.ptmyk.pl\/index.php?rest_route=\/wp\/v2\/pages"}],"about":[{"href":"https:\/\/www.ptmyk.pl\/index.php?rest_route=\/wp\/v2\/types\/page"}],"author":[{"embeddable":true,"href":"https:\/\/www.ptmyk.pl\/index.php?rest_route=\/wp\/v2\/users\/1"}],"replies":[{"embeddable":true,"href":"https:\/\/www.ptmyk.pl\/index.php?rest_route=%2Fwp%2Fv2%2Fcomments&post=113"}],"version-history":[{"count":45,"href":"https:\/\/www.ptmyk.pl\/index.php?rest_route=\/wp\/v2\/pages\/113\/revisions"}],"predecessor-version":[{"id":5629,"href":"https:\/\/www.ptmyk.pl\/index.php?rest_route=\/wp\/v2\/pages\/113\/revisions\/5629"}],"wp:attachment":[{"href":"https:\/\/www.ptmyk.pl\/index.php?rest_route=%2Fwp%2Fv2%2Fmedia&parent=113"}],"curies":[{"name":"wp","href":"https:\/\/api.w.org\/{rel}","templated":true}]}}